{"id":194681,"date":"2025-12-23T22:10:42","date_gmt":"2025-12-23T19:10:42","guid":{"rendered":"https:\/\/baldumarket.lt\/product\/komoda-z-szafkami-i-szufladami-3d3s-torro\/"},"modified":"2026-03-23T16:12:45","modified_gmt":"2026-03-23T13:12:45","slug":"komoda-z-szafkami-i-szufladami-3d3s-torro","status":"publish","type":"product","link":"https:\/\/baldumarket.lt\/lt\/product\/komoda-z-szafkami-i-szufladami-3d3s-torro\/","title":{"rendered":"3D3S Torro komoda su spintel\u0117mis ir stal\u010diais"},"content":{"rendered":"<p>\u201eTorro\u201c kolekcija pasi\u017eymi unikaliu ir moderniu dizainu, tod\u0117l puikiai tinka bet kokiam interjerui, ne tik skandinavi\u0161kam.<br \/>\nSpecifikacijos:<br \/>\nKorpusas: E05 laminuota med\u017eio dro\u017eli\u0173 plok\u0161t\u0117, 16 mm storio + apvalios MDF juostel\u0117s \u0161onuose<br \/>\nKorpuso spalva: Kremonos \u0105\u017euolas + juoda<br \/>\nPriekin\u0117 dalis: E05 laminuota med\u017eio dro\u017eli\u0173 plok\u0161t\u0117, 16 mm storio<br \/>\nPriekin\u0117s dalies spalva: Kremonos \u0105\u017euolas<br \/>\nHDF: juoda<br \/>\nBriauna: ABS, atitinkanti lentos spalv\u0105<br \/>\nRankena: n\u0117ra, atidaroma spustel\u0117jus<br \/>\nVyriai: dvigubi, lygiagret\u016bs<br \/>\nStal\u010di\u0173 b\u0117geliai: rutuliniai guoliai, pilno i\u0161traukimo<br \/>\nHDF stal\u010di\u0173 b\u0117geliai: juodi<br \/>\nPapildoma informacija: Dekoratyvin\u0117 juoda MDF juostel\u0117 po stalvir\u0161iu, juodas cokolis (16 mm laminuota med\u017eio dro\u017eli\u0173 plok\u0161t\u0117 + apvali MDF juostel\u0117)<\/p>","protected":false},"excerpt":{"rendered":"<p>Plotis [cm] 163,2<br \/>\n\u016agis [cm] 82,9<br \/>\ngylis [cm] 38<\/p>","protected":false},"featured_media":194682,"comment_status":"open","ping_status":"open","template":"","meta":[],"product_brand":[],"product_cat":[9641,5570],"product_tag":[],"class_list":{"0":"post-194681","1":"product","2":"type-product","3":"status-publish","4":"has-post-thumbnail","6":"product_cat-furniture-system-muti-laski","7":"product_cat-laski-meble","9":"first","10":"instock","11":"purchasable","12":"product-type-simple"},"_links":{"self":[{"href":"https:\/\/baldumarket.lt\/lt\/wp-json\/wp\/v2\/product\/194681","targetHints":{"allow":["GET"]}}],"collection":[{"href":"https:\/\/baldumarket.lt\/lt\/wp-json\/wp\/v2\/product"}],"about":[{"href":"https:\/\/baldumarket.lt\/lt\/wp-json\/wp\/v2\/types\/product"}],"replies":[{"embeddable":true,"href":"https:\/\/baldumarket.lt\/lt\/wp-json\/wp\/v2\/comments?post=194681"}],"wp:featuredmedia":[{"embeddable":true,"href":"https:\/\/baldumarket.lt\/lt\/wp-json\/wp\/v2\/media\/194682"}],"wp:attachment":[{"href":"https:\/\/baldumarket.lt\/lt\/wp-json\/wp\/v2\/media?parent=194681"}],"wp:term":[{"taxonomy":"product_brand","embeddable":true,"href":"https:\/\/baldumarket.lt\/lt\/wp-json\/wp\/v2\/product_brand?post=194681"},{"taxonomy":"product_cat","embeddable":true,"href":"https:\/\/baldumarket.lt\/lt\/wp-json\/wp\/v2\/product_cat?post=194681"},{"taxonomy":"product_tag","embeddable":true,"href":"https:\/\/baldumarket.lt\/lt\/wp-json\/wp\/v2\/product_tag?post=194681"}],"curies":[{"name":"wp","href":"https:\/\/api.w.org\/{rel}","templated":true}]}}