{"id":194657,"date":"2025-12-23T22:09:40","date_gmt":"2025-12-23T19:09:40","guid":{"rendered":"https:\/\/baldumarket.lt\/product\/komoda-wysoka-muti-ryflowane-fronty-2d-kaszmir\/"},"modified":"2026-03-23T16:12:45","modified_gmt":"2026-03-23T13:12:45","slug":"komoda-wysoka-muti-ryflowane-fronty-2d-kaszmir","status":"publish","type":"product","link":"https:\/\/baldumarket.lt\/lt\/product\/komoda-wysoka-muti-ryflowane-fronty-2d-kaszmir\/","title":{"rendered":"Auk\u0161ta Muti komoda su 2D grioveliais fasaduose, ka\u0161myras"},"content":{"rendered":"<p>\u201eMuti\u201c kolekcija suteiks j\u016bs\u0173 kambariui stiliaus. Funkcionalumo ir dizaino derinys.<br \/>\nParametrai:<br \/>\nKorpusas: 18 mm grioveliais dengta MDF plok\u0161t\u0117 + 16 mm E05 laminuota med\u017eio dro\u017eli\u0173 plok\u0161t\u0117<br \/>\nKorpuso spalva: ka\u0161myras<br \/>\nPriekin\u0117 dalis: 18 mm grioveliais i\u0161klota MDF plok\u0161t\u0117<br \/>\nPriekin\u0117 spalva: ka\u0161myras<br \/>\nHDF: balta<br \/>\nBriauna: ABS, atitinkanti lentos spalv\u0105<br \/>\nRankena: n\u0117ra, atidaroma spustel\u0117jus<br \/>\nKojel\u0117s: metalas, ka\u0161myras<br \/>\nVyriai: dvigubi<br \/>\nStal\u010di\u0173 b\u0117geliai: su rutuliniais guoliais, pilno i\u0161traukimo<br \/>\nHDF stal\u010di\u0173 b\u0117geliai: balti<br \/>\nKomoda \u201eMulti\u201c turi keturias spinteles su lentynomis u\u017e j\u0173.<\/p>","protected":false},"excerpt":{"rendered":"<p>Plotis [cm] 98,6<br \/>\n\u016agis [cm] 123<br \/>\ngylis [cm] 39,8<\/p>","protected":false},"featured_media":194658,"comment_status":"open","ping_status":"open","template":"","meta":[],"product_brand":[],"product_cat":[9641,5570],"product_tag":[],"class_list":{"0":"post-194657","1":"product","2":"type-product","3":"status-publish","4":"has-post-thumbnail","6":"product_cat-furniture-system-muti-laski","7":"product_cat-laski-meble","9":"first","10":"instock","11":"purchasable","12":"product-type-simple"},"_links":{"self":[{"href":"https:\/\/baldumarket.lt\/lt\/wp-json\/wp\/v2\/product\/194657","targetHints":{"allow":["GET"]}}],"collection":[{"href":"https:\/\/baldumarket.lt\/lt\/wp-json\/wp\/v2\/product"}],"about":[{"href":"https:\/\/baldumarket.lt\/lt\/wp-json\/wp\/v2\/types\/product"}],"replies":[{"embeddable":true,"href":"https:\/\/baldumarket.lt\/lt\/wp-json\/wp\/v2\/comments?post=194657"}],"wp:featuredmedia":[{"embeddable":true,"href":"https:\/\/baldumarket.lt\/lt\/wp-json\/wp\/v2\/media\/194658"}],"wp:attachment":[{"href":"https:\/\/baldumarket.lt\/lt\/wp-json\/wp\/v2\/media?parent=194657"}],"wp:term":[{"taxonomy":"product_brand","embeddable":true,"href":"https:\/\/baldumarket.lt\/lt\/wp-json\/wp\/v2\/product_brand?post=194657"},{"taxonomy":"product_cat","embeddable":true,"href":"https:\/\/baldumarket.lt\/lt\/wp-json\/wp\/v2\/product_cat?post=194657"},{"taxonomy":"product_tag","embeddable":true,"href":"https:\/\/baldumarket.lt\/lt\/wp-json\/wp\/v2\/product_tag?post=194657"}],"curies":[{"name":"wp","href":"https:\/\/api.w.org\/{rel}","templated":true}]}}