{"id":194603,"date":"2025-12-23T22:07:50","date_gmt":"2025-12-23T19:07:50","guid":{"rendered":"https:\/\/baldumarket.lt\/product\/komoda-trojwymiarowa-3d\/"},"modified":"2026-03-23T16:12:52","modified_gmt":"2026-03-23T13:12:52","slug":"komoda-trojwymiarowa-3d","status":"publish","type":"product","link":"https:\/\/baldumarket.lt\/lt\/product\/komoda-trojwymiarowa-3d\/","title":{"rendered":"3D trimat\u0117s komodos"},"content":{"rendered":"<p>Kiekviena 3D sistemos dalis buvo kruop\u0161\u010diai sukurta atsi\u017evelgiant \u012f estetik\u0105 ir funkcionalum\u0105. Sistema i\u0161siskiria unikalia forma ir kruop\u0161\u010diai parinktomis spalvomis.<br \/>\nPapildoma informacija:<br \/>\nPriekin\u0117 dalis \/ Korpusas: E05 laminuota med\u017eio dro\u017eli\u0173 plok\u0161t\u0117: 16 mm<br \/>\nBriauna: ABS<br \/>\nRankena: atidarymo stumiant sistema<br \/>\nSpalva: balta + auksin\u0117 rankdarbi\u0173 \u0105\u017euolo<br \/>\n3D komoda \u2013 turi tris spinteles su lentynomis u\u017e fasad\u0173.<\/p>","protected":false},"excerpt":{"rendered":"<p>Plotis [cm] 110<br \/>\n\u016agis [cm] 133,5<br \/>\ngylis [cm] 45<\/p>","protected":false},"featured_media":194604,"comment_status":"open","ping_status":"open","template":"","meta":[],"product_brand":[],"product_cat":[9641,5570],"product_tag":[],"class_list":{"0":"post-194603","1":"product","2":"type-product","3":"status-publish","4":"has-post-thumbnail","6":"product_cat-furniture-system-muti-laski","7":"product_cat-laski-meble","9":"first","10":"instock","11":"purchasable","12":"product-type-simple"},"_links":{"self":[{"href":"https:\/\/baldumarket.lt\/lt\/wp-json\/wp\/v2\/product\/194603","targetHints":{"allow":["GET"]}}],"collection":[{"href":"https:\/\/baldumarket.lt\/lt\/wp-json\/wp\/v2\/product"}],"about":[{"href":"https:\/\/baldumarket.lt\/lt\/wp-json\/wp\/v2\/types\/product"}],"replies":[{"embeddable":true,"href":"https:\/\/baldumarket.lt\/lt\/wp-json\/wp\/v2\/comments?post=194603"}],"wp:featuredmedia":[{"embeddable":true,"href":"https:\/\/baldumarket.lt\/lt\/wp-json\/wp\/v2\/media\/194604"}],"wp:attachment":[{"href":"https:\/\/baldumarket.lt\/lt\/wp-json\/wp\/v2\/media?parent=194603"}],"wp:term":[{"taxonomy":"product_brand","embeddable":true,"href":"https:\/\/baldumarket.lt\/lt\/wp-json\/wp\/v2\/product_brand?post=194603"},{"taxonomy":"product_cat","embeddable":true,"href":"https:\/\/baldumarket.lt\/lt\/wp-json\/wp\/v2\/product_cat?post=194603"},{"taxonomy":"product_tag","embeddable":true,"href":"https:\/\/baldumarket.lt\/lt\/wp-json\/wp\/v2\/product_tag?post=194603"}],"curies":[{"name":"wp","href":"https:\/\/api.w.org\/{rel}","templated":true}]}}