{"id":194539,"date":"2025-12-23T22:06:06","date_gmt":"2025-12-23T19:06:06","guid":{"rendered":"https:\/\/baldumarket.lt\/product\/komoda-loftowa-przeszklona-z-szufladami-i-oswietleniem-lang-180\/"},"modified":"2026-03-23T16:12:59","modified_gmt":"2026-03-23T13:12:59","slug":"komoda-loftowa-przeszklona-z-szufladami-i-oswietleniem-lang-180","status":"publish","type":"product","link":"https:\/\/baldumarket.lt\/lt\/product\/komoda-loftowa-przeszklona-z-szufladami-i-oswietleniem-lang-180\/","title":{"rendered":"Lofto stiliaus stiklin\u0117 komoda su stal\u010diais ir ap\u0161vietimu Lang 180"},"content":{"rendered":"<p>Kiekvienas \u201eLang\u201c sistemos elementas yra kruop\u0161\u010diai sukurtas atsi\u017evelgiant \u012f estetik\u0105 ir funkcionalum\u0105. Sistema i\u0161siskiria unikalia forma ir kruop\u0161\u010diai parinktomis spalvomis.<br \/>\nParametrai:<br \/>\nKorpusas: E05 laminuota med\u017eio dro\u017eli\u0173 plok\u0161t\u0117, 16 mm<br \/>\nKorpuso spalva: juoda<br \/>\nPriekin\u0117 dalis: E05 laminuota med\u017eio dro\u017eli\u0173 plok\u0161t\u0117, 16 mm + 18 mm MDF r\u0117mas (gr\u016bdintas stiklas)<br \/>\nPriekin\u0117s dalies spalva: juodas r\u0117mas + \u201eEvoke Oak\u201c<br \/>\nHDF: juoda + \u201eEvoke Oak\u201c lentjuost\u0117s<br \/>\nApvadai: ABS, atitinkantys lentos spalv\u0105. \u0104\u017euolo \u012fkv\u0117pti fasadai<br \/>\nJuodas ABS<br \/>\nRankena: n\u0117ra, atidaroma spustel\u0117jus<br \/>\nKojel\u0117s: medin\u0117s, juodos<br \/>\nVyriai: perdengiami<br \/>\nStal\u010di\u0173 b\u0117geliai: su rutuliniais guoliais, pilno i\u0161traukimo<br \/>\nHDF stal\u010di\u0173 b\u0117geliai: juodi<br \/>\nLED ap\u0161vietimas: \u012ftrauktas (\u0161iltai baltas)<br \/>\nLang komoda \u2013 turi dvi stiklines spinteles su ap\u0161vietimu, groteli\u0173 fon\u0105 ir papildomus stal\u010dius.<\/p>","protected":false},"excerpt":{"rendered":"<p>Plotis [cm] 179,9<br \/>\n\u016agis [cm] 84,8<br \/>\ngylis [cm] 39,4<\/p>","protected":false},"featured_media":194540,"comment_status":"open","ping_status":"open","template":"","meta":[],"product_brand":[],"product_cat":[9654,5570],"product_tag":[],"class_list":{"0":"post-194539","1":"product","2":"type-product","3":"status-publish","4":"has-post-thumbnail","6":"product_cat-furniture-system-lang-laski","7":"product_cat-laski-meble","9":"first","10":"instock","11":"purchasable","12":"product-type-simple"},"_links":{"self":[{"href":"https:\/\/baldumarket.lt\/lt\/wp-json\/wp\/v2\/product\/194539","targetHints":{"allow":["GET"]}}],"collection":[{"href":"https:\/\/baldumarket.lt\/lt\/wp-json\/wp\/v2\/product"}],"about":[{"href":"https:\/\/baldumarket.lt\/lt\/wp-json\/wp\/v2\/types\/product"}],"replies":[{"embeddable":true,"href":"https:\/\/baldumarket.lt\/lt\/wp-json\/wp\/v2\/comments?post=194539"}],"wp:featuredmedia":[{"embeddable":true,"href":"https:\/\/baldumarket.lt\/lt\/wp-json\/wp\/v2\/media\/194540"}],"wp:attachment":[{"href":"https:\/\/baldumarket.lt\/lt\/wp-json\/wp\/v2\/media?parent=194539"}],"wp:term":[{"taxonomy":"product_brand","embeddable":true,"href":"https:\/\/baldumarket.lt\/lt\/wp-json\/wp\/v2\/product_brand?post=194539"},{"taxonomy":"product_cat","embeddable":true,"href":"https:\/\/baldumarket.lt\/lt\/wp-json\/wp\/v2\/product_cat?post=194539"},{"taxonomy":"product_tag","embeddable":true,"href":"https:\/\/baldumarket.lt\/lt\/wp-json\/wp\/v2\/product_tag?post=194539"}],"curies":[{"name":"wp","href":"https:\/\/api.w.org\/{rel}","templated":true}]}}