{"id":194527,"date":"2025-12-23T22:05:31","date_gmt":"2025-12-23T19:05:31","guid":{"rendered":"https:\/\/baldumarket.lt\/product\/komoda-link-140-2d4s\/"},"modified":"2026-03-23T16:13:06","modified_gmt":"2026-03-23T13:13:06","slug":"komoda-link-140-2d4s","status":"publish","type":"product","link":"https:\/\/baldumarket.lt\/lt\/product\/komoda-link-140-2d4s\/","title":{"rendered":"Komoda \u201eLink 140 2D4S\u201c su stal\u010diais"},"content":{"rendered":"<p>LINK bald\u0173 sistema yra \u012fdomus sprendimas bet kokiam madingam ir funkcionaliam miegamajam, taip pat svetainei, jaunimo kambariui ar valgomajam. Kolekcijos universalumas ypa\u010d vertas d\u0117mesio, nes joje yra platus \u012fvairi\u0173 element\u0173 asortimentas.<br \/>\nPagaminta i\u0161:<br \/>\nAuk\u0161tos kokyb\u0117s laminuota plok\u0161t\u0117 su 3D strukt\u016bra, atspari \u012fbr\u0117\u017eimams, dr\u0117gmei ir auk\u0161tai temperat\u016brai<br \/>\nMDF juostel\u0117s<br \/>\nKra\u0161tai apdirbti patvaresne ABS fanera, kuri yra atsparesn\u0117 kasdieniam naudojimui<br \/>\nFrezuoti fasadai<br \/>\nHDF galin\u0117 plok\u0161t\u0117 tos pa\u010dios spalvos kaip ir baldai<br \/>\nRankenos pagamintos i\u0161 auk\u0161tos kokyb\u0117s plastiko<\/p>","protected":false},"excerpt":{"rendered":"<p>Plotis [cm] 140<br \/>\n\u016agis [cm] 86,5<br \/>\ngylis [cm] 42<\/p>","protected":false},"featured_media":330750,"comment_status":"open","ping_status":"closed","template":"","meta":[],"product_brand":[],"product_cat":[9638,5570],"product_tag":[],"class_list":{"0":"post-194527","1":"product","2":"type-product","3":"status-publish","4":"has-post-thumbnail","6":"product_cat-furniture-system-link-laski","7":"product_cat-laski-meble","9":"first","10":"instock","11":"purchasable","12":"product-type-simple"},"_links":{"self":[{"href":"https:\/\/baldumarket.lt\/lt\/wp-json\/wp\/v2\/product\/194527","targetHints":{"allow":["GET"]}}],"collection":[{"href":"https:\/\/baldumarket.lt\/lt\/wp-json\/wp\/v2\/product"}],"about":[{"href":"https:\/\/baldumarket.lt\/lt\/wp-json\/wp\/v2\/types\/product"}],"replies":[{"embeddable":true,"href":"https:\/\/baldumarket.lt\/lt\/wp-json\/wp\/v2\/comments?post=194527"}],"wp:featuredmedia":[{"embeddable":true,"href":"https:\/\/baldumarket.lt\/lt\/wp-json\/wp\/v2\/media\/330750"}],"wp:attachment":[{"href":"https:\/\/baldumarket.lt\/lt\/wp-json\/wp\/v2\/media?parent=194527"}],"wp:term":[{"taxonomy":"product_brand","embeddable":true,"href":"https:\/\/baldumarket.lt\/lt\/wp-json\/wp\/v2\/product_brand?post=194527"},{"taxonomy":"product_cat","embeddable":true,"href":"https:\/\/baldumarket.lt\/lt\/wp-json\/wp\/v2\/product_cat?post=194527"},{"taxonomy":"product_tag","embeddable":true,"href":"https:\/\/baldumarket.lt\/lt\/wp-json\/wp\/v2\/product_tag?post=194527"}],"curies":[{"name":"wp","href":"https:\/\/api.w.org\/{rel}","templated":true}]}}