{"id":194523,"date":"2025-12-23T22:05:17","date_gmt":"2025-12-23T19:05:17","guid":{"rendered":"https:\/\/baldumarket.lt\/product\/komoda-link-120-3d\/"},"modified":"2026-05-01T07:08:27","modified_gmt":"2026-05-01T04:08:27","slug":"komoda-link-120-3d","status":"publish","type":"product","link":"https:\/\/baldumarket.lt\/lt\/product\/komoda-link-120-3d\/","title":{"rendered":"Nuoroda 120 3D komoda su stal\u010diais"},"content":{"rendered":"<p>LINK bald\u0173 sistema yra \u012fdomus sprendimas bet kokiam madingam ir funkcionaliam miegamajam, taip pat svetainei, jaunimo kambariui ar valgomajam. Kolekcijos universalumas ypa\u010d vertas d\u0117mesio, nes joje yra platus \u012fvairi\u0173 element\u0173 asortimentas.<br \/>\nPagaminta i\u0161:<br \/>\nAuk\u0161tos kokyb\u0117s laminuota plok\u0161t\u0117 su 3D strukt\u016bra, atspari \u012fbr\u0117\u017eimams, dr\u0117gmei ir auk\u0161tai temperat\u016brai<br \/>\nMDF juostel\u0117s<br \/>\nKra\u0161tai apdirbti patvaresne ABS fanera, kuri yra atsparesn\u0117 kasdieniam naudojimui<br \/>\nFrezuoti fasadai<br \/>\nGr\u016bdinto stiklo priekin\u0117 dalis<br \/>\nStiklin\u0117 lentyna<br \/>\nHDF galin\u0117 plok\u0161t\u0117 tos pa\u010dios spalvos kaip ir baldai<br \/>\nRankenos pagamintos i\u0161 auk\u0161tos kokyb\u0117s plastiko<br \/>\nLED ap\u0161vietimas u\u017e papildom\u0105 mokest\u012f, pasirinkus galimas parinktis \u2013 ap\u0161vietimo spalva: \u0161iltai balta<\/p>","protected":false},"excerpt":{"rendered":"<p>Plotis [cm] 120<br \/>\n\u016agis [cm] 86,5<br \/>\ngylis [cm] 42<\/p>","protected":false},"featured_media":330751,"comment_status":"open","ping_status":"closed","template":"","meta":[],"product_brand":[],"product_cat":[9641,1173,5570],"product_tag":[],"class_list":{"0":"post-194523","1":"product","2":"type-product","3":"status-publish","4":"has-post-thumbnail","6":"product_cat-furniture-system-muti-laski","7":"product_cat-chests-of-drawers","8":"product_cat-laski-meble","10":"first","11":"instock","12":"purchasable","13":"product-type-simple"},"_links":{"self":[{"href":"https:\/\/baldumarket.lt\/lt\/wp-json\/wp\/v2\/product\/194523","targetHints":{"allow":["GET"]}}],"collection":[{"href":"https:\/\/baldumarket.lt\/lt\/wp-json\/wp\/v2\/product"}],"about":[{"href":"https:\/\/baldumarket.lt\/lt\/wp-json\/wp\/v2\/types\/product"}],"replies":[{"embeddable":true,"href":"https:\/\/baldumarket.lt\/lt\/wp-json\/wp\/v2\/comments?post=194523"}],"wp:featuredmedia":[{"embeddable":true,"href":"https:\/\/baldumarket.lt\/lt\/wp-json\/wp\/v2\/media\/330751"}],"wp:attachment":[{"href":"https:\/\/baldumarket.lt\/lt\/wp-json\/wp\/v2\/media?parent=194523"}],"wp:term":[{"taxonomy":"product_brand","embeddable":true,"href":"https:\/\/baldumarket.lt\/lt\/wp-json\/wp\/v2\/product_brand?post=194523"},{"taxonomy":"product_cat","embeddable":true,"href":"https:\/\/baldumarket.lt\/lt\/wp-json\/wp\/v2\/product_cat?post=194523"},{"taxonomy":"product_tag","embeddable":true,"href":"https:\/\/baldumarket.lt\/lt\/wp-json\/wp\/v2\/product_tag?post=194523"}],"curies":[{"name":"wp","href":"https:\/\/api.w.org\/{rel}","templated":true}]}}