{"id":194445,"date":"2025-12-23T22:02:33","date_gmt":"2025-12-23T19:02:33","guid":{"rendered":"https:\/\/baldumarket.lt\/product\/komoda-arco-138-d4s\/"},"modified":"2026-03-23T16:13:13","modified_gmt":"2026-03-23T13:13:13","slug":"komoda-arco-138-d4s","status":"publish","type":"product","link":"https:\/\/baldumarket.lt\/lt\/product\/komoda-arco-138-d4s\/","title":{"rendered":"Arco 138 D4S komoda su stal\u010diais"},"content":{"rendered":"<p>Kiekvienas \u201eArco\u201c sistemos elementas yra kruop\u0161\u010diai sukurtas atsi\u017evelgiant \u012f estetik\u0105 ir funkcionalum\u0105. Sistema i\u0161siskiria unikalia forma ir kruop\u0161\u010diai parinktomis spalvomis.<br \/>\nPapildoma informacija:<br \/>\nBaldai pagaminti i\u0161 16 mm laminuotos plok\u0161t\u0117s.<br \/>\nKra\u0161tai apdirbti patvariu ABS luk\u0161tu, atspariu kasdieniam d\u0117v\u0117jimuisi.<br \/>\nSpalvos:<br \/>\nBalta + an\u016bko \u0105\u017euolas + blizgi balta<\/p>","protected":false},"excerpt":{"rendered":"<p>Plotis [cm] 138,2<br \/>\n\u016agis [cm] 90,5<br \/>\ngylis [cm] 40<\/p>","protected":false},"featured_media":194446,"comment_status":"open","ping_status":"open","template":"","meta":[],"product_brand":[],"product_cat":[9649,5570],"product_tag":[],"class_list":{"0":"post-194445","1":"product","2":"type-product","3":"status-publish","4":"has-post-thumbnail","6":"product_cat-furniture-system-arco-laski","7":"product_cat-laski-meble","9":"first","10":"instock","11":"purchasable","12":"product-type-simple"},"_links":{"self":[{"href":"https:\/\/baldumarket.lt\/lt\/wp-json\/wp\/v2\/product\/194445","targetHints":{"allow":["GET"]}}],"collection":[{"href":"https:\/\/baldumarket.lt\/lt\/wp-json\/wp\/v2\/product"}],"about":[{"href":"https:\/\/baldumarket.lt\/lt\/wp-json\/wp\/v2\/types\/product"}],"replies":[{"embeddable":true,"href":"https:\/\/baldumarket.lt\/lt\/wp-json\/wp\/v2\/comments?post=194445"}],"wp:featuredmedia":[{"embeddable":true,"href":"https:\/\/baldumarket.lt\/lt\/wp-json\/wp\/v2\/media\/194446"}],"wp:attachment":[{"href":"https:\/\/baldumarket.lt\/lt\/wp-json\/wp\/v2\/media?parent=194445"}],"wp:term":[{"taxonomy":"product_brand","embeddable":true,"href":"https:\/\/baldumarket.lt\/lt\/wp-json\/wp\/v2\/product_brand?post=194445"},{"taxonomy":"product_cat","embeddable":true,"href":"https:\/\/baldumarket.lt\/lt\/wp-json\/wp\/v2\/product_cat?post=194445"},{"taxonomy":"product_tag","embeddable":true,"href":"https:\/\/baldumarket.lt\/lt\/wp-json\/wp\/v2\/product_tag?post=194445"}],"curies":[{"name":"wp","href":"https:\/\/api.w.org\/{rel}","templated":true}]}}