{"id":194442,"date":"2025-12-23T22:02:23","date_gmt":"2025-12-23T19:02:23","guid":{"rendered":"https:\/\/baldumarket.lt\/product\/komoda-alva-antracyt\/"},"modified":"2026-03-23T16:13:13","modified_gmt":"2026-03-23T13:13:13","slug":"komoda-alva-antracyt","status":"publish","type":"product","link":"https:\/\/baldumarket.lt\/lt\/product\/komoda-alva-antracyt\/","title":{"rendered":"Alva antracito spalvos komoda"},"content":{"rendered":"<p>\u201eAlva\u201c indauja pasi\u017eymi minimalistiniu dizainu, kuriame atsispindi naujausios dizaino tendencijos, tod\u0117l galite sukurti nuostabi\u0105 svetain\u0117s erdv\u0119.<br \/>\nPapildoma informacija:<br \/>\nKorpusas ir priekin\u0117 dalis: 16 mm storio laminuota plok\u0161t\u0117 Grandson \u0105\u017euolo ir antracito spalvos, atspari dr\u0117gmei ir \u012fbr\u0117\u017eimams<br \/>\nTelevizoriaus priekis tvirtinamas prie metalinio kreiptuvo, kad b\u016bt\u0173 lengva atidaryti<br \/>\nABS dengtas kra\u0161tas<br \/>\nKojel\u0117s: plastikin\u0117 apdaila<br \/>\nAtidarymo sistema be ranken\u0117li\u0173<br \/>\nPapildomas LFL LED ap\u0161vietimas \u0161onin\u0117je spintel\u0117je \u2013 ap\u0161vietimo spalva: \u0161altai balta<\/p>","protected":false},"excerpt":{"rendered":"<p>Plotis [cm] 155<br \/>\n\u016agis [cm] 93,5<br \/>\ngylis [cm] 30\u201340<\/p>","protected":false},"featured_media":194443,"comment_status":"open","ping_status":"open","template":"","meta":[],"product_brand":[],"product_cat":[9651,5570],"product_tag":[],"class_list":{"0":"post-194442","1":"product","2":"type-product","3":"status-publish","4":"has-post-thumbnail","6":"product_cat-furniture-system-alva-laski","7":"product_cat-laski-meble","9":"first","10":"instock","11":"purchasable","12":"product-type-simple"},"_links":{"self":[{"href":"https:\/\/baldumarket.lt\/lt\/wp-json\/wp\/v2\/product\/194442","targetHints":{"allow":["GET"]}}],"collection":[{"href":"https:\/\/baldumarket.lt\/lt\/wp-json\/wp\/v2\/product"}],"about":[{"href":"https:\/\/baldumarket.lt\/lt\/wp-json\/wp\/v2\/types\/product"}],"replies":[{"embeddable":true,"href":"https:\/\/baldumarket.lt\/lt\/wp-json\/wp\/v2\/comments?post=194442"}],"wp:featuredmedia":[{"embeddable":true,"href":"https:\/\/baldumarket.lt\/lt\/wp-json\/wp\/v2\/media\/194443"}],"wp:attachment":[{"href":"https:\/\/baldumarket.lt\/lt\/wp-json\/wp\/v2\/media?parent=194442"}],"wp:term":[{"taxonomy":"product_brand","embeddable":true,"href":"https:\/\/baldumarket.lt\/lt\/wp-json\/wp\/v2\/product_brand?post=194442"},{"taxonomy":"product_cat","embeddable":true,"href":"https:\/\/baldumarket.lt\/lt\/wp-json\/wp\/v2\/product_cat?post=194442"},{"taxonomy":"product_tag","embeddable":true,"href":"https:\/\/baldumarket.lt\/lt\/wp-json\/wp\/v2\/product_tag?post=194442"}],"curies":[{"name":"wp","href":"https:\/\/api.w.org\/{rel}","templated":true}]}}