{"id":194436,"date":"2025-12-23T22:02:00","date_gmt":"2025-12-23T19:02:00","guid":{"rendered":"https:\/\/baldumarket.lt\/product\/komoda-93-xelo\/"},"modified":"2026-03-23T16:13:13","modified_gmt":"2026-03-23T13:13:13","slug":"komoda-93-xelo","status":"publish","type":"product","link":"https:\/\/baldumarket.lt\/lt\/product\/komoda-93-xelo\/","title":{"rendered":"Komoda 93 Xelo"},"content":{"rendered":"<p>\u201eXELO\u201c kolekcija \u2013 tai puik\u016bs baldai, skirti sukurti tobul\u0105 erdv\u0119 miegui ir poilsiui. Raminanti balta spalv\u0173 gama kartu su nat\u016braliu \u0105\u017euolu sukurs magi\u0161k\u0105 atmosfer\u0105 bet kuriame miegamajame.<br \/>\nSpalvos:<br \/>\nAuksinis amat\u0173 \u0105\u017euolas \/ balta<\/p>","protected":false},"excerpt":{"rendered":"<p>Plotis [cm] 92,6<br \/>\n\u016agis [cm] 90<br \/>\ngylis [cm] 40,5<\/p>","protected":false},"featured_media":194437,"comment_status":"open","ping_status":"open","template":"","meta":[],"product_brand":[],"product_cat":[9659,5570],"product_tag":[],"class_list":{"0":"post-194436","1":"product","2":"type-product","3":"status-publish","4":"has-post-thumbnail","6":"product_cat-furniture-system-xelo-laski","7":"product_cat-laski-meble","9":"first","10":"instock","11":"purchasable","12":"product-type-simple"},"_links":{"self":[{"href":"https:\/\/baldumarket.lt\/lt\/wp-json\/wp\/v2\/product\/194436","targetHints":{"allow":["GET"]}}],"collection":[{"href":"https:\/\/baldumarket.lt\/lt\/wp-json\/wp\/v2\/product"}],"about":[{"href":"https:\/\/baldumarket.lt\/lt\/wp-json\/wp\/v2\/types\/product"}],"replies":[{"embeddable":true,"href":"https:\/\/baldumarket.lt\/lt\/wp-json\/wp\/v2\/comments?post=194436"}],"wp:featuredmedia":[{"embeddable":true,"href":"https:\/\/baldumarket.lt\/lt\/wp-json\/wp\/v2\/media\/194437"}],"wp:attachment":[{"href":"https:\/\/baldumarket.lt\/lt\/wp-json\/wp\/v2\/media?parent=194436"}],"wp:term":[{"taxonomy":"product_brand","embeddable":true,"href":"https:\/\/baldumarket.lt\/lt\/wp-json\/wp\/v2\/product_brand?post=194436"},{"taxonomy":"product_cat","embeddable":true,"href":"https:\/\/baldumarket.lt\/lt\/wp-json\/wp\/v2\/product_cat?post=194436"},{"taxonomy":"product_tag","embeddable":true,"href":"https:\/\/baldumarket.lt\/lt\/wp-json\/wp\/v2\/product_tag?post=194436"}],"curies":[{"name":"wp","href":"https:\/\/api.w.org\/{rel}","templated":true}]}}