{"id":194425,"date":"2025-12-23T22:01:32","date_gmt":"2025-12-23T19:01:32","guid":{"rendered":"https:\/\/baldumarket.lt\/product\/komoda-3d-trojwymiarowa-2d4s\/"},"modified":"2026-03-23T16:13:20","modified_gmt":"2026-03-23T13:13:20","slug":"komoda-3d-trojwymiarowa-2d4s","status":"publish","type":"product","link":"https:\/\/baldumarket.lt\/lt\/product\/komoda-3d-trojwymiarowa-2d4s\/","title":{"rendered":"3D trimatis komoda 2D4S"},"content":{"rendered":"<p>Kiekviena 3D sistemos dalis buvo kruop\u0161\u010diai sukurta atsi\u017evelgiant \u012f estetik\u0105 ir funkcionalum\u0105. Sistema i\u0161siskiria unikalia forma ir kruop\u0161\u010diai parinktomis spalvomis.<br \/>\nPapildoma informacija:<br \/>\nPriekin\u0117 dalis \/ Korpusas: E05 laminuota med\u017eio dro\u017eli\u0173 plok\u0161t\u0117: 16 mm<br \/>\nBriauna: ABS<br \/>\nRankena: atidarymo stumiant sistema<br \/>\nSpalva: balta + auksin\u0117 rankdarbi\u0173 \u0105\u017euolo<br \/>\n3D komoda \u2013 turi dvi spinteles su lentynomis ir keturis stal\u010dius.<\/p>","protected":false},"excerpt":{"rendered":"<p>Plotis [cm] 160<br \/>\n\u016agis [cm] 93,5<br \/>\ngylis [cm] 45<\/p>","protected":false},"featured_media":194426,"comment_status":"open","ping_status":"open","template":"","meta":[],"product_brand":[],"product_cat":[9641,5570],"product_tag":[],"class_list":{"0":"post-194425","1":"product","2":"type-product","3":"status-publish","4":"has-post-thumbnail","6":"product_cat-furniture-system-muti-laski","7":"product_cat-laski-meble","9":"first","10":"instock","11":"purchasable","12":"product-type-simple"},"_links":{"self":[{"href":"https:\/\/baldumarket.lt\/lt\/wp-json\/wp\/v2\/product\/194425","targetHints":{"allow":["GET"]}}],"collection":[{"href":"https:\/\/baldumarket.lt\/lt\/wp-json\/wp\/v2\/product"}],"about":[{"href":"https:\/\/baldumarket.lt\/lt\/wp-json\/wp\/v2\/types\/product"}],"replies":[{"embeddable":true,"href":"https:\/\/baldumarket.lt\/lt\/wp-json\/wp\/v2\/comments?post=194425"}],"wp:featuredmedia":[{"embeddable":true,"href":"https:\/\/baldumarket.lt\/lt\/wp-json\/wp\/v2\/media\/194426"}],"wp:attachment":[{"href":"https:\/\/baldumarket.lt\/lt\/wp-json\/wp\/v2\/media?parent=194425"}],"wp:term":[{"taxonomy":"product_brand","embeddable":true,"href":"https:\/\/baldumarket.lt\/lt\/wp-json\/wp\/v2\/product_brand?post=194425"},{"taxonomy":"product_cat","embeddable":true,"href":"https:\/\/baldumarket.lt\/lt\/wp-json\/wp\/v2\/product_cat?post=194425"},{"taxonomy":"product_tag","embeddable":true,"href":"https:\/\/baldumarket.lt\/lt\/wp-json\/wp\/v2\/product_tag?post=194425"}],"curies":[{"name":"wp","href":"https:\/\/api.w.org\/{rel}","templated":true}]}}