{"id":194415,"date":"2025-12-23T22:01:03","date_gmt":"2025-12-23T19:01:03","guid":{"rendered":"https:\/\/baldumarket.lt\/product\/komoda-2d3s-madis\/"},"modified":"2026-03-23T16:13:20","modified_gmt":"2026-03-23T13:13:20","slug":"komoda-2d3s-madis","status":"publish","type":"product","link":"https:\/\/baldumarket.lt\/lt\/product\/komoda-2d3s-madis\/","title":{"rendered":"2D3S Madis komoda su stal\u010diais"},"content":{"rendered":"<p>\u201eMadis\u201c kolekcija pasi\u017eymi unikaliu ir moderniu dizainu, tod\u0117l puikiai tinka bet kokiam interjerui.<br \/>\nPapildoma informacija:<br \/>\nPriekin\u0117 dalis \/ Korpusas: E05 laminuota med\u017eio dro\u017eli\u0173 plok\u0161t\u0117, 16 mm<br \/>\nBriauna: ABS<br \/>\nRankena: ZnAl, matin\u0117 juoda<br \/>\nKoja: metalin\u0117, juoda<br \/>\nPapildoma informacija: MDF juostel\u0117, LED (neb\u016btina)<br \/>\nSpalva: Artisan \u0105\u017euolas + antracito juoda<\/p>","protected":false},"excerpt":{"rendered":"<p>Plotis [cm] 138,1<br \/>\n\u016agis [cm] 82,2<br \/>\ngylis [cm] 40<\/p>","protected":false},"featured_media":194416,"comment_status":"open","ping_status":"open","template":"","meta":[],"product_brand":[],"product_cat":[9644,5570],"product_tag":[],"class_list":{"0":"post-194415","1":"product","2":"type-product","3":"status-publish","4":"has-post-thumbnail","6":"product_cat-furniture-system-madis-laski","7":"product_cat-laski-meble","9":"first","10":"instock","11":"purchasable","12":"product-type-simple"},"_links":{"self":[{"href":"https:\/\/baldumarket.lt\/lt\/wp-json\/wp\/v2\/product\/194415","targetHints":{"allow":["GET"]}}],"collection":[{"href":"https:\/\/baldumarket.lt\/lt\/wp-json\/wp\/v2\/product"}],"about":[{"href":"https:\/\/baldumarket.lt\/lt\/wp-json\/wp\/v2\/types\/product"}],"replies":[{"embeddable":true,"href":"https:\/\/baldumarket.lt\/lt\/wp-json\/wp\/v2\/comments?post=194415"}],"wp:featuredmedia":[{"embeddable":true,"href":"https:\/\/baldumarket.lt\/lt\/wp-json\/wp\/v2\/media\/194416"}],"wp:attachment":[{"href":"https:\/\/baldumarket.lt\/lt\/wp-json\/wp\/v2\/media?parent=194415"}],"wp:term":[{"taxonomy":"product_brand","embeddable":true,"href":"https:\/\/baldumarket.lt\/lt\/wp-json\/wp\/v2\/product_brand?post=194415"},{"taxonomy":"product_cat","embeddable":true,"href":"https:\/\/baldumarket.lt\/lt\/wp-json\/wp\/v2\/product_cat?post=194415"},{"taxonomy":"product_tag","embeddable":true,"href":"https:\/\/baldumarket.lt\/lt\/wp-json\/wp\/v2\/product_tag?post=194415"}],"curies":[{"name":"wp","href":"https:\/\/api.w.org\/{rel}","templated":true}]}}