{"id":194377,"date":"2025-12-23T21:59:19","date_gmt":"2025-12-23T18:59:19","guid":{"rendered":"https:\/\/baldumarket.lt\/product\/biurko-teo-grafitowe\/"},"modified":"2026-03-23T16:13:27","modified_gmt":"2026-03-23T13:13:27","slug":"biurko-teo-grafitowe","status":"publish","type":"product","link":"https:\/\/baldumarket.lt\/lt\/product\/biurko-teo-grafitowe\/","title":{"rendered":"Teo grafito stalas"},"content":{"rendered":"<p>TEO \/ stalas<br \/>\nFunkcinis stalas \u2013 puiki vieta mokytis ir dirbti.<br \/>\nSpalva:<br \/>\n\u2013 grafitas<br \/>\nUniversalus stalas \u2013 gali b\u016bti montuojamas de\u0161in\u0117je arba kair\u0117je pus\u0117je.<\/p>","protected":false},"excerpt":{"rendered":"<p>Plotis [cm] 138,2<br \/>\n\u016agis [cm] 76<br \/>\ngylis [cm] 50,4\u2013110,2<\/p>","protected":false},"featured_media":194378,"comment_status":"open","ping_status":"open","template":"","meta":[],"product_brand":[],"product_cat":[1312,5570],"product_tag":[],"class_list":{"0":"post-194377","1":"product","2":"type-product","3":"status-publish","4":"has-post-thumbnail","6":"product_cat-desks","7":"product_cat-laski-meble","9":"first","10":"instock","11":"purchasable","12":"product-type-simple"},"_links":{"self":[{"href":"https:\/\/baldumarket.lt\/lt\/wp-json\/wp\/v2\/product\/194377","targetHints":{"allow":["GET"]}}],"collection":[{"href":"https:\/\/baldumarket.lt\/lt\/wp-json\/wp\/v2\/product"}],"about":[{"href":"https:\/\/baldumarket.lt\/lt\/wp-json\/wp\/v2\/types\/product"}],"replies":[{"embeddable":true,"href":"https:\/\/baldumarket.lt\/lt\/wp-json\/wp\/v2\/comments?post=194377"}],"wp:featuredmedia":[{"embeddable":true,"href":"https:\/\/baldumarket.lt\/lt\/wp-json\/wp\/v2\/media\/194378"}],"wp:attachment":[{"href":"https:\/\/baldumarket.lt\/lt\/wp-json\/wp\/v2\/media?parent=194377"}],"wp:term":[{"taxonomy":"product_brand","embeddable":true,"href":"https:\/\/baldumarket.lt\/lt\/wp-json\/wp\/v2\/product_brand?post=194377"},{"taxonomy":"product_cat","embeddable":true,"href":"https:\/\/baldumarket.lt\/lt\/wp-json\/wp\/v2\/product_cat?post=194377"},{"taxonomy":"product_tag","embeddable":true,"href":"https:\/\/baldumarket.lt\/lt\/wp-json\/wp\/v2\/product_tag?post=194377"}],"curies":[{"name":"wp","href":"https:\/\/api.w.org\/{rel}","templated":true}]}}