{"id":194348,"date":"2025-12-23T21:58:17","date_gmt":"2025-12-23T18:58:17","guid":{"rendered":"https:\/\/baldumarket.lt\/product\/bezowa-komoda-z-szufladami-138-6s-dast\/"},"modified":"2026-03-23T16:13:27","modified_gmt":"2026-03-23T13:13:27","slug":"bezowa-komoda-z-szufladami-138-6s-dast","status":"publish","type":"product","link":"https:\/\/baldumarket.lt\/lt\/product\/bezowa-komoda-z-szufladami-138-6s-dast\/","title":{"rendered":"Sm\u0117lio spalvos komoda 138 6S Dast"},"content":{"rendered":"<p>\u201eDast\u201c kolekcija pasi\u017eymi unikaliu ir moderniu dizainu, tod\u0117l puikiai tinka bet kokiam interjerui, ne tik prabangiam.<br \/>\nSpecifikacijos:<br \/>\nKorpusas: E05 laminuota med\u017eio dro\u017eli\u0173 plok\u0161t\u0117, 16 mm<br \/>\nKorpuso spalva: sm\u0117lio spalvos<br \/>\nPriekin\u0117 dalis: E05 laminuota med\u017eio dro\u017eli\u0173 plok\u0161t\u0117, 16 mm<br \/>\nPriekin\u0117 spalva: sm\u0117lio spalvos<br \/>\nHDF: balta<br \/>\nApvadas: ABS, atitinkantis lentos spalv\u0105<br \/>\nRankena: n\u0117ra, atidaroma spustel\u0117jus<br \/>\nKojel\u0117s: metalin\u0117s, juodos<br \/>\nVyriai: \u012fleid\u017eiami \/ dvigubi<br \/>\nStal\u010di\u0173 b\u0117geliai: su rutuliniais guoliais, pilno i\u0161traukimo<br \/>\nHDF stal\u010diai: balti<br \/>\nLED ap\u0161vietimas: pasirinktinai<br \/>\nPapildoma informacija: lovos laikymo vieta, apmu\u0161tas galv\u016bgalis<br \/>\nKomoda \u201eDast\u201c \u2013 su \u0161e\u0161iais stal\u010diais, pasirinktinai galimas ap\u0161vietimas.<\/p>","protected":false},"excerpt":{"rendered":"<p>Plotis [cm] 137,3<br \/>\n\u016agis [cm] 81,4<br \/>\ngylis [cm] 39,5<\/p>","protected":false},"featured_media":194349,"comment_status":"open","ping_status":"open","template":"","meta":[],"product_brand":[],"product_cat":[9660,5570],"product_tag":[],"class_list":{"0":"post-194348","1":"product","2":"type-product","3":"status-publish","4":"has-post-thumbnail","6":"product_cat-furniture-system-dast-laski","7":"product_cat-laski-meble","9":"first","10":"instock","11":"purchasable","12":"product-type-simple"},"_links":{"self":[{"href":"https:\/\/baldumarket.lt\/lt\/wp-json\/wp\/v2\/product\/194348","targetHints":{"allow":["GET"]}}],"collection":[{"href":"https:\/\/baldumarket.lt\/lt\/wp-json\/wp\/v2\/product"}],"about":[{"href":"https:\/\/baldumarket.lt\/lt\/wp-json\/wp\/v2\/types\/product"}],"replies":[{"embeddable":true,"href":"https:\/\/baldumarket.lt\/lt\/wp-json\/wp\/v2\/comments?post=194348"}],"wp:featuredmedia":[{"embeddable":true,"href":"https:\/\/baldumarket.lt\/lt\/wp-json\/wp\/v2\/media\/194349"}],"wp:attachment":[{"href":"https:\/\/baldumarket.lt\/lt\/wp-json\/wp\/v2\/media?parent=194348"}],"wp:term":[{"taxonomy":"product_brand","embeddable":true,"href":"https:\/\/baldumarket.lt\/lt\/wp-json\/wp\/v2\/product_brand?post=194348"},{"taxonomy":"product_cat","embeddable":true,"href":"https:\/\/baldumarket.lt\/lt\/wp-json\/wp\/v2\/product_cat?post=194348"},{"taxonomy":"product_tag","embeddable":true,"href":"https:\/\/baldumarket.lt\/lt\/wp-json\/wp\/v2\/product_tag?post=194348"}],"curies":[{"name":"wp","href":"https:\/\/api.w.org\/{rel}","templated":true}]}}