{"id":192723,"date":"2025-12-23T14:13:26","date_gmt":"2025-12-23T11:13:26","guid":{"rendered":"https:\/\/baldumarket.lt\/product\/stol-xenon-lux-160256x89-bialy-polysk-rozkladany\/"},"modified":"2026-02-14T12:39:04","modified_gmt":"2026-02-14T09:39:04","slug":"stol-xenon-lux-160256x89-bialy-polysk-rozkladany","status":"publish","type":"product","link":"https:\/\/baldumarket.lt\/lt\/product\/stol-xenon-lux-160256x89-bialy-polysk-rozkladany\/","title":{"rendered":"XENON LUX stalas 160(256)x89 baltas blizgus i\u0161traukiamas"},"content":{"rendered":"<p>Modernus, Lenkijoje pagamintas XENON LUX stalas<br \/>\n\u201eXENON LUX\u201c stalas \u2013 tai dizainerio valgomojo stalas, sukurtas pagal populiar\u0173j\u012f \u201eXENON\u201c stalo model\u012f. \u0160is stalas pasi\u017eymi X formos kojel\u0117mis \u2013 i\u0161skirtiniu \u0161io modelio bruo\u017eu. \u0160is Lenkijoje pagamintas stalas bus ne tik dekoratyvus modernios svetain\u0117s papildymas, bet ir funkcionalus nam\u0173 baldas. Stalas pagamintas i\u0161 auk\u0161tos kokyb\u0117s MDF plok\u0161t\u0117s, padengtos blizgiu akriliniu kilim\u0117liu, sukurian\u010diu veidrodin\u012f efekt\u0105. Lenta pasi\u017eymi padidintu atsparumu \u012fbr\u0117\u017eimams ir UV spinduliams. Stalas turi du prailginimus, leid\u017eian\u010dius greitai ir lengvai prailginti stalvir\u0161\u012f. D\u0117l sinchronini\u0173 rutulini\u0173 guoli\u0173 b\u0117geli\u0173 stal\u0105 galima lengvai prailginti vienu judesiu. Pagrindinis stalo privalumas yra tai, kad prailginimus galima laikyti tiesiai po stalvir\u0161iu. I\u0161traukiamas baltos spalvos \u201eXENON LUX\u201c stalas puikiai atrodys moderniame ar prabangiame valgomajame, suteikdamas \u0161eimai ir sve\u010diams viet\u0105 dalintis maistu ar pabendrauti prie stalo. Produkto savyb\u0117s<br \/>\nLenki\u0161kas produktas,<br \/>\nstalas pagamintas i\u0161 baltos MDF plok\u0161t\u0117s, padengtos blizgiu akriliniu kilim\u0117liu,<br \/>\ni\u0161traukiamas stalvir\u0161is su dviem \u012fd\u0117klais, pasl\u0117ptais po stalvir\u0161iu,<br \/>\napr\u016bpintas sinchroniniais rutuliniais guoliais,<br \/>\nsavaranki\u0161kam surinkimui,<br \/>\nSi\u016blome plat\u0173 bald\u0173 pasirinkim\u0105, leid\u017eiant\u012f pilnai \u012frengti namus.<\/p>","protected":false},"excerpt":{"rendered":"<p>MATMENYS<br \/>\nIlgis \u2013 [cm] 160<br \/>\nIlgis i\u0161skleidus \u2013 [cm] 256<br \/>\nPlotis \u2013 [cm] 89<br \/>\n\u016agis \u2013 [cm] 75<br \/>\nSTATYBA<br \/>\nStalo tipas \u2013 i\u0161skleid\u017eiamas<br \/>\nPrat\u0119simo b\u016bdas \u2013 prailginamas<br \/>\nVir\u0161utin\u0117 forma \u2013 sta\u010diakamp\u0117<br \/>\nVir\u0161utinio tipo \u2013 laminuotas MDF<br \/>\nVir\u0161utin\u0117 spalva \u2013 blizgi balta<br \/>\nKojeli\u0173 tipas \u2013 laminuotas MDF<br \/>\nKoj\u0173 spalva \u2013 blizgi balta<br \/>\nSvoris \u2013 [kg] 98<\/p>","protected":false},"featured_media":192724,"comment_status":"open","ping_status":"open","template":"","meta":[],"product_brand":[],"product_cat":[9625,4774,1934],"product_tag":[],"class_list":{"0":"post-192723","1":"product","2":"type-product","3":"status-publish","4":"has-post-thumbnail","6":"product_cat-table-xenon-lux-hubertus","7":"product_cat-hubertus-design","8":"product_cat-tables","10":"first","11":"instock","12":"purchasable","13":"product-type-simple"},"_links":{"self":[{"href":"https:\/\/baldumarket.lt\/lt\/wp-json\/wp\/v2\/product\/192723","targetHints":{"allow":["GET"]}}],"collection":[{"href":"https:\/\/baldumarket.lt\/lt\/wp-json\/wp\/v2\/product"}],"about":[{"href":"https:\/\/baldumarket.lt\/lt\/wp-json\/wp\/v2\/types\/product"}],"replies":[{"embeddable":true,"href":"https:\/\/baldumarket.lt\/lt\/wp-json\/wp\/v2\/comments?post=192723"}],"wp:featuredmedia":[{"embeddable":true,"href":"https:\/\/baldumarket.lt\/lt\/wp-json\/wp\/v2\/media\/192724"}],"wp:attachment":[{"href":"https:\/\/baldumarket.lt\/lt\/wp-json\/wp\/v2\/media?parent=192723"}],"wp:term":[{"taxonomy":"product_brand","embeddable":true,"href":"https:\/\/baldumarket.lt\/lt\/wp-json\/wp\/v2\/product_brand?post=192723"},{"taxonomy":"product_cat","embeddable":true,"href":"https:\/\/baldumarket.lt\/lt\/wp-json\/wp\/v2\/product_cat?post=192723"},{"taxonomy":"product_tag","embeddable":true,"href":"https:\/\/baldumarket.lt\/lt\/wp-json\/wp\/v2\/product_tag?post=192723"}],"curies":[{"name":"wp","href":"https:\/\/api.w.org\/{rel}","templated":true}]}}