{"id":192721,"date":"2025-12-23T14:13:07","date_gmt":"2025-12-23T11:13:07","guid":{"rendered":"https:\/\/baldumarket.lt\/product\/stol-xenon-lux-160256x89-bialy-polysk-czarny-polysk-rozkladany\/"},"modified":"2026-02-14T12:39:04","modified_gmt":"2026-02-14T09:39:04","slug":"stol-xenon-lux-160256x89-bialy-polysk-czarny-polysk-rozkladany","status":"publish","type":"product","link":"https:\/\/baldumarket.lt\/lt\/product\/stol-xenon-lux-160256x89-bialy-polysk-czarny-polysk-rozkladany\/","title":{"rendered":"XENON LUX stalas 160(256)x89 blizgiai baltas\/blizgiai juodas, i\u0161traukiamas"},"content":{"rendered":"<p>XENON LUX stalas su i\u0161traukiamais \u012fd\u0117klais po stalvir\u0161iu<br \/>\n\u201eXENON LUX\u201c stalas \u2013 tai auk\u0161tos kokyb\u0117s, Lenkijoje pagamintas \u201eHUBERTUS\u201c baldas. Gamintojas savo gaminiams naudoja savo paties pagamintas lentas, pasi\u017eymin\u010dias auk\u0161\u010diausia kokybe ir patvarumu. \u0160is modernus valgomojo stalas pagamintas i\u0161 MDF plok\u0161t\u0117s, padengtos akriliniu kilim\u0117liu, tod\u0117l yra blizgus ir veidrodin\u012f pavir\u0161i\u0173 turintis. Lenta pasi\u017eymi padidintu atsparumu \u012fbr\u0117\u017eimams ir UV spinduliams. I\u0161skirtinis \u0161io stalo modelio bruo\u017eas \u2013 dvigubos X formos kojel\u0117s. Stalvir\u0161is ir pagrindas yra balti, o apatin\u0117 stalvir\u0161io ir koj\u0173 pus\u0117 \u2013 juodos. I\u0161traukiamas \u201eXENON LUX\u201c stalo stalvir\u0161is leid\u017eia greitai ir lengvai j\u012f i\u0161pl\u0117sti, o atvykus sve\u010diams prie jo galima lengvai prid\u0117ti papildom\u0173 k\u0117d\u017ei\u0173. Stalas turi du \u012fd\u0117klus, kurie laikomi tiesiai po stalvir\u0161iu, tod\u0117l nereikia r\u016bpintis specialia daiktad\u0117\u017ee. \u0160is dizainerio blizgus stalas puikiai papildys modern\u0173 svetain\u0117s ar valgomojo interjer\u0105. Produkto savyb\u0117s<br \/>\nLenki\u0161kas produktas,<br \/>\nstalas pagamintas i\u0161 MDF plok\u0161t\u0117s, padengtos blizgiu akriliniu kilim\u0117liu,<br \/>\ni\u0161traukiamas stalvir\u0161is su dviem \u012fd\u0117klais, pasl\u0117ptais po stalvir\u0161iu,<br \/>\napr\u016bpintas sinchroniniais rutuliniais guoliais,<br \/>\nsavaranki\u0161kam surinkimui,<br \/>\nSi\u016blome plat\u0173 bald\u0173 pasirinkim\u0105, leid\u017eiant\u012f pilnai \u012frengti namus.<\/p>","protected":false},"excerpt":{"rendered":"<p>MATMENYS<br \/>\nIlgis \u2013 [cm] 160<br \/>\nIlgis i\u0161skleidus \u2013 [cm] 256<br \/>\nPlotis \u2013 [cm] 89<br \/>\n\u016agis \u2013 [cm] 75<br \/>\nSTATYBA<br \/>\nStalo tipas \u2013 i\u0161skleid\u017eiamas<br \/>\nPrat\u0119simo b\u016bdas \u2013 prailginamas<br \/>\nVir\u0161utin\u0117 forma \u2013 sta\u010diakamp\u0117<br \/>\nVir\u0161utinio tipo \u2013 laminuotas MDF<br \/>\nVir\u0161utin\u0117 spalva \u2013 blizgi balta \/ blizgi juoda<br \/>\nKojeli\u0173 tipas \u2013 laminuotas MDF<br \/>\nKoj\u0173 spalva \u2013 blizgi balta\/blizgi juoda<br \/>\nSvoris \u2013 [kg] 98<\/p>","protected":false},"featured_media":192722,"comment_status":"open","ping_status":"open","template":"","meta":[],"product_brand":[],"product_cat":[9625,4774,1934],"product_tag":[],"class_list":{"0":"post-192721","1":"product","2":"type-product","3":"status-publish","4":"has-post-thumbnail","6":"product_cat-table-xenon-lux-hubertus","7":"product_cat-hubertus-design","8":"product_cat-tables","10":"first","11":"instock","12":"purchasable","13":"product-type-simple"},"_links":{"self":[{"href":"https:\/\/baldumarket.lt\/lt\/wp-json\/wp\/v2\/product\/192721","targetHints":{"allow":["GET"]}}],"collection":[{"href":"https:\/\/baldumarket.lt\/lt\/wp-json\/wp\/v2\/product"}],"about":[{"href":"https:\/\/baldumarket.lt\/lt\/wp-json\/wp\/v2\/types\/product"}],"replies":[{"embeddable":true,"href":"https:\/\/baldumarket.lt\/lt\/wp-json\/wp\/v2\/comments?post=192721"}],"wp:featuredmedia":[{"embeddable":true,"href":"https:\/\/baldumarket.lt\/lt\/wp-json\/wp\/v2\/media\/192722"}],"wp:attachment":[{"href":"https:\/\/baldumarket.lt\/lt\/wp-json\/wp\/v2\/media?parent=192721"}],"wp:term":[{"taxonomy":"product_brand","embeddable":true,"href":"https:\/\/baldumarket.lt\/lt\/wp-json\/wp\/v2\/product_brand?post=192721"},{"taxonomy":"product_cat","embeddable":true,"href":"https:\/\/baldumarket.lt\/lt\/wp-json\/wp\/v2\/product_cat?post=192721"},{"taxonomy":"product_tag","embeddable":true,"href":"https:\/\/baldumarket.lt\/lt\/wp-json\/wp\/v2\/product_tag?post=192721"}],"curies":[{"name":"wp","href":"https:\/\/api.w.org\/{rel}","templated":true}]}}