{"id":192717,"date":"2025-12-23T14:12:44","date_gmt":"2025-12-23T11:12:44","guid":{"rendered":"https:\/\/baldumarket.lt\/product\/stol-xenon-lux-160256x89-czarny-polysk-bialy-polysk-rozkladany\/"},"modified":"2026-02-14T12:38:54","modified_gmt":"2026-02-14T09:38:54","slug":"stol-xenon-lux-160256x89-czarny-polysk-bialy-polysk-rozkladany","status":"publish","type":"product","link":"https:\/\/baldumarket.lt\/lt\/product\/stol-xenon-lux-160256x89-czarny-polysk-bialy-polysk-rozkladany\/","title":{"rendered":"XENON LUX stalas 160(256)x89 blizgi juoda\/blizgi balta, i\u0161traukiamas"},"content":{"rendered":"<p>Didelis XENON LUX blizgus stalas<br \/>\n\u201eXENON LUX\u201c stalas skirtas tiems, kurie ie\u0161ko dizainerio stalo su auk\u0161tos kokyb\u0117s apdaila, u\u017etikrinan\u010diu stulbinant\u012f bald\u0105. \u0160is funkcionalus valgomojo stalas yra i\u0161skleid\u017eiamas, tod\u0117l j\u012f galima naudoti sulankstyt\u0105 kasdieniam naudojimui, o i\u0161skleid\u017eiam\u0105 \u2013 tik \u0161vent\u0117ms ar ypatingoms progoms. Stalas turi sinchroninius rutulinius guolius, tod\u0117l jie juda skland\u017eiai, o i\u0161skleid\u017eiant vien\u0105 stalo pus\u0119, i\u0161skleid\u017eiama ir kita. \u0160is Lenkijoje pagamintas stalas turi du \u012fd\u0117klus, kurie laikomi po stalvir\u0161iu. \u201eXENON LUX\u201c stalas pagamintas i\u0161 auk\u0161tos kokyb\u0117s MDF plok\u0161t\u0117s, padengtos akriliniu kilim\u0117liu, suteikian\u010diu jam blizg\u0173 pavir\u0161i\u0173, pana\u0161\u0173 \u012f veidrod\u012f. \u0160i lenta pasi\u017eymi padidintu atsparumu \u012fbr\u0117\u017eimams ir UV spinduliams. \u0160is i\u0161skleid\u017eiamas stalas turi juod\u0105 stalvir\u0161\u012f ir pagrind\u0105, o kojos ir apatin\u0117 stalvir\u0161io dalis \u2013 baltos. Produkto savyb\u0117s<br \/>\nLenki\u0161kas produktas,<br \/>\nstalas pagamintas i\u0161 MDF plok\u0161t\u0117s, padengtos blizgiu akriliniu kilim\u0117liu,<br \/>\ni\u0161traukiamas stalvir\u0161is su dviem \u012fd\u0117klais, pasl\u0117ptais po stalvir\u0161iu,<br \/>\napr\u016bpintas sinchroniniais rutuliniais guoliais,<br \/>\nsavaranki\u0161kam surinkimui,<br \/>\nSi\u016blome plat\u0173 bald\u0173 pasirinkim\u0105, leid\u017eiant\u012f pilnai \u012frengti namus.<\/p>","protected":false},"excerpt":{"rendered":"<p>MATMENYS<br \/>\nIlgis \u2013 [cm] 160<br \/>\nIlgis i\u0161skleidus \u2013 [cm] 256<br \/>\nPlotis \u2013 [cm] 89<br \/>\n\u016agis \u2013 [cm] 75<br \/>\nSTATYBA<br \/>\nStalo tipas \u2013 i\u0161skleid\u017eiamas<br \/>\nPrat\u0119simo b\u016bdas \u2013 prailginamas<br \/>\nVir\u0161utin\u0117 forma \u2013 sta\u010diakamp\u0117<br \/>\nVir\u0161utinio tipo \u2013 laminuotas MDF<br \/>\nVir\u0161utin\u0117 spalva \u2013 blizgi juoda \/ blizgi balta<br \/>\nKojeli\u0173 tipas \u2013 laminuotas MDF<br \/>\nKojeli\u0173 spalva \u2013 blizgi juoda \/ blizgi balta<br \/>\nSvoris \u2013 [kg] 98<\/p>","protected":false},"featured_media":192718,"comment_status":"open","ping_status":"open","template":"","meta":[],"product_brand":[],"product_cat":[9625,4774,1934],"product_tag":[],"class_list":{"0":"post-192717","1":"product","2":"type-product","3":"status-publish","4":"has-post-thumbnail","6":"product_cat-table-xenon-lux-hubertus","7":"product_cat-hubertus-design","8":"product_cat-tables","10":"first","11":"instock","12":"purchasable","13":"product-type-simple"},"_links":{"self":[{"href":"https:\/\/baldumarket.lt\/lt\/wp-json\/wp\/v2\/product\/192717","targetHints":{"allow":["GET"]}}],"collection":[{"href":"https:\/\/baldumarket.lt\/lt\/wp-json\/wp\/v2\/product"}],"about":[{"href":"https:\/\/baldumarket.lt\/lt\/wp-json\/wp\/v2\/types\/product"}],"replies":[{"embeddable":true,"href":"https:\/\/baldumarket.lt\/lt\/wp-json\/wp\/v2\/comments?post=192717"}],"wp:featuredmedia":[{"embeddable":true,"href":"https:\/\/baldumarket.lt\/lt\/wp-json\/wp\/v2\/media\/192718"}],"wp:attachment":[{"href":"https:\/\/baldumarket.lt\/lt\/wp-json\/wp\/v2\/media?parent=192717"}],"wp:term":[{"taxonomy":"product_brand","embeddable":true,"href":"https:\/\/baldumarket.lt\/lt\/wp-json\/wp\/v2\/product_brand?post=192717"},{"taxonomy":"product_cat","embeddable":true,"href":"https:\/\/baldumarket.lt\/lt\/wp-json\/wp\/v2\/product_cat?post=192717"},{"taxonomy":"product_tag","embeddable":true,"href":"https:\/\/baldumarket.lt\/lt\/wp-json\/wp\/v2\/product_tag?post=192717"}],"curies":[{"name":"wp","href":"https:\/\/api.w.org\/{rel}","templated":true}]}}