{"id":192713,"date":"2025-12-23T14:12:33","date_gmt":"2025-12-23T11:12:33","guid":{"rendered":"https:\/\/baldumarket.lt\/product\/stol-xenon-lux-160256x89-czarny-polysk-bialy-polysk-mix-rozkladany\/"},"modified":"2026-02-14T12:38:54","modified_gmt":"2026-02-14T09:38:54","slug":"stol-xenon-lux-160256x89-czarny-polysk-bialy-polysk-mix-rozkladany","status":"publish","type":"product","link":"https:\/\/baldumarket.lt\/lt\/product\/stol-xenon-lux-160256x89-czarny-polysk-bialy-polysk-mix-rozkladany\/","title":{"rendered":"XENON LUX stalas 160(256)x89 blizgios juodos\/blizgios baltos spalvos mi\u0161inio i\u0161traukiamas"},"content":{"rendered":"<p>XENON LUX i\u0161skleid\u017eiamas valgomojo stalas<br \/>\n\u201eXENON LUX\u201c stalas sukurtas pagal populiar\u0173j\u012f \u201eXENON\u201c stalo model\u012f. I\u0161skirtinis jo bruo\u017eas \u2013 X formos pagrindas. \u0160is modernus stalas taps unikaliu j\u016bs\u0173 svetain\u0117s ar valgomojo dekoro akcentu, pagerindamas bendr\u0105 vaizd\u0105. Stalas pagamintas i\u0161 \u201eHUBERTUS\u201c itin blizgios MDF plok\u0161t\u0117s. Plok\u0161t\u0117 padengta akriliniu kilim\u0117liu, sukurian\u010diu blizgant\u012f veidrod\u017eio efekt\u0105. \u0160i med\u017eiaga yra atsparesn\u0117 \u012fbr\u0117\u017eimams ir UV spinduliams. Stalo spalv\u0173 gama \u2013 tai madingos ir nesenstan\u010dios juodos bei baltos spalv\u0173 derinys. \u201eXENON LUX\u201c i\u0161traukiamas stalas po stalvir\u0161iu turi du \u012fd\u0117klus. \u0160\u012f dizainerio sukurt\u0105 stal\u0105 labai lengva i\u0161traukti d\u0117l sinchronini\u0173 rutulini\u0173 guoli\u0173 b\u0117geli\u0173. \u0160ie b\u0117geliai leid\u017eia traukti stalvir\u0161\u012f i\u0161 vienos pus\u0117s, o tuo pa\u010diu metu i\u0161traukti kit\u0105 pus\u0119. Produkto savyb\u0117s<br \/>\nLenki\u0161kas produktas,<br \/>\nstalas pagamintas i\u0161 MDF plok\u0161t\u0117s, padengtos blizgiu akriliniu kilim\u0117liu,<br \/>\ni\u0161traukiamas stalvir\u0161is su dviem \u012fd\u0117klais, pasl\u0117ptais po stalvir\u0161iu,<br \/>\napr\u016bpintas sinchroniniais rutuliniais guoliais,<br \/>\nsavaranki\u0161kam surinkimui,<br \/>\nSi\u016blome plat\u0173 bald\u0173 pasirinkim\u0105, leid\u017eiant\u012f pilnai \u012frengti namus.<\/p>","protected":false},"excerpt":{"rendered":"<p>MATMENYS<br \/>\nIlgis \u2013 [cm] 160<br \/>\nIlgis i\u0161skleidus \u2013 [cm] 256<br \/>\nPlotis \u2013 [cm] 89<br \/>\n\u016agis \u2013 [cm] 75<br \/>\nSTATYBA<br \/>\nStalo tipas \u2013 i\u0161skleid\u017eiamas<br \/>\nPrat\u0119simo b\u016bdas \u2013 prailginamas<br \/>\nVir\u0161utin\u0117 forma \u2013 sta\u010diakamp\u0117<br \/>\nVir\u0161utinio tipo \u2013 laminuotas MDF<br \/>\nVir\u0161utin\u0117 spalva \u2013 blizgi juoda \/ blizgi balta<br \/>\nKojeli\u0173 tipas \u2013 laminuotas MDF<br \/>\nKojeli\u0173 spalva \u2013 blizgi juoda \/ blizgi balta<br \/>\nSvoris \u2013 [kg] 98<\/p>","protected":false},"featured_media":192714,"comment_status":"open","ping_status":"open","template":"","meta":[],"product_brand":[],"product_cat":[9625,4774,1934],"product_tag":[],"class_list":{"0":"post-192713","1":"product","2":"type-product","3":"status-publish","4":"has-post-thumbnail","6":"product_cat-table-xenon-lux-hubertus","7":"product_cat-hubertus-design","8":"product_cat-tables","10":"first","11":"instock","12":"purchasable","13":"product-type-simple"},"_links":{"self":[{"href":"https:\/\/baldumarket.lt\/lt\/wp-json\/wp\/v2\/product\/192713","targetHints":{"allow":["GET"]}}],"collection":[{"href":"https:\/\/baldumarket.lt\/lt\/wp-json\/wp\/v2\/product"}],"about":[{"href":"https:\/\/baldumarket.lt\/lt\/wp-json\/wp\/v2\/types\/product"}],"replies":[{"embeddable":true,"href":"https:\/\/baldumarket.lt\/lt\/wp-json\/wp\/v2\/comments?post=192713"}],"wp:featuredmedia":[{"embeddable":true,"href":"https:\/\/baldumarket.lt\/lt\/wp-json\/wp\/v2\/media\/192714"}],"wp:attachment":[{"href":"https:\/\/baldumarket.lt\/lt\/wp-json\/wp\/v2\/media?parent=192713"}],"wp:term":[{"taxonomy":"product_brand","embeddable":true,"href":"https:\/\/baldumarket.lt\/lt\/wp-json\/wp\/v2\/product_brand?post=192713"},{"taxonomy":"product_cat","embeddable":true,"href":"https:\/\/baldumarket.lt\/lt\/wp-json\/wp\/v2\/product_cat?post=192713"},{"taxonomy":"product_tag","embeddable":true,"href":"https:\/\/baldumarket.lt\/lt\/wp-json\/wp\/v2\/product_tag?post=192713"}],"curies":[{"name":"wp","href":"https:\/\/api.w.org\/{rel}","templated":true}]}}