{"id":192711,"date":"2025-12-23T14:12:24","date_gmt":"2025-12-23T11:12:24","guid":{"rendered":"https:\/\/baldumarket.lt\/product\/stol-xenon-lux-160256x89-szary-polysk-bialy-polysk-rozkladany\/"},"modified":"2026-02-14T12:38:54","modified_gmt":"2026-02-14T09:38:54","slug":"stol-xenon-lux-160256x89-szary-polysk-bialy-polysk-rozkladany","status":"publish","type":"product","link":"https:\/\/baldumarket.lt\/lt\/product\/stol-xenon-lux-160256x89-szary-polysk-bialy-polysk-rozkladany\/","title":{"rendered":"XENON LUX stalas 160(256)x89 blizgi pilka\/blizgi balta, i\u0161traukiamas"},"content":{"rendered":"<p>Lenki\u0161kas XENON LUX stalas su sinchroniniais b\u0117geliais<br \/>\n\u201eXENON LUX\u201c stalas, madingos pilkos ir baltos spalv\u0173 gamos, puikiai papildys modern\u0173 svetain\u0117s interjer\u0105. Stalo vir\u0161us ir pagrindas yra pilki, o kojos ir pagrindas \u2013 balti. \u0160is modernus stalas pagamintas i\u0161 auk\u0161tos kokyb\u0117s MDF plok\u0161t\u0117s, padengtos akriliniu kilim\u0117liu, kuris suteikia jai blizgan\u010di\u0105, veidrodin\u0119 apdail\u0105. Plok\u0161t\u0117 yra padidinto atsparumo \u012fbr\u0117\u017eimams ir UV spinduliams. Stalas turi sinchroninius rutulinius guolius, tod\u0117l stalo i\u0161pl\u0117timas yra labai paprastas. Tiesiog patraukite stalvir\u0161\u012f i\u0161 vienos pus\u0117s, ir kita prad\u0117s pl\u0117stis vienu metu. Stalas turi du prailginimus, kurie laikomi po stalvir\u0161iu. Dizainerio \u201eXENON LUX\u201c stal\u0105 galima naudoti sulankstytas kasdieniam naudojimui, suteikiant vietos \u0161eimos pietums. Ta\u010diau atvykus sve\u010diams, stal\u0105 galima prailginti ir prid\u0117ti papildom\u0173 k\u0117d\u017ei\u0173. Produkto savyb\u0117s<br \/>\nLenki\u0161kas produktas,<br \/>\nstalas pagamintas i\u0161 MDF plok\u0161t\u0117s, padengtos blizgiu akriliniu kilim\u0117liu,<br \/>\ni\u0161traukiamas stalvir\u0161is su dviem \u012fd\u0117klais, pasl\u0117ptais po stalvir\u0161iu,<br \/>\napr\u016bpintas sinchroniniais rutuliniais guoliais,<br \/>\nsavaranki\u0161kam surinkimui,<br \/>\nSi\u016blome plat\u0173 bald\u0173 pasirinkim\u0105, leid\u017eiant\u012f pilnai \u012frengti namus.<\/p>","protected":false},"excerpt":{"rendered":"<p>MATMENYS<br \/>\nIlgis \u2013 [cm] 160<br \/>\nIlgis i\u0161skleidus \u2013 [cm] 256<br \/>\nPlotis \u2013 [cm] 89<br \/>\n\u016agis \u2013 [cm] 75<br \/>\nSTATYBA<br \/>\nStalo tipas \u2013 i\u0161skleid\u017eiamas<br \/>\nPrat\u0119simo b\u016bdas \u2013 prailginamas<br \/>\nVir\u0161utin\u0117 forma \u2013 sta\u010diakamp\u0117<br \/>\nVir\u0161utinio tipo \u2013 laminuotas MDF<br \/>\nVir\u0161utin\u0117 spalva \u2013 blizgi pilka \/ blizgi balta<br \/>\nKojeli\u0173 tipas \u2013 laminuotas MDF<br \/>\nKoj\u0173 spalva \u2013 blizgi pilka \/ blizgi balta<br \/>\nSvoris \u2013 [kg] 98<\/p>","protected":false},"featured_media":192712,"comment_status":"open","ping_status":"open","template":"","meta":[],"product_brand":[],"product_cat":[9625,4774,1934],"product_tag":[],"class_list":{"0":"post-192711","1":"product","2":"type-product","3":"status-publish","4":"has-post-thumbnail","6":"product_cat-table-xenon-lux-hubertus","7":"product_cat-hubertus-design","8":"product_cat-tables","10":"first","11":"instock","12":"purchasable","13":"product-type-simple"},"_links":{"self":[{"href":"https:\/\/baldumarket.lt\/lt\/wp-json\/wp\/v2\/product\/192711","targetHints":{"allow":["GET"]}}],"collection":[{"href":"https:\/\/baldumarket.lt\/lt\/wp-json\/wp\/v2\/product"}],"about":[{"href":"https:\/\/baldumarket.lt\/lt\/wp-json\/wp\/v2\/types\/product"}],"replies":[{"embeddable":true,"href":"https:\/\/baldumarket.lt\/lt\/wp-json\/wp\/v2\/comments?post=192711"}],"wp:featuredmedia":[{"embeddable":true,"href":"https:\/\/baldumarket.lt\/lt\/wp-json\/wp\/v2\/media\/192712"}],"wp:attachment":[{"href":"https:\/\/baldumarket.lt\/lt\/wp-json\/wp\/v2\/media?parent=192711"}],"wp:term":[{"taxonomy":"product_brand","embeddable":true,"href":"https:\/\/baldumarket.lt\/lt\/wp-json\/wp\/v2\/product_brand?post=192711"},{"taxonomy":"product_cat","embeddable":true,"href":"https:\/\/baldumarket.lt\/lt\/wp-json\/wp\/v2\/product_cat?post=192711"},{"taxonomy":"product_tag","embeddable":true,"href":"https:\/\/baldumarket.lt\/lt\/wp-json\/wp\/v2\/product_tag?post=192711"}],"curies":[{"name":"wp","href":"https:\/\/api.w.org\/{rel}","templated":true}]}}