{"id":192709,"date":"2025-12-23T14:12:10","date_gmt":"2025-12-23T11:12:10","guid":{"rendered":"https:\/\/baldumarket.lt\/product\/stol-xenon-lux-160256x89-szary-polysk-bialy-polysk-mix-rozkladany\/"},"modified":"2026-02-14T12:38:54","modified_gmt":"2026-02-14T09:38:54","slug":"stol-xenon-lux-160256x89-szary-polysk-bialy-polysk-mix-rozkladany","status":"publish","type":"product","link":"https:\/\/baldumarket.lt\/lt\/product\/stol-xenon-lux-160256x89-szary-polysk-bialy-polysk-mix-rozkladany\/","title":{"rendered":"XENON LUX stalas 160(256)x89 blizgios pilkos\/blizgios baltos spalvos mi\u0161inio i\u0161traukiamas"},"content":{"rendered":"<p>Didelis XENON LUX i\u0161traukiamas stalas 10 \u017emoni\u0173<br \/>\n\u201eXENON LUX\u201c stalas \u2013 tai modernaus dizaino ir mading\u0173 spalv\u0173 i\u0161skleid\u017eiamas stalas. Stal\u0105 galima prailginti iki 256 cm, naudojant du pridedamus prailginimus, taip sukuriant vietos ma\u017edaug 10 \u017emoni\u0173. Stalvir\u0161io i\u0161pl\u0117timas yra ne\u012ftik\u0117tinai paprastas d\u0117l stalo sinchronini\u0173 rutulini\u0173 guoli\u0173 b\u0117geli\u0173. \u0160ie b\u0117geliai i\u0161siki\u0161a vienu metu i\u0161 abiej\u0173 pusi\u0173 \u2013 tereikia patraukti stalvir\u0161\u012f i\u0161 vienos pus\u0117s, ir kita pasislenka kartu. \u0160is Lenkijoje pagamintas stalas pagamintas i\u0161 auk\u0161tos kokyb\u0117s med\u017eiag\u0173, tod\u0117l yra esteti\u0161kai patrauklus ir funkcionalus. \u201eXENON LUX\u201c stalas pagamintas tik i\u0161 MDF plok\u0161t\u0117s, padengtos akriliniu kilim\u0117liu, suteikian\u010diu jam blizgi\u0105, veidrod\u012f primenan\u010di\u0105 apdail\u0105. \u0160iame dizainerio stale naudojama plok\u0161t\u0117 yra atspari UV spinduliams ir \u012fbr\u0117\u017eimams. \u0160is stalo modelis sukurtas populiaraus ir labai vertinamo \u201eXENON\u201c stalo su i\u0161skirtiniu X formos pagrindu pagrindu.<br \/>\nProdukto savyb\u0117s<br \/>\nLenki\u0161kas produktas,<br \/>\nStalas pagamintas i\u0161 MDF plok\u0161t\u0117s, padengtos blizgiu akriliniu kilim\u0117liu,<br \/>\nI\u0161traukiamas stalvir\u0161is su dviem \u012fd\u0117klais, pasl\u0117ptais po stalvir\u0161iu,<br \/>\n\u012erengti sinchroniniais rutuliniais guoliais varomomis slydimo sistemomis,<br \/>\nReikalingas savaranki\u0161kas surinkimas,<br \/>\nSi\u016blome plat\u0173 bald\u0173 pasirinkim\u0105, skirt\u0105 pilnam nam\u0173 apstatymo sprendimui.<\/p>","protected":false},"excerpt":{"rendered":"<p>MATMENYS<br \/>\nIlgis \u2013 [cm] 160<br \/>\nIlgis i\u0161skleidus \u2013 [cm] 256<br \/>\nPlotis \u2013 [cm] 89<br \/>\n\u016agis \u2013 [cm] 75<br \/>\nSTATYBA<br \/>\nStalo tipas \u2013 i\u0161skleid\u017eiamas<br \/>\nPrat\u0119simo b\u016bdas \u2013 prailginamas<br \/>\nVir\u0161utin\u0117 forma \u2013 sta\u010diakamp\u0117<br \/>\nVir\u0161utinio tipo \u2013 laminuotas MDF<br \/>\nVir\u0161utin\u0117 spalva \u2013 blizgi pilka \/ blizgi balta<br \/>\nKojeli\u0173 tipas \u2013 laminuotas MDF<br \/>\nKoj\u0173 spalva \u2013 blizgi pilka \/ blizgi balta<br \/>\nSvoris \u2013 [kg] 98<\/p>","protected":false},"featured_media":192710,"comment_status":"open","ping_status":"open","template":"","meta":[],"product_brand":[],"product_cat":[9625,4774,1934],"product_tag":[],"class_list":{"0":"post-192709","1":"product","2":"type-product","3":"status-publish","4":"has-post-thumbnail","6":"product_cat-table-xenon-lux-hubertus","7":"product_cat-hubertus-design","8":"product_cat-tables","10":"first","11":"instock","12":"purchasable","13":"product-type-simple"},"_links":{"self":[{"href":"https:\/\/baldumarket.lt\/lt\/wp-json\/wp\/v2\/product\/192709","targetHints":{"allow":["GET"]}}],"collection":[{"href":"https:\/\/baldumarket.lt\/lt\/wp-json\/wp\/v2\/product"}],"about":[{"href":"https:\/\/baldumarket.lt\/lt\/wp-json\/wp\/v2\/types\/product"}],"replies":[{"embeddable":true,"href":"https:\/\/baldumarket.lt\/lt\/wp-json\/wp\/v2\/comments?post=192709"}],"wp:featuredmedia":[{"embeddable":true,"href":"https:\/\/baldumarket.lt\/lt\/wp-json\/wp\/v2\/media\/192710"}],"wp:attachment":[{"href":"https:\/\/baldumarket.lt\/lt\/wp-json\/wp\/v2\/media?parent=192709"}],"wp:term":[{"taxonomy":"product_brand","embeddable":true,"href":"https:\/\/baldumarket.lt\/lt\/wp-json\/wp\/v2\/product_brand?post=192709"},{"taxonomy":"product_cat","embeddable":true,"href":"https:\/\/baldumarket.lt\/lt\/wp-json\/wp\/v2\/product_cat?post=192709"},{"taxonomy":"product_tag","embeddable":true,"href":"https:\/\/baldumarket.lt\/lt\/wp-json\/wp\/v2\/product_tag?post=192709"}],"curies":[{"name":"wp","href":"https:\/\/api.w.org\/{rel}","templated":true}]}}