{"id":192703,"date":"2025-12-23T14:11:50","date_gmt":"2025-12-23T11:11:50","guid":{"rendered":"https:\/\/baldumarket.lt\/product\/stol-viva-160256x89-bialy-polysk-rozkladany\/"},"modified":"2026-02-14T12:32:46","modified_gmt":"2026-02-14T09:32:46","slug":"stol-viva-160256x89-bialy-polysk-rozkladany","status":"publish","type":"product","link":"https:\/\/baldumarket.lt\/lt\/product\/stol-viva-160256x89-bialy-polysk-rozkladany\/","title":{"rendered":"VIVA stalas 160(256)x89 baltas blizgus i\u0161traukiamas"},"content":{"rendered":"<p>Lenki\u0161kas VIVA stalas su \u012fd\u0117klais, laikomais po stalvir\u0161iu<br \/>\nVIVA stalas \u2013 tai dizainerio sukurtas stalas su drugelio sparnus primenan\u010diu pagrindu. \u0160is stalas yra funkcionalus d\u0117l galimyb\u0117s prailginti stalvir\u0161\u012f iki dviej\u0173 ilgi\u0173 \u2013 208 arba 256 cm \u2013 naudojant pridedamus \u012fd\u0117klus, laikomus po stalvir\u0161iu. Tai leid\u017eia reguliuoti stalo dyd\u012f priklausomai nuo progos ar sve\u010di\u0173 skai\u010diaus. Sinchroniniai rutuliniai guoliai leid\u017eia stal\u0105 prailginti labai lengvai. Tiesiog \u0161velniai patraukite vien\u0105 stalvir\u0161io gal\u0105, ir kita pus\u0117 i\u0161siskleis vienu metu. VIVA prailginamas stalas pagamintas i\u0161 auk\u0161tos kokyb\u0117s MDF plok\u0161t\u0117s, padengtos akriliniu kilim\u0117liu, suteikian\u010diu jai blizgi\u0105, veidrodin\u0119 apdail\u0105. Lenta yra labai atspari \u012fbr\u0117\u017eimams ir UV spinduliams. Lenkijos stal\u0173 gamintojas padengia gamin\u012f apsaugine pl\u0117vele, kad transportavimo metu neb\u016bt\u0173 \u012fbr\u0117\u017eim\u0173. Produkto savyb\u0117s<br \/>\nLenki\u0161kas produktas,<br \/>\nstalas pagamintas i\u0161 MDF plok\u0161t\u0117s, padengtos blizgiu akriliniu kilim\u0117liu,<br \/>\ni\u0161traukiamas stalvir\u0161is su dviem \u012fd\u0117klais, pasl\u0117ptais po stalvir\u0161iu,<br \/>\napr\u016bpintas sinchroniniais rutuliniais guoliais,<br \/>\nsavaranki\u0161kam surinkimui,<br \/>\nSi\u016blome plat\u0173 bald\u0173 pasirinkim\u0105, leid\u017eiant\u012f pilnai \u012frengti namus.<\/p>","protected":false},"excerpt":{"rendered":"<p>MATMENYS<br \/>\nIlgis \u2013 [cm] 160<br \/>\nIlgis i\u0161skleidus \u2013 [cm] 256<br \/>\nPlotis \u2013 [cm] 89<br \/>\n\u016agis \u2013 [cm] 75<br \/>\nSTATYBA<br \/>\nStalo tipas \u2013 i\u0161skleid\u017eiamas<br \/>\nPrat\u0119simo b\u016bdas \u2013 prailginamas<br \/>\nVir\u0161utin\u0117 forma \u2013 sta\u010diakamp\u0117<br \/>\nVir\u0161utinio tipo \u2013 laminuotas MDF<br \/>\nVir\u0161utin\u0117 spalva \u2013 blizgi balta<br \/>\nKojeli\u0173 tipas \u2013 laminuotas MDF<br \/>\nKoj\u0173 spalva \u2013 blizgi balta<br \/>\nSvoris \u2013 [kg] 98<\/p>","protected":false},"featured_media":192704,"comment_status":"open","ping_status":"open","template":"","meta":[],"product_brand":[],"product_cat":[9623,4774,1934],"product_tag":[],"class_list":{"0":"post-192703","1":"product","2":"type-product","3":"status-publish","4":"has-post-thumbnail","6":"product_cat-table-viva-hubertus","7":"product_cat-hubertus-design","8":"product_cat-tables","10":"first","11":"instock","12":"purchasable","13":"product-type-simple"},"_links":{"self":[{"href":"https:\/\/baldumarket.lt\/lt\/wp-json\/wp\/v2\/product\/192703","targetHints":{"allow":["GET"]}}],"collection":[{"href":"https:\/\/baldumarket.lt\/lt\/wp-json\/wp\/v2\/product"}],"about":[{"href":"https:\/\/baldumarket.lt\/lt\/wp-json\/wp\/v2\/types\/product"}],"replies":[{"embeddable":true,"href":"https:\/\/baldumarket.lt\/lt\/wp-json\/wp\/v2\/comments?post=192703"}],"wp:featuredmedia":[{"embeddable":true,"href":"https:\/\/baldumarket.lt\/lt\/wp-json\/wp\/v2\/media\/192704"}],"wp:attachment":[{"href":"https:\/\/baldumarket.lt\/lt\/wp-json\/wp\/v2\/media?parent=192703"}],"wp:term":[{"taxonomy":"product_brand","embeddable":true,"href":"https:\/\/baldumarket.lt\/lt\/wp-json\/wp\/v2\/product_brand?post=192703"},{"taxonomy":"product_cat","embeddable":true,"href":"https:\/\/baldumarket.lt\/lt\/wp-json\/wp\/v2\/product_cat?post=192703"},{"taxonomy":"product_tag","embeddable":true,"href":"https:\/\/baldumarket.lt\/lt\/wp-json\/wp\/v2\/product_tag?post=192703"}],"curies":[{"name":"wp","href":"https:\/\/api.w.org\/{rel}","templated":true}]}}