{"id":192699,"date":"2025-12-23T14:11:39","date_gmt":"2025-12-23T11:11:39","guid":{"rendered":"https:\/\/baldumarket.lt\/product\/stol-viva-160256x89-bialy-polysk-czarny-polysk-rozkladany\/"},"modified":"2026-02-14T12:32:46","modified_gmt":"2026-02-14T09:32:46","slug":"stol-viva-160256x89-bialy-polysk-czarny-polysk-rozkladany","status":"publish","type":"product","link":"https:\/\/baldumarket.lt\/lt\/product\/stol-viva-160256x89-bialy-polysk-czarny-polysk-rozkladany\/","title":{"rendered":"VIVA stalas 160(256)x89 blizgiai baltas\/blizgiai juodas, i\u0161traukiamas"},"content":{"rendered":"<p>Modernus VIVA blizgus stalas<br \/>\nLenk\u0173 gamintojo HUBERTUS VIVA stal\u0105 suk\u016br\u0117 moderniam interjerui, kuriame idealiai tinka blizg\u016bs baldai. \u0160is stalas pasi\u017eymi ne\u012fprastu pagrindu, kurio form\u0105 gamintojas apib\u016bdina kaip \u201cdrugelio sparnus\u201d. \u0160is dizainerio stalas pagamintas i\u0161 auk\u0161tos kokyb\u0117s MDF plok\u0161t\u0117s su matiniu akrilo pavir\u0161iumi, suteikian\u010diu jam blizg\u0173, veidrodin\u012f pavidal\u0105. I\u0161traukiamas VIVA stalas turi du stalvir\u0161io prailginimus, tod\u0117l stal\u0105 galima lengvai prailginti iki 208 arba 256 cm. Prailginimai laikomi po stalvir\u0161iu, tod\u0117l nereikia ie\u0161koti atskiros saugyklos. Stalas lengvai i\u0161traukiamas d\u0117l sinchronini\u0173 rutulini\u0173 guoli\u0173 b\u0117geli\u0173. Tiesiog \u0161velniai patraukite stalvir\u0161\u012f i\u0161 vienos pus\u0117s, ir kita i\u0161trauksis vienu metu. Produkto savyb\u0117s<br \/>\nLenki\u0161kas produktas,<br \/>\nstalas pagamintas i\u0161 MDF plok\u0161t\u0117s, padengtos blizgiu akriliniu kilim\u0117liu,<br \/>\ni\u0161traukiamas stalvir\u0161is su dviem \u012fd\u0117klais, pasl\u0117ptais po stalvir\u0161iu,<br \/>\napr\u016bpintas sinchroniniais rutuliniais guoliais,<br \/>\nsavaranki\u0161kam surinkimui,<br \/>\nSi\u016blome plat\u0173 bald\u0173 pasirinkim\u0105, leid\u017eiant\u012f pilnai \u012frengti namus.<\/p>","protected":false},"excerpt":{"rendered":"<p>MATMENYS<br \/>\nIlgis \u2013 [cm] 160<br \/>\nIlgis i\u0161skleidus \u2013 [cm] 256<br \/>\nPlotis \u2013 [cm] 89<br \/>\n\u016agis \u2013 [cm] 75<br \/>\nSTATYBA<br \/>\nStalo tipas \u2013 i\u0161skleid\u017eiamas<br \/>\nPrat\u0119simo b\u016bdas \u2013 prailginamas<br \/>\nVir\u0161utin\u0117 forma \u2013 sta\u010diakamp\u0117<br \/>\nVir\u0161utinio tipo \u2013 laminuotas MDF<br \/>\nVir\u0161utin\u0117 spalva \u2013 blizgi balta \/ blizgi juoda<br \/>\nKojeli\u0173 tipas \u2013 laminuotas MDF<br \/>\nKoj\u0173 spalva \u2013 blizgi balta\/blizgi juoda<br \/>\nSvoris \u2013 [kg] 98<\/p>","protected":false},"featured_media":192700,"comment_status":"open","ping_status":"open","template":"","meta":[],"product_brand":[],"product_cat":[9623,4774,1934],"product_tag":[],"class_list":{"0":"post-192699","1":"product","2":"type-product","3":"status-publish","4":"has-post-thumbnail","6":"product_cat-table-viva-hubertus","7":"product_cat-hubertus-design","8":"product_cat-tables","10":"first","11":"instock","12":"purchasable","13":"product-type-simple"},"_links":{"self":[{"href":"https:\/\/baldumarket.lt\/lt\/wp-json\/wp\/v2\/product\/192699","targetHints":{"allow":["GET"]}}],"collection":[{"href":"https:\/\/baldumarket.lt\/lt\/wp-json\/wp\/v2\/product"}],"about":[{"href":"https:\/\/baldumarket.lt\/lt\/wp-json\/wp\/v2\/types\/product"}],"replies":[{"embeddable":true,"href":"https:\/\/baldumarket.lt\/lt\/wp-json\/wp\/v2\/comments?post=192699"}],"wp:featuredmedia":[{"embeddable":true,"href":"https:\/\/baldumarket.lt\/lt\/wp-json\/wp\/v2\/media\/192700"}],"wp:attachment":[{"href":"https:\/\/baldumarket.lt\/lt\/wp-json\/wp\/v2\/media?parent=192699"}],"wp:term":[{"taxonomy":"product_brand","embeddable":true,"href":"https:\/\/baldumarket.lt\/lt\/wp-json\/wp\/v2\/product_brand?post=192699"},{"taxonomy":"product_cat","embeddable":true,"href":"https:\/\/baldumarket.lt\/lt\/wp-json\/wp\/v2\/product_cat?post=192699"},{"taxonomy":"product_tag","embeddable":true,"href":"https:\/\/baldumarket.lt\/lt\/wp-json\/wp\/v2\/product_tag?post=192699"}],"curies":[{"name":"wp","href":"https:\/\/api.w.org\/{rel}","templated":true}]}}