{"id":192697,"date":"2025-12-23T14:11:35","date_gmt":"2025-12-23T11:11:35","guid":{"rendered":"https:\/\/baldumarket.lt\/product\/stol-viva-2-160256x89-bialy-polysk-rozkladany\/"},"modified":"2026-02-14T12:30:07","modified_gmt":"2026-02-14T09:30:07","slug":"stol-viva-2-160256x89-bialy-polysk-rozkladany","status":"publish","type":"product","link":"https:\/\/baldumarket.lt\/lt\/product\/stol-viva-2-160256x89-bialy-polysk-rozkladany\/","title":{"rendered":"VIVA 2 stalas 160(256)x89 baltas blizgus i\u0161traukiamas"},"content":{"rendered":"<p>Modernus VIVA 2 stalas svetainei<br \/>\nVIVA 2 stalas i\u0161siskiria ne\u012fprasta pagrindo forma, kuri\u0105 sudaro keturios kampuotos sijos, sudaran\u010dios V form\u0105. \u0160is funkcionalus stalas i\u0161siple\u010dia iki dviej\u0173 ilgi\u0173: 208 cm ir 256 cm, d\u0117ka dviej\u0173 \u012fd\u0117kl\u0173, esan\u010di\u0173 po stalvir\u0161iu. Stalas apr\u016bpintas sinchroniniais rutuliniais guoliais, tod\u0117l stal\u0105 i\u0161tiesti labai lengva ir be vargo. Tiesiog \u0161velniai patraukite vien\u0105 stalvir\u0161io pus\u0119, ir kita i\u0161sities tuo pa\u010diu metu. Dizainerio VIVA 2 stalas yra lenki\u0161kas gaminys, pagamintas i\u0161 auk\u0161tos kokyb\u0117s MDF plok\u0161t\u0117s, padengtos akriliniu kilim\u0117liu, kuris sukuria blizg\u0173, \u012f veidrod\u012f primenant\u012f pavir\u0161i\u0173. Stale naudojama MDF plok\u0161t\u0117 yra padidinto atsparumo \u012fbr\u0117\u017eimams ir UV spinduliams. Gamintojas rekomenduoja naudoti pad\u0117kliukus, kad stalas ilgai tarnaut\u0173. Produkto savyb\u0117s<br \/>\nLenki\u0161kas produktas,<br \/>\nstalas pagamintas i\u0161 MDF plok\u0161t\u0117s, padengtos blizgiu akriliniu kilim\u0117liu,<br \/>\ni\u0161traukiamas stalvir\u0161is su dviem \u012fd\u0117klais, pasl\u0117ptais po stalvir\u0161iu,<br \/>\napr\u016bpintas sinchroniniais rutuliniais guoliais,<br \/>\nsavaranki\u0161kam surinkimui,<br \/>\nSi\u016blome plat\u0173 bald\u0173 pasirinkim\u0105, leid\u017eiant\u012f pilnai \u012frengti namus.<\/p>","protected":false},"excerpt":{"rendered":"<p>MATMENYS<br \/>\nIlgis \u2013 [cm] 160<br \/>\nIlgis i\u0161skleidus \u2013 [cm] 256<br \/>\nPlotis \u2013 [cm] 89<br \/>\n\u016agis \u2013 [cm] 75<br \/>\nSTATYBA<br \/>\nStalo tipas \u2013 i\u0161skleid\u017eiamas<br \/>\nPrat\u0119simo b\u016bdas \u2013 prailginamas<br \/>\nVir\u0161utin\u0117 forma \u2013 sta\u010diakamp\u0117<br \/>\nVir\u0161utinio tipo \u2013 laminuotas MDF<br \/>\nVir\u0161utin\u0117 spalva \u2013 blizgi balta<br \/>\nKojeli\u0173 tipas \u2013 laminuotas MDF<br \/>\nKoj\u0173 spalva \u2013 blizgi balta<br \/>\nSvoris \u2013 [kg] 98<\/p>","protected":false},"featured_media":192698,"comment_status":"open","ping_status":"open","template":"","meta":[],"product_brand":[],"product_cat":[9622,4774,1934],"product_tag":[],"class_list":{"0":"post-192697","1":"product","2":"type-product","3":"status-publish","4":"has-post-thumbnail","6":"product_cat-table-viva-2-hubertus","7":"product_cat-hubertus-design","8":"product_cat-tables","10":"first","11":"instock","12":"purchasable","13":"product-type-simple"},"_links":{"self":[{"href":"https:\/\/baldumarket.lt\/lt\/wp-json\/wp\/v2\/product\/192697","targetHints":{"allow":["GET"]}}],"collection":[{"href":"https:\/\/baldumarket.lt\/lt\/wp-json\/wp\/v2\/product"}],"about":[{"href":"https:\/\/baldumarket.lt\/lt\/wp-json\/wp\/v2\/types\/product"}],"replies":[{"embeddable":true,"href":"https:\/\/baldumarket.lt\/lt\/wp-json\/wp\/v2\/comments?post=192697"}],"wp:featuredmedia":[{"embeddable":true,"href":"https:\/\/baldumarket.lt\/lt\/wp-json\/wp\/v2\/media\/192698"}],"wp:attachment":[{"href":"https:\/\/baldumarket.lt\/lt\/wp-json\/wp\/v2\/media?parent=192697"}],"wp:term":[{"taxonomy":"product_brand","embeddable":true,"href":"https:\/\/baldumarket.lt\/lt\/wp-json\/wp\/v2\/product_brand?post=192697"},{"taxonomy":"product_cat","embeddable":true,"href":"https:\/\/baldumarket.lt\/lt\/wp-json\/wp\/v2\/product_cat?post=192697"},{"taxonomy":"product_tag","embeddable":true,"href":"https:\/\/baldumarket.lt\/lt\/wp-json\/wp\/v2\/product_tag?post=192697"}],"curies":[{"name":"wp","href":"https:\/\/api.w.org\/{rel}","templated":true}]}}