{"id":192695,"date":"2025-12-23T14:11:31","date_gmt":"2025-12-23T11:11:31","guid":{"rendered":"https:\/\/baldumarket.lt\/product\/stol-viva-2-160256x89-bialy-polysk-czarny-polysk-rozkladany\/"},"modified":"2026-02-14T12:29:58","modified_gmt":"2026-02-14T09:29:58","slug":"stol-viva-2-160256x89-bialy-polysk-czarny-polysk-rozkladany","status":"publish","type":"product","link":"https:\/\/baldumarket.lt\/lt\/product\/stol-viva-2-160256x89-bialy-polysk-czarny-polysk-rozkladany\/","title":{"rendered":"VIVA 2 stalas 160(256)x89 blizgiai baltas\/blizgiai juodas, i\u0161traukiamas"},"content":{"rendered":"<p>Poliruotas VIVA 2 blizgus stalas<br \/>\nVIVA 2 stalas patraukia d\u0117mes\u012f unikaliu V formos pagrindu. Pagrind\u0105 sudaro keturios kampuotos sijos, sukurian\u010dios patraukli\u0105 i\u0161vaizd\u0105. Stalvir\u0161is i\u0161siple\u010dia iki dviej\u0173 ilgi\u0173: 208 cm ir 256 cm, naudojant pridedamus \u012fd\u0117klus, kurie laikomi po stalvir\u0161iu. Stal\u0105 labai lengva ir patogu i\u0161tiesti d\u0117l sinchronini\u0173 rutulini\u0173 guoli\u0173 b\u0117geli\u0173. \u0160i\u0173 b\u0117geli\u0173 d\u0117ka tiesiog \u0161velniai patraukite vien\u0105 stalvir\u0161io dal\u012f, o kita i\u0161sitiesia vienu metu. Modern\u0173 VIVA 2 stal\u0105 gamina Lenkijos gamintojas HUBERTUS i\u0161 auk\u0161tos kokyb\u0117s MDF plok\u0161t\u0117s, padengtos akriliniu kilim\u0117liu, suteikian\u010diu jam blizg\u0173 pavir\u0161i\u0173, pana\u0161\u0173 \u012f veidrod\u012f. Stale naudojama plok\u0161t\u0117 yra labai atspari \u012fbr\u0117\u017eimams ir UV spinduliams. Siekiant u\u017etikrinti ilgalaik\u0119 stalo kokyb\u0119, gamintojas rekomenduoja naudoti kilim\u0117lius. Produkto savyb\u0117s<br \/>\nLenki\u0161kas produktas,<br \/>\nstalas pagamintas i\u0161 MDF plok\u0161t\u0117s, padengtos blizgiu akriliniu kilim\u0117liu,<br \/>\ni\u0161traukiamas stalvir\u0161is su dviem \u012fd\u0117klais, pasl\u0117ptais po stalvir\u0161iu,<br \/>\napr\u016bpintas sinchroniniais rutuliniais guoliais,<br \/>\nsavaranki\u0161kam surinkimui,<br \/>\nSi\u016blome plat\u0173 bald\u0173 pasirinkim\u0105, leid\u017eiant\u012f pilnai \u012frengti namus.<\/p>","protected":false},"excerpt":{"rendered":"<p>MATMENYS<br \/>\nIlgis \u2013 [cm] 160<br \/>\nIlgis i\u0161skleidus \u2013 [cm] 256<br \/>\nPlotis \u2013 [cm] 89<br \/>\n\u016agis \u2013 [cm] 75<br \/>\nSTATYBA<br \/>\nStalo tipas \u2013 i\u0161skleid\u017eiamas<br \/>\nPrat\u0119simo b\u016bdas \u2013 prailginamas<br \/>\nVir\u0161utin\u0117 forma \u2013 sta\u010diakamp\u0117<br \/>\nVir\u0161utinio tipo \u2013 laminuotas MDF<br \/>\nVir\u0161utin\u0117 spalva \u2013 blizgi balta \/ blizgi juoda<br \/>\nKojeli\u0173 tipas \u2013 laminuotas MDF<br \/>\nKoj\u0173 spalva \u2013 blizgi balta\/blizgi juoda<br \/>\nSvoris \u2013 [kg] 98<\/p>","protected":false},"featured_media":192696,"comment_status":"open","ping_status":"open","template":"","meta":[],"product_brand":[],"product_cat":[9622,4774,1934],"product_tag":[],"class_list":{"0":"post-192695","1":"product","2":"type-product","3":"status-publish","4":"has-post-thumbnail","6":"product_cat-table-viva-2-hubertus","7":"product_cat-hubertus-design","8":"product_cat-tables","10":"first","11":"instock","12":"purchasable","13":"product-type-simple"},"_links":{"self":[{"href":"https:\/\/baldumarket.lt\/lt\/wp-json\/wp\/v2\/product\/192695","targetHints":{"allow":["GET"]}}],"collection":[{"href":"https:\/\/baldumarket.lt\/lt\/wp-json\/wp\/v2\/product"}],"about":[{"href":"https:\/\/baldumarket.lt\/lt\/wp-json\/wp\/v2\/types\/product"}],"replies":[{"embeddable":true,"href":"https:\/\/baldumarket.lt\/lt\/wp-json\/wp\/v2\/comments?post=192695"}],"wp:featuredmedia":[{"embeddable":true,"href":"https:\/\/baldumarket.lt\/lt\/wp-json\/wp\/v2\/media\/192696"}],"wp:attachment":[{"href":"https:\/\/baldumarket.lt\/lt\/wp-json\/wp\/v2\/media?parent=192695"}],"wp:term":[{"taxonomy":"product_brand","embeddable":true,"href":"https:\/\/baldumarket.lt\/lt\/wp-json\/wp\/v2\/product_brand?post=192695"},{"taxonomy":"product_cat","embeddable":true,"href":"https:\/\/baldumarket.lt\/lt\/wp-json\/wp\/v2\/product_cat?post=192695"},{"taxonomy":"product_tag","embeddable":true,"href":"https:\/\/baldumarket.lt\/lt\/wp-json\/wp\/v2\/product_tag?post=192695"}],"curies":[{"name":"wp","href":"https:\/\/api.w.org\/{rel}","templated":true}]}}