{"id":192688,"date":"2025-12-23T14:10:55","date_gmt":"2025-12-23T11:10:55","guid":{"rendered":"https:\/\/baldumarket.lt\/product\/stol-viva-2-160256x89-czarny-polysk-bialy-polysk-mix-rozkladany\/"},"modified":"2026-02-14T12:29:58","modified_gmt":"2026-02-14T09:29:58","slug":"stol-viva-2-160256x89-czarny-polysk-bialy-polysk-mix-rozkladany","status":"publish","type":"product","link":"https:\/\/baldumarket.lt\/lt\/product\/stol-viva-2-160256x89-czarny-polysk-bialy-polysk-mix-rozkladany\/","title":{"rendered":"VIVA 2 stalas 160(256)x89 blizgios juodos\/blizgios baltos spalvos mi\u0161inio, i\u0161traukiamas"},"content":{"rendered":"<p>Didelis VIVA 2 stalas valgomajam ir svetainei<br \/>\nVIVA 2 stalas yra vizualiai patrauklus ir funkcionalus baldas, tod\u0117l jis yra vertingas modernaus valgomojo papildymas. \u0160is Lenkijoje pagamintas stalas patraukia d\u0117mes\u012f ne\u012fprastu pagrindu, kuris primena raid\u0119 V, sudaryt\u0105 i\u0161 keturi\u0173 element\u0173. Nesenstanti juodos ir baltos spalv\u0173 gama visada bus madinga, nepaisant tendencij\u0173. \u0160is modernus valgomojo stalas yra lenki\u0161kas gaminys, pagamintas i\u0161 auk\u0161tos kokyb\u0117s med\u017eiag\u0173, pasi\u017eymin\u010di\u0173 padidintu atsparumu \u012fbr\u0117\u017eimams ir UV spinduliams. VIVA 2 stalas pagamintas i\u0161 MDF plok\u0161t\u0117s, padengtos akriliniu kilim\u0117liu, kuris suteikia jam blizgan\u010di\u0105, veidrod\u012f primenan\u010di\u0105 apdail\u0105. Stalas turi sinchroninius rutulinius guolius, tod\u0117l, i\u0161skleidus vien\u0105 stalo pus\u0119, kita pus\u0117 atsidaro vienu metu. Po stalvir\u0161iu yra prailginimai, skirti stalvir\u0161iui prailginti. Galima sumontuoti vien\u0105 arba du prailginimus, tod\u0117l stalo ilgis siekia 208 arba 256 cm. I\u0161skleidus stal\u0105, prie jo gali tilpti ma\u017edaug 10 \u017emoni\u0173. Produkto savyb\u0117s<br \/>\nLenki\u0161kas produktas,<br \/>\nstalas pagamintas i\u0161 MDF plok\u0161t\u0117s, padengtos blizgiu akriliniu kilim\u0117liu,<br \/>\ni\u0161traukiamas stalvir\u0161is su dviem \u012fd\u0117klais, pasl\u0117ptais po stalvir\u0161iu,<br \/>\napr\u016bpintas sinchroniniais rutuliniais guoliais,<br \/>\nsavaranki\u0161kam surinkimui,<br \/>\nSi\u016blome plat\u0173 bald\u0173 pasirinkim\u0105, leid\u017eiant\u012f pilnai \u012frengti namus.<\/p>","protected":false},"excerpt":{"rendered":"<p>MATMENYS<br \/>\nIlgis \u2013 [cm] 160<br \/>\nIlgis i\u0161skleidus \u2013 [cm] 256<br \/>\nPlotis \u2013 [cm] 89<br \/>\n\u016agis \u2013 [cm] 75<br \/>\nSTATYBA<br \/>\nStalo tipas \u2013 i\u0161skleid\u017eiamas<br \/>\nPrat\u0119simo b\u016bdas \u2013 prailginamas<br \/>\nVir\u0161utin\u0117 forma \u2013 sta\u010diakamp\u0117<br \/>\nVir\u0161utinio tipo \u2013 laminuotas MDF<br \/>\nVir\u0161utin\u0117 spalva \u2013 blizgi juoda \/ blizgi balta<br \/>\nKojeli\u0173 tipas \u2013 laminuotas MDF<br \/>\nKojeli\u0173 spalva \u2013 blizgi juoda \/ blizgi balta<br \/>\nSvoris \u2013 [kg] 98<\/p>","protected":false},"featured_media":192689,"comment_status":"open","ping_status":"open","template":"","meta":[],"product_brand":[],"product_cat":[9622,4774,1934],"product_tag":[],"class_list":{"0":"post-192688","1":"product","2":"type-product","3":"status-publish","4":"has-post-thumbnail","6":"product_cat-table-viva-2-hubertus","7":"product_cat-hubertus-design","8":"product_cat-tables","10":"first","11":"instock","12":"purchasable","13":"product-type-simple"},"_links":{"self":[{"href":"https:\/\/baldumarket.lt\/lt\/wp-json\/wp\/v2\/product\/192688","targetHints":{"allow":["GET"]}}],"collection":[{"href":"https:\/\/baldumarket.lt\/lt\/wp-json\/wp\/v2\/product"}],"about":[{"href":"https:\/\/baldumarket.lt\/lt\/wp-json\/wp\/v2\/types\/product"}],"replies":[{"embeddable":true,"href":"https:\/\/baldumarket.lt\/lt\/wp-json\/wp\/v2\/comments?post=192688"}],"wp:featuredmedia":[{"embeddable":true,"href":"https:\/\/baldumarket.lt\/lt\/wp-json\/wp\/v2\/media\/192689"}],"wp:attachment":[{"href":"https:\/\/baldumarket.lt\/lt\/wp-json\/wp\/v2\/media?parent=192688"}],"wp:term":[{"taxonomy":"product_brand","embeddable":true,"href":"https:\/\/baldumarket.lt\/lt\/wp-json\/wp\/v2\/product_brand?post=192688"},{"taxonomy":"product_cat","embeddable":true,"href":"https:\/\/baldumarket.lt\/lt\/wp-json\/wp\/v2\/product_cat?post=192688"},{"taxonomy":"product_tag","embeddable":true,"href":"https:\/\/baldumarket.lt\/lt\/wp-json\/wp\/v2\/product_tag?post=192688"}],"curies":[{"name":"wp","href":"https:\/\/api.w.org\/{rel}","templated":true}]}}