{"id":192686,"date":"2025-12-23T14:10:45","date_gmt":"2025-12-23T11:10:45","guid":{"rendered":"https:\/\/baldumarket.lt\/product\/stol-viva-2-160256x89-szary-polysk-bialy-polysk-rozkladany\/"},"modified":"2026-02-14T12:29:58","modified_gmt":"2026-02-14T09:29:58","slug":"stol-viva-2-160256x89-szary-polysk-bialy-polysk-rozkladany","status":"publish","type":"product","link":"https:\/\/baldumarket.lt\/lt\/product\/stol-viva-2-160256x89-szary-polysk-bialy-polysk-rozkladany\/","title":{"rendered":"VIVA 2 stalas 160(256)x89 blizgi pilka\/blizgi balta, i\u0161traukiamas"},"content":{"rendered":"<p>VIVA 2 stalas su sinchroniniais b\u0117geliais<br \/>\nVIVA 2 stalas \u2013 didelis, i\u0161skleid\u017eiamas valgomojo stalas, pasi\u017eymintis moderniu dizainu ir madingomis spalvomis. Stalas turi pilk\u0105 stalvir\u0161\u012f ir pagrind\u0105, o lik\u0119 elementai \u2013 balti. Pilka ir balta spalv\u0173 gama yra madinga ir nesenstanti, u\u017etikrinanti, kad stalas visada bus stilingas, nepaisant dabartini\u0173 tendencij\u0173. \u0160is modernus valgomojo stalas patraukia d\u0117mes\u012f \u012fdomiai pagamintu pagrindu, kur\u012f sudaro keturios V formos i\u0161d\u0117stytos sijos. Stalas turi du \u012fd\u0117klus, pasl\u0117ptus po stalvir\u0161iu, leid\u017eian\u010dius stal\u0105 prailginti iki 208 arba 256 cm ilgio. D\u0117l sinchronini\u0173 rutulini\u0173 guoli\u0173 b\u0117geli\u0173 stalas greitai ir lengvai i\u0161siple\u010dia. Tiesiog \u0161velniai patraukite stalvir\u0161\u012f i\u0161 vienos pus\u0117s, ir kita i\u0161siskleis vienu metu. Dizainerio VIVA 2 stalas yra lenki\u0161kas gaminys, pagamintas i\u0161 MDF plok\u0161t\u0117s, padengtos akriliniu kilim\u0117liu, suteikian\u010diu jam blizg\u0173 pavir\u0161i\u0173, pana\u0161\u0173 \u012f veidrod\u012f. Plok\u0161t\u0117 pasi\u017eymi padidintu atsparumu \u012fbr\u0117\u017eimams ir UV spinduliams. Norint ilg\u0105 laik\u0105 i\u0161laikyti auk\u0161t\u0105 stalo kokyb\u0119, gamintojas rekomenduoja naudoti kilim\u0117lius.<br \/>\nProdukto savyb\u0117s<br \/>\nLenki\u0161kas produktas,<br \/>\nStalas pagamintas i\u0161 MDF plok\u0161t\u0117s, padengtos blizgiu akriliniu kilim\u0117liu,<br \/>\nI\u0161traukiamas stalvir\u0161is su dviem \u012fd\u0117klais, pasl\u0117ptais po stalvir\u0161iu,<br \/>\n\u012erengti sinchroniniai rutulini\u0173 guoli\u0173 b\u0117geliai,<br \/>\nReikalingas savaranki\u0161kas surinkimas,<br \/>\nSi\u016blome plat\u0173 bald\u0173 pasirinkim\u0105, leid\u017eiant\u012f pilnai \u012frengti savo namus.<\/p>","protected":false},"excerpt":{"rendered":"<p>MATMENYS<br \/>\nIlgis \u2013 [cm] 160<br \/>\nIlgis i\u0161skleidus \u2013 [cm] 256<br \/>\nPlotis \u2013 [cm] 89<br \/>\n\u016agis \u2013 [cm] 75<br \/>\nSTATYBA<br \/>\nStalo tipas \u2013 i\u0161skleid\u017eiamas<br \/>\nPrat\u0119simo b\u016bdas \u2013 prailginamas<br \/>\nVir\u0161utin\u0117 forma \u2013 sta\u010diakamp\u0117<br \/>\nVir\u0161utinio tipo \u2013 laminuotas MDF<br \/>\nVir\u0161utin\u0117 spalva \u2013 blizgi pilka \/ blizgi balta<br \/>\nKojeli\u0173 tipas \u2013 laminuotas MDF<br \/>\nKoj\u0173 spalva \u2013 blizgi pilka \/ blizgi balta<br \/>\nSvoris \u2013 [kg] 98<\/p>","protected":false},"featured_media":192687,"comment_status":"open","ping_status":"open","template":"","meta":[],"product_brand":[],"product_cat":[9622,4774,1934],"product_tag":[],"class_list":{"0":"post-192686","1":"product","2":"type-product","3":"status-publish","4":"has-post-thumbnail","6":"product_cat-table-viva-2-hubertus","7":"product_cat-hubertus-design","8":"product_cat-tables","10":"first","11":"instock","12":"purchasable","13":"product-type-simple"},"_links":{"self":[{"href":"https:\/\/baldumarket.lt\/lt\/wp-json\/wp\/v2\/product\/192686","targetHints":{"allow":["GET"]}}],"collection":[{"href":"https:\/\/baldumarket.lt\/lt\/wp-json\/wp\/v2\/product"}],"about":[{"href":"https:\/\/baldumarket.lt\/lt\/wp-json\/wp\/v2\/types\/product"}],"replies":[{"embeddable":true,"href":"https:\/\/baldumarket.lt\/lt\/wp-json\/wp\/v2\/comments?post=192686"}],"wp:featuredmedia":[{"embeddable":true,"href":"https:\/\/baldumarket.lt\/lt\/wp-json\/wp\/v2\/media\/192687"}],"wp:attachment":[{"href":"https:\/\/baldumarket.lt\/lt\/wp-json\/wp\/v2\/media?parent=192686"}],"wp:term":[{"taxonomy":"product_brand","embeddable":true,"href":"https:\/\/baldumarket.lt\/lt\/wp-json\/wp\/v2\/product_brand?post=192686"},{"taxonomy":"product_cat","embeddable":true,"href":"https:\/\/baldumarket.lt\/lt\/wp-json\/wp\/v2\/product_cat?post=192686"},{"taxonomy":"product_tag","embeddable":true,"href":"https:\/\/baldumarket.lt\/lt\/wp-json\/wp\/v2\/product_tag?post=192686"}],"curies":[{"name":"wp","href":"https:\/\/api.w.org\/{rel}","templated":true}]}}