{"id":192674,"date":"2025-12-23T14:10:06","date_gmt":"2025-12-23T11:10:06","guid":{"rendered":"https:\/\/baldumarket.lt\/product\/stol-bella-160256x89-bialy-polysk-czarny-polysk-rozkladany\/"},"modified":"2026-02-13T12:11:51","modified_gmt":"2026-02-13T09:11:51","slug":"stol-bella-160256x89-bialy-polysk-czarny-polysk-rozkladany","status":"publish","type":"product","link":"https:\/\/baldumarket.lt\/lt\/product\/stol-bella-160256x89-bialy-polysk-czarny-polysk-rozkladany\/","title":{"rendered":"BELLA stalas 160(256)x89 blizgi balta\/blizgi juoda, i\u0161traukiamas"},"content":{"rendered":"<p>Modernus BELLA stalas talpina 10 \u017emoni\u0173<br \/>\nBELLA stalas \u2013 tai Lenkijoje pagamintas dizainerio valgomojo stalas, pasi\u017eymintis madinga juodai balta spalv\u0173 gama. Unikalus jo pagrindas, \u012fkv\u0117ptas begalyb\u0117s simbolio, yra ry\u0161kus bruo\u017eas. Stalo dizainas dera tiek su moderniu, tiek su klasikiniu, taip pat ir su prabangiais interjerais. \u0160is modernus stalas yra prakti\u0161kas d\u0117l i\u0161traukiamo stalvir\u0161io. Du pridedami prailginimai leid\u017eia stal\u0105 prailginti iki 208 cm arba 256 cm, tod\u0117l galite reguliuoti jo ilg\u012f priklausomai nuo sve\u010di\u0173 skai\u010diaus. Prailginimai laikomi po stalvir\u0161iu. BELLA stalas lengvai i\u0161traukiamas d\u0117l sinchronini\u0173 rutulini\u0173 guoli\u0173 b\u0117geli\u0173. Tiesiog \u0161velniai patraukite vien\u0105 stalvir\u0161io dal\u012f, ir kita i\u0161trauksis vienu metu. Gamintojas stal\u0105 pagamino i\u0161 savos gamybos MDF plok\u0161t\u0117s. Stalvir\u0161is padengtas blizgiu akriliniu kilim\u0117liu, pana\u0161iu \u012f veidrod\u012f, ir pasi\u017eymi padidintu atsparumu \u012fbr\u0117\u017eimams bei UV spinduliams. Produkto savyb\u0117s<br \/>\nLenki\u0161kas produktas,<br \/>\nstalas pagamintas i\u0161 MDF plok\u0161t\u0117s, padengtos blizgiu akriliniu kilim\u0117liu,<br \/>\ni\u0161traukiamas stalvir\u0161is su dviem \u012fd\u0117klais, pasl\u0117ptais po stalvir\u0161iu,<br \/>\napr\u016bpintas sinchroniniais rutuliniais guoliais,<br \/>\nsavaranki\u0161kam surinkimui,<br \/>\nSi\u016blome plat\u0173 bald\u0173 pasirinkim\u0105, leid\u017eiant\u012f pilnai \u012frengti namus.<\/p>","protected":false},"excerpt":{"rendered":"<p>MATMENYS<br \/>\nIlgis \u2013 [cm] 160<br \/>\nIlgis i\u0161skleidus \u2013 [cm] 256<br \/>\nPlotis \u2013 [cm] 89<br \/>\n\u016agis \u2013 [cm] 75<br \/>\nSTATYBA<br \/>\nStalo tipas \u2013 i\u0161skleid\u017eiamas<br \/>\nPrat\u0119simo b\u016bdas \u2013 prailginamas<br \/>\nVir\u0161utin\u0117 forma \u2013 sta\u010diakamp\u0117<br \/>\nVir\u0161utinio tipo \u2013 laminuotas MDF<br \/>\nVir\u0161utin\u0117 spalva \u2013 blizgi balta \/ blizgi juoda<br \/>\nKojeli\u0173 tipas \u2013 laminuotas MDF<br \/>\nKoj\u0173 spalva \u2013 blizgi balta\/blizgi juoda<br \/>\nSvoris \u2013 [kg] 98<\/p>","protected":false},"featured_media":192675,"comment_status":"open","ping_status":"open","template":"","meta":[],"product_brand":[],"product_cat":[9599,4774,1934],"product_tag":[],"class_list":{"0":"post-192674","1":"product","2":"type-product","3":"status-publish","4":"has-post-thumbnail","6":"product_cat-table-bella-hubertus","7":"product_cat-hubertus-design","8":"product_cat-tables","10":"first","11":"instock","12":"purchasable","13":"product-type-simple"},"_links":{"self":[{"href":"https:\/\/baldumarket.lt\/lt\/wp-json\/wp\/v2\/product\/192674","targetHints":{"allow":["GET"]}}],"collection":[{"href":"https:\/\/baldumarket.lt\/lt\/wp-json\/wp\/v2\/product"}],"about":[{"href":"https:\/\/baldumarket.lt\/lt\/wp-json\/wp\/v2\/types\/product"}],"replies":[{"embeddable":true,"href":"https:\/\/baldumarket.lt\/lt\/wp-json\/wp\/v2\/comments?post=192674"}],"wp:featuredmedia":[{"embeddable":true,"href":"https:\/\/baldumarket.lt\/lt\/wp-json\/wp\/v2\/media\/192675"}],"wp:attachment":[{"href":"https:\/\/baldumarket.lt\/lt\/wp-json\/wp\/v2\/media?parent=192674"}],"wp:term":[{"taxonomy":"product_brand","embeddable":true,"href":"https:\/\/baldumarket.lt\/lt\/wp-json\/wp\/v2\/product_brand?post=192674"},{"taxonomy":"product_cat","embeddable":true,"href":"https:\/\/baldumarket.lt\/lt\/wp-json\/wp\/v2\/product_cat?post=192674"},{"taxonomy":"product_tag","embeddable":true,"href":"https:\/\/baldumarket.lt\/lt\/wp-json\/wp\/v2\/product_tag?post=192674"}],"curies":[{"name":"wp","href":"https:\/\/api.w.org\/{rel}","templated":true}]}}