{"id":192668,"date":"2025-12-23T14:09:53","date_gmt":"2025-12-23T11:09:53","guid":{"rendered":"https:\/\/baldumarket.lt\/product\/stol-bella-160256x89-czarny-polysk-bialy-polysk-rozkladany\/"},"modified":"2026-02-13T12:11:51","modified_gmt":"2026-02-13T09:11:51","slug":"stol-bella-160256x89-czarny-polysk-bialy-polysk-rozkladany","status":"publish","type":"product","link":"https:\/\/baldumarket.lt\/lt\/product\/stol-bella-160256x89-czarny-polysk-bialy-polysk-rozkladany\/","title":{"rendered":"BELLA stalas 160(256)x89 blizgi juoda\/blizgi balta, i\u0161traukiamas"},"content":{"rendered":"<p>Didelis BELLA stalas svetainei<br \/>\nBELLA stalas pagamintas i\u0161 MDF plok\u0161t\u0117s, padengtos akriliniu kilim\u0117liu, kuris suteikia blizg\u0173, \u012f veidrod\u012f primenant\u012f pavir\u0161i\u0173. Plok\u0161t\u0117 pasi\u017eymi padidintu atsparumu \u012fbr\u0117\u017eimams ir UV spinduliams. Siekiant i\u0161laikyti auk\u0161t\u0105 stalo kokyb\u0119, gamintojas rekomenduoja naudoti pad\u0117kliukus. \u0160is Lenkijoje pagamintas valgomojo stalas \u017eavi savo \u012fdomiu dizainu, ypa\u010d rafinuotu pagrindu, \u012fkv\u0117ptu begalyb\u0117s simbolio. Madinga ir nesenstanti juodos ir baltos spalv\u0173 gama puikiai atrodys beveik bet kokiame interjere. Dizainerio BELLA stalas turi sinchroninius rutulinius guolius, tod\u0117l stalo prailginimas yra labai paprastas. Tiesiog \u0161velniai patraukite stalvir\u0161\u012f i\u0161 vienos pus\u0117s, ir kita prad\u0117s ilg\u0117ti vienu metu. Po stalvir\u0161iu yra du prailginimai, leid\u017eiantys prailginti stalvir\u0161\u012f iki dviej\u0173 ilgi\u0173: 208 cm ir 256 cm. Produkto savyb\u0117s<br \/>\nLenki\u0161kas produktas,<br \/>\nstalas pagamintas i\u0161 MDF plok\u0161t\u0117s, padengtos blizgiu akriliniu kilim\u0117liu,<br \/>\ni\u0161traukiamas stalvir\u0161is su dviem \u012fd\u0117klais, pasl\u0117ptais po stalvir\u0161iu,<br \/>\napr\u016bpintas sinchroniniais rutuliniais guoliais,<br \/>\nsavaranki\u0161kam surinkimui,<br \/>\nSi\u016blome plat\u0173 bald\u0173 pasirinkim\u0105, leid\u017eiant\u012f pilnai \u012frengti namus.<\/p>","protected":false},"excerpt":{"rendered":"<p>MATMENYS<br \/>\nIlgis \u2013 [cm] 160<br \/>\nIlgis i\u0161skleidus \u2013 [cm] 256<br \/>\nPlotis \u2013 [cm] 89<br \/>\n\u016agis \u2013 [cm] 75<br \/>\nSTATYBA<br \/>\nStalo tipas \u2013 i\u0161skleid\u017eiamas<br \/>\nPrat\u0119simo b\u016bdas \u2013 prailginamas<br \/>\nVir\u0161utin\u0117 forma \u2013 sta\u010diakamp\u0117<br \/>\nVir\u0161utinio tipo \u2013 laminuotas MDF<br \/>\nVir\u0161utin\u0117 spalva \u2013 blizgi juoda \/ blizgi balta<br \/>\nKojeli\u0173 tipas \u2013 laminuotas MDF<br \/>\nKojeli\u0173 spalva \u2013 blizgi juoda \/ blizgi balta<br \/>\nSvoris \u2013 [kg] 98<\/p>","protected":false},"featured_media":192669,"comment_status":"open","ping_status":"open","template":"","meta":[],"product_brand":[],"product_cat":[9599,4774,1934],"product_tag":[],"class_list":{"0":"post-192668","1":"product","2":"type-product","3":"status-publish","4":"has-post-thumbnail","6":"product_cat-table-bella-hubertus","7":"product_cat-hubertus-design","8":"product_cat-tables","10":"first","11":"instock","12":"purchasable","13":"product-type-simple"},"_links":{"self":[{"href":"https:\/\/baldumarket.lt\/lt\/wp-json\/wp\/v2\/product\/192668","targetHints":{"allow":["GET"]}}],"collection":[{"href":"https:\/\/baldumarket.lt\/lt\/wp-json\/wp\/v2\/product"}],"about":[{"href":"https:\/\/baldumarket.lt\/lt\/wp-json\/wp\/v2\/types\/product"}],"replies":[{"embeddable":true,"href":"https:\/\/baldumarket.lt\/lt\/wp-json\/wp\/v2\/comments?post=192668"}],"wp:featuredmedia":[{"embeddable":true,"href":"https:\/\/baldumarket.lt\/lt\/wp-json\/wp\/v2\/media\/192669"}],"wp:attachment":[{"href":"https:\/\/baldumarket.lt\/lt\/wp-json\/wp\/v2\/media?parent=192668"}],"wp:term":[{"taxonomy":"product_brand","embeddable":true,"href":"https:\/\/baldumarket.lt\/lt\/wp-json\/wp\/v2\/product_brand?post=192668"},{"taxonomy":"product_cat","embeddable":true,"href":"https:\/\/baldumarket.lt\/lt\/wp-json\/wp\/v2\/product_cat?post=192668"},{"taxonomy":"product_tag","embeddable":true,"href":"https:\/\/baldumarket.lt\/lt\/wp-json\/wp\/v2\/product_tag?post=192668"}],"curies":[{"name":"wp","href":"https:\/\/api.w.org\/{rel}","templated":true}]}}