{"id":192663,"date":"2025-12-23T14:09:33","date_gmt":"2025-12-23T11:09:33","guid":{"rendered":"https:\/\/baldumarket.lt\/product\/lawa-quadro-lux-120170x75-bialy-polysk-rozkladana\/"},"modified":"2026-02-03T23:24:47","modified_gmt":"2026-02-03T20:24:47","slug":"lawa-quadro-lux-120170x75-bialy-polysk-rozkladana","status":"publish","type":"product","link":"https:\/\/baldumarket.lt\/lt\/product\/lawa-quadro-lux-120170x75-bialy-polysk-rozkladana\/","title":{"rendered":"QUADRO LUX kavos staliukas 120(170)x75 baltas blizgus i\u0161traukiamas"},"content":{"rendered":"<p>Modernus QUADRO LUX valgomojo stalas<br \/>\n\u201eQUADRO LUX\u201c valgomojo stalas skirtas tiems, kurie ie\u0161ko funkcionalaus stalo, kuris taip pat gal\u0117t\u0173 b\u016bti valgomojo stalas sve\u010diams. \u0160is stalo modelis i\u0161 tikr\u0173j\u0173 yra stalo ir suolo derinys, leid\u017eiantis stalvir\u0161iui i\u0161skleisti ir skland\u017eiai reguliuoti auk\u0161t\u012f. \u0160is svetain\u0117s stalas turi sinchroninius rutulinius guolius, kurie leid\u017eia greitai ir lengvai i\u0161skleisti stalvir\u0161\u012f. Tiesiog \u0161velniai patraukite vien\u0105 stalvir\u0161io dal\u012f, ir kita i\u0161skleistis tuo pa\u010diu metu. Po stalvir\u0161iu yra prailginimas, kuris stalvir\u0161\u012f prailgina iki 170 cm ilgio. \u201eQUADRO LUX\u201c stalo auk\u0161t\u012f galima padidinti nuo 54 cm iki 74 cm, taip sukuriant stal\u0105, prie kurio galite pastatyti k\u0117des ir patogiai m\u0117gautis maistu su \u0161eima ar sve\u010diais. \u0160is Lenkijoje pagamintas stalas pagamintas i\u0161 auk\u0161tos kokyb\u0117s MDF plok\u0161t\u0117s, padengtos akriliniu kilim\u0117liu, suteikian\u010diu jam blizgi\u0105, veidrodin\u0119 apdail\u0105. Akrilo sluoksnis pasi\u017eymi padidintu atsparumu \u012fbr\u0117\u017eimams ir UV spinduliams, skirtingai nei lakuotos lentos.<br \/>\nProdukto savyb\u0117s<br \/>\nLenki\u0161kas produktas,<br \/>\nKavos staliukas pagamintas i\u0161 MDF plok\u0161t\u0117s, padengtos blizgiu akriliniu kilim\u0117liu,<br \/>\nI\u0161traukiamas stalvir\u0161is su pasl\u0117ptu \u012fd\u0117klu,<br \/>\n\u012erengti sinchroniniais rutuliniais guoliais,<br \/>\nKavos staliukas turi skland\u0173 auk\u0161\u010dio reguliavim\u0105,<br \/>\nReikalingas savaranki\u0161kas surinkimas,<br \/>\nSi\u016blome plat\u0173 bald\u0173 pasirinkim\u0105, kad gal\u0117tum\u0117te m\u0117gautis visaver\u010diu nam\u0173 apstatymu.<\/p>","protected":false},"excerpt":{"rendered":"<p>MATMENYS<br \/>\n\u016agis \u2013 [cm] 54<br \/>\nDid\u017eiausias auk\u0161tis \u2013 [cm] 74<br \/>\nIlgis \u2013 [cm] 120<br \/>\nIlgis po prailginimo \u2013 [cm] 170<br \/>\nPlotis \u2013 [cm] 75<br \/>\nSTATYBA<br \/>\nKavos staliuko tipas \u2013 i\u0161traukiamas<br \/>\nVir\u0161utin\u0117 forma \u2013 sta\u010diakamp\u0117<br \/>\nVir\u0161utinio dang\u010dio tipas \u2013 MDF<br \/>\nVir\u0161utin\u0117 vir\u0161utin\u0117 spalva \u2013 blizgi balta<br \/>\nKojeli\u0173 tipas \u2013 MDF<br \/>\nKoj\u0173 spalva \u2013 blizgi balta<\/p>","protected":false},"featured_media":192664,"comment_status":"open","ping_status":"open","template":"","meta":[],"product_brand":[],"product_cat":[866,4774],"product_tag":[],"class_list":{"0":"post-192663","1":"product","2":"type-product","3":"status-publish","4":"has-post-thumbnail","6":"product_cat-coffee-tables","7":"product_cat-hubertus-design","9":"first","10":"instock","11":"purchasable","12":"product-type-simple"},"_links":{"self":[{"href":"https:\/\/baldumarket.lt\/lt\/wp-json\/wp\/v2\/product\/192663","targetHints":{"allow":["GET"]}}],"collection":[{"href":"https:\/\/baldumarket.lt\/lt\/wp-json\/wp\/v2\/product"}],"about":[{"href":"https:\/\/baldumarket.lt\/lt\/wp-json\/wp\/v2\/types\/product"}],"replies":[{"embeddable":true,"href":"https:\/\/baldumarket.lt\/lt\/wp-json\/wp\/v2\/comments?post=192663"}],"wp:featuredmedia":[{"embeddable":true,"href":"https:\/\/baldumarket.lt\/lt\/wp-json\/wp\/v2\/media\/192664"}],"wp:attachment":[{"href":"https:\/\/baldumarket.lt\/lt\/wp-json\/wp\/v2\/media?parent=192663"}],"wp:term":[{"taxonomy":"product_brand","embeddable":true,"href":"https:\/\/baldumarket.lt\/lt\/wp-json\/wp\/v2\/product_brand?post=192663"},{"taxonomy":"product_cat","embeddable":true,"href":"https:\/\/baldumarket.lt\/lt\/wp-json\/wp\/v2\/product_cat?post=192663"},{"taxonomy":"product_tag","embeddable":true,"href":"https:\/\/baldumarket.lt\/lt\/wp-json\/wp\/v2\/product_tag?post=192663"}],"curies":[{"name":"wp","href":"https:\/\/api.w.org\/{rel}","templated":true}]}}