{"id":192658,"date":"2025-12-23T14:09:18","date_gmt":"2025-12-23T11:09:18","guid":{"rendered":"https:\/\/baldumarket.lt\/product\/lawa-quadro-lux-120170x75-bialy-polysk-czarny-polysk-rozkladana\/"},"modified":"2026-02-03T23:24:47","modified_gmt":"2026-02-03T20:24:47","slug":"lawa-quadro-lux-120170x75-bialy-polysk-czarny-polysk-rozkladana","status":"publish","type":"product","link":"https:\/\/baldumarket.lt\/lt\/product\/lawa-quadro-lux-120170x75-bialy-polysk-czarny-polysk-rozkladana\/","title":{"rendered":"QUADRO LUX kavos staliukas 120(170)x75 blizgiai baltas\/blizgiai juodas, i\u0161traukiamas"},"content":{"rendered":"<p>Eleganti\u0161kas QUADRO LUX kavos staliukas svetainei<br \/>\nQUADRO LUX kavos staliukas \u2013 tai funkcionalus svetain\u0117s staliukas, pasi\u017eymintis moderniu dizainu ir madingu juodai baltu spalv\u0173 deriniu. \u0160is Lenkijoje pagamintas kavos staliukas pagamintas i\u0161 MDF plok\u0161t\u0117s, padengtos akriliniu kilim\u0117liu, kuris padidina atsparum\u0105 \u012fbr\u0117\u017eimams ir UV spinduliams. Akrilo sluoksnis suteikia kavos staliukui blizgan\u010di\u0105 apdail\u0105, primenan\u010di\u0105 veidrod\u012f. Kavos staliukas turi sinchroninius rutulinius guolius, kurie leid\u017eia greitai ir lengvai i\u0161skleisti stalvir\u0161\u012f. Tiesiog \u0161velniai patraukite vien\u0105 stalvir\u0161io gal\u0105, ir kitas tuo pa\u010diu metu i\u0161sk\u0117s. Tiesiai po stalvir\u0161iu yra \u012fd\u0117klas, kuris prailgina stalvir\u0161\u012f iki 170 cm. Kavos staliukas taip pat turi skland\u0173 auk\u0161\u010dio reguliavim\u0105, tod\u0117l j\u012f galima naudoti kaip stal\u0105. Tiesiog prid\u0117kite k\u0117des, kad b\u016bt\u0173 patogu s\u0117d\u0117ti ir su \u0161eima pietauti. \u0160is QUADRO LUX kavos staliukas bus vertingas ir funkcionalus j\u016bs\u0173 svetain\u0117s papildymas. Produkto savyb\u0117s<br \/>\nLenki\u0161kas produktas,<br \/>\nMa\u0161ininis apdirbimas i\u0161 MDF plok\u0161t\u0117s su blizgiu akriliniu kilim\u0117liu,<br \/>\nI\u0161traukiamas stalvir\u0161is su pasl\u0117ptu \u012fd\u0117klu,<br \/>\n\u012erengti sinchroniniai rutulini\u0173 guoli\u0173 b\u0117geliai,<br \/>\nKavos staliukas su skland\u017eiu auk\u0161\u010dio reguliavimu,<br \/>\nReikalingas savaranki\u0161kas surinkimas,<br \/>\nSi\u016blome plat\u0173 bald\u0173 pasirinkim\u0105, skirt\u0105 pilnam nam\u0173 apstatymo sprendimui.<\/p>","protected":false},"excerpt":{"rendered":"<p>MATMENYS<br \/>\n\u016agis \u2013 [cm] 54<br \/>\nDid\u017eiausias auk\u0161tis \u2013 [cm] 74<br \/>\nIlgis \u2013 [cm] 120<br \/>\nIlgis po prailginimo \u2013 [cm] 170<br \/>\nPlotis \u2013 [cm] 75<br \/>\nSTATYBA<br \/>\nKavos staliuko tipas \u2013 i\u0161traukiamas<br \/>\nVir\u0161utin\u0117 forma \u2013 sta\u010diakamp\u0117<br \/>\nVir\u0161utinio dang\u010dio tipas \u2013 MDF<br \/>\nVir\u0161utin\u0117s dalies spalva \u2013 blizgi balta\/blizgi juoda<br \/>\nKojeli\u0173 tipas \u2013 MDF<br \/>\nKoj\u0173 spalva \u2013 blizgi balta\/blizgi juoda<\/p>","protected":false},"featured_media":192659,"comment_status":"open","ping_status":"open","template":"","meta":[],"product_brand":[],"product_cat":[866,4774],"product_tag":[],"class_list":{"0":"post-192658","1":"product","2":"type-product","3":"status-publish","4":"has-post-thumbnail","6":"product_cat-coffee-tables","7":"product_cat-hubertus-design","9":"first","10":"instock","11":"purchasable","12":"product-type-simple"},"_links":{"self":[{"href":"https:\/\/baldumarket.lt\/lt\/wp-json\/wp\/v2\/product\/192658","targetHints":{"allow":["GET"]}}],"collection":[{"href":"https:\/\/baldumarket.lt\/lt\/wp-json\/wp\/v2\/product"}],"about":[{"href":"https:\/\/baldumarket.lt\/lt\/wp-json\/wp\/v2\/types\/product"}],"replies":[{"embeddable":true,"href":"https:\/\/baldumarket.lt\/lt\/wp-json\/wp\/v2\/comments?post=192658"}],"wp:featuredmedia":[{"embeddable":true,"href":"https:\/\/baldumarket.lt\/lt\/wp-json\/wp\/v2\/media\/192659"}],"wp:attachment":[{"href":"https:\/\/baldumarket.lt\/lt\/wp-json\/wp\/v2\/media?parent=192658"}],"wp:term":[{"taxonomy":"product_brand","embeddable":true,"href":"https:\/\/baldumarket.lt\/lt\/wp-json\/wp\/v2\/product_brand?post=192658"},{"taxonomy":"product_cat","embeddable":true,"href":"https:\/\/baldumarket.lt\/lt\/wp-json\/wp\/v2\/product_cat?post=192658"},{"taxonomy":"product_tag","embeddable":true,"href":"https:\/\/baldumarket.lt\/lt\/wp-json\/wp\/v2\/product_tag?post=192658"}],"curies":[{"name":"wp","href":"https:\/\/api.w.org\/{rel}","templated":true}]}}