{"id":192653,"date":"2025-12-23T14:08:59","date_gmt":"2025-12-23T11:08:59","guid":{"rendered":"https:\/\/baldumarket.lt\/product\/lawa-quadro-lux-120170x75-czarny-polysk-bialy-polysk-rozkladana\/"},"modified":"2026-02-03T23:24:47","modified_gmt":"2026-02-03T20:24:47","slug":"lawa-quadro-lux-120170x75-czarny-polysk-bialy-polysk-rozkladana","status":"publish","type":"product","link":"https:\/\/baldumarket.lt\/lt\/product\/lawa-quadro-lux-120170x75-czarny-polysk-bialy-polysk-rozkladana\/","title":{"rendered":"QUADRO LUX kavos staliukas 120(170)x75 blizgi juoda\/blizgi balta, i\u0161traukiamas"},"content":{"rendered":"<p>Lenki\u0161kas QUADRO LUX kavos staliukas su auk\u0161\u010dio reguliavimu<br \/>\nQUADRO LUX kavos staliukas puikiai tinka ma\u017eoms erdv\u0117ms, kur n\u0117ra pakankamai vietos ir kavos staliukui, ir stalui. \u0160is svetain\u0117s kavos staliukas pasi\u017eymi skland\u017eiu auk\u0161\u010dio reguliavimu, tod\u0117l j\u012f galima naudoti kaip stal\u0105. \u0160is Lenkijoje pagamintas i\u0161traukiamas kavos staliukas turi sinchroninius rutulinius guolius, tod\u0117l stal\u0105 labai lengva i\u0161traukti. Tiesiog \u0161velniai patraukite vien\u0105 stalvir\u0161io pus\u0119, ir kita prad\u0117s i\u0161t\u012fsti vienu metu. \u012ed\u0117klas yra tiesiai po stalvir\u0161iu, tod\u0117l j\u012f lengva pasiekti. Svetain\u0117s kavos staliukas pagamintas i\u0161 MDF plok\u0161t\u0117s, padengtos akriliniu kilim\u0117liu, kuris suteikia jam blizgi\u0105, veidrodin\u0119 apdail\u0105. Akrilas pasi\u017eymi padidintu atsparumu \u012fbr\u0117\u017eimams ir UV spinduliams. Juodai baltas QUADRO LUX kavos staliukas \u017eavi moderniu, ta\u010diau minimalistiniu dizainu. Produkto savyb\u0117s<br \/>\nLenki\u0161kas produktas,<br \/>\nMa\u0161ininis apdirbimas i\u0161 MDF plok\u0161t\u0117s su blizgiu akriliniu kilim\u0117liu,<br \/>\nI\u0161traukiamas stalvir\u0161is su pasl\u0117ptu \u012fd\u0117klu,<br \/>\n\u012erengti sinchroniniai rutulini\u0173 guoli\u0173 b\u0117geliai,<br \/>\nKavos staliukas su skland\u017eiu auk\u0161\u010dio reguliavimu,<br \/>\nReikalingas savaranki\u0161kas surinkimas,<br \/>\nSi\u016blome plat\u0173 bald\u0173 pasirinkim\u0105, skirt\u0105 pilnam nam\u0173 apstatymo sprendimui.<\/p>","protected":false},"excerpt":{"rendered":"<p>MATMENYS<br \/>\n\u016agis \u2013 [cm] 54<br \/>\nDid\u017eiausias auk\u0161tis \u2013 [cm] 74<br \/>\nIlgis \u2013 [cm] 120<br \/>\nIlgis po prailginimo \u2013 [cm] 170<br \/>\nPlotis \u2013 [cm] 75<br \/>\nSTATYBA<br \/>\nKavos staliuko tipas \u2013 i\u0161traukiamas<br \/>\nVir\u0161utin\u0117 forma \u2013 sta\u010diakamp\u0117<br \/>\nVir\u0161utinio dang\u010dio tipas \u2013 MDF<br \/>\nVir\u0161utin\u0117s dalies spalva \u2013 blizgi juoda \/ blizgi balta<br \/>\nKojeli\u0173 tipas \u2013 MDF<br \/>\nKojeli\u0173 spalva \u2013 blizgi juoda \/ blizgi balta<\/p>","protected":false},"featured_media":192654,"comment_status":"open","ping_status":"open","template":"","meta":[],"product_brand":[],"product_cat":[866,4774],"product_tag":[],"class_list":{"0":"post-192653","1":"product","2":"type-product","3":"status-publish","4":"has-post-thumbnail","6":"product_cat-coffee-tables","7":"product_cat-hubertus-design","9":"first","10":"instock","11":"purchasable","12":"product-type-simple"},"_links":{"self":[{"href":"https:\/\/baldumarket.lt\/lt\/wp-json\/wp\/v2\/product\/192653","targetHints":{"allow":["GET"]}}],"collection":[{"href":"https:\/\/baldumarket.lt\/lt\/wp-json\/wp\/v2\/product"}],"about":[{"href":"https:\/\/baldumarket.lt\/lt\/wp-json\/wp\/v2\/types\/product"}],"replies":[{"embeddable":true,"href":"https:\/\/baldumarket.lt\/lt\/wp-json\/wp\/v2\/comments?post=192653"}],"wp:featuredmedia":[{"embeddable":true,"href":"https:\/\/baldumarket.lt\/lt\/wp-json\/wp\/v2\/media\/192654"}],"wp:attachment":[{"href":"https:\/\/baldumarket.lt\/lt\/wp-json\/wp\/v2\/media?parent=192653"}],"wp:term":[{"taxonomy":"product_brand","embeddable":true,"href":"https:\/\/baldumarket.lt\/lt\/wp-json\/wp\/v2\/product_brand?post=192653"},{"taxonomy":"product_cat","embeddable":true,"href":"https:\/\/baldumarket.lt\/lt\/wp-json\/wp\/v2\/product_cat?post=192653"},{"taxonomy":"product_tag","embeddable":true,"href":"https:\/\/baldumarket.lt\/lt\/wp-json\/wp\/v2\/product_tag?post=192653"}],"curies":[{"name":"wp","href":"https:\/\/api.w.org\/{rel}","templated":true}]}}