{"id":192649,"date":"2025-12-23T14:08:41","date_gmt":"2025-12-23T11:08:41","guid":{"rendered":"https:\/\/baldumarket.lt\/product\/stol-viva-2-160256x89-czarny-polysk-rozkladany\/"},"modified":"2026-02-14T12:29:58","modified_gmt":"2026-02-14T09:29:58","slug":"stol-viva-2-160256x89-czarny-polysk-rozkladany","status":"publish","type":"product","link":"https:\/\/baldumarket.lt\/lt\/product\/stol-viva-2-160256x89-czarny-polysk-rozkladany\/","title":{"rendered":"VIVA 2 stalas 160(256)x89 juodas blizgus i\u0161traukiamas"},"content":{"rendered":"<p>Lenki\u0161kas VIVA 2 valgomojo stalas<br \/>\nVIVA 2 stalas \u2013 tai didelis, i\u0161traukiamas valgomojo stalas, pasi\u017eymintis avangardiniu dizainu ir nesenstan\u010diomis spalvomis. Stalas apdailintas blizgia juoda spalva. Juoda spalv\u0173 gama visada papildys bet kok\u012f interjer\u0105 ir dekor\u0105, nepaisant dabartini\u0173 tendencij\u0173. \u0160is modernus stalas pasi\u017eymi unikaliai suprojektuotu pagrindu, kur\u012f sudaro keturios V formos i\u0161d\u0117stytos sijos. Stalas turi du prailginimus po stalvir\u0161iu. \u0160ie prailginimai leid\u017eia stal\u0105 prailginti iki 208 arba 256 cm ilgio. D\u0117l sinchronini\u0173 rutulini\u0173 guoli\u0173 b\u0117geli\u0173 \u012frengimo stalas greitai ir lengvai i\u0161siple\u010dia. Tiesiog \u0161velniai patraukite stalvir\u0161\u012f i\u0161 vienos pus\u0117s, o kita i\u0161siskleis vienu metu. Dizainerio VIVA 2 stalas yra lenki\u0161kas gaminys, pagamintas i\u0161 MDF plok\u0161t\u0117s, padengtos akriliniu kilim\u0117liu, suteikian\u010diu jam blizg\u0173 pavir\u0161i\u0173, pana\u0161\u0173 \u012f veidrod\u012f. Plok\u0161t\u0117 pasi\u017eymi padidintu atsparumu \u012fbr\u0117\u017eimams ir UV spinduliams. Norint ilg\u0105 laik\u0105 i\u0161laikyti auk\u0161t\u0105 stalo kokyb\u0119, gamintojas rekomenduoja naudoti kilim\u0117lius. Produkto savyb\u0117s<br \/>\nLenki\u0161kas produktas,<br \/>\nstalas pagamintas i\u0161 MDF plok\u0161t\u0117s, padengtos blizgiu akriliniu kilim\u0117liu,<br \/>\ni\u0161traukiamas stalvir\u0161is su dviem \u012fd\u0117klais, pasl\u0117ptais po stalvir\u0161iu,<br \/>\napr\u016bpintas sinchroniniais rutuliniais guoliais,<br \/>\nsavaranki\u0161kam surinkimui,<br \/>\nSi\u016blome plat\u0173 bald\u0173 pasirinkim\u0105, leid\u017eiant\u012f pilnai \u012frengti namus.<\/p>","protected":false},"excerpt":{"rendered":"<p>MATMENYS<br \/>\nIlgis \u2013 [cm] 160<br \/>\nIlgis i\u0161skleidus \u2013 [cm] 256<br \/>\nPlotis \u2013 [cm] 89<br \/>\n\u016agis \u2013 [cm] 75<br \/>\nSTATYBA<br \/>\nStalo tipas \u2013 i\u0161skleid\u017eiamas<br \/>\nPrat\u0119simo b\u016bdas \u2013 prailginamas<br \/>\nVir\u0161utin\u0117 forma \u2013 sta\u010diakamp\u0117<br \/>\nVir\u0161utinio tipo \u2013 laminuotas MDF<br \/>\nVir\u0161utin\u0117 spalva \u2013 blizgi juoda<br \/>\nKojeli\u0173 tipas \u2013 laminuotas MDF<br \/>\nKoj\u0173 spalva \u2013 blizgi juoda<br \/>\nSvoris \u2013 [kg] 98<\/p>","protected":false},"featured_media":192650,"comment_status":"open","ping_status":"open","template":"","meta":[],"product_brand":[],"product_cat":[9622,4774,1934],"product_tag":[],"class_list":{"0":"post-192649","1":"product","2":"type-product","3":"status-publish","4":"has-post-thumbnail","6":"product_cat-table-viva-2-hubertus","7":"product_cat-hubertus-design","8":"product_cat-tables","10":"first","11":"instock","12":"purchasable","13":"product-type-simple"},"_links":{"self":[{"href":"https:\/\/baldumarket.lt\/lt\/wp-json\/wp\/v2\/product\/192649","targetHints":{"allow":["GET"]}}],"collection":[{"href":"https:\/\/baldumarket.lt\/lt\/wp-json\/wp\/v2\/product"}],"about":[{"href":"https:\/\/baldumarket.lt\/lt\/wp-json\/wp\/v2\/types\/product"}],"replies":[{"embeddable":true,"href":"https:\/\/baldumarket.lt\/lt\/wp-json\/wp\/v2\/comments?post=192649"}],"wp:featuredmedia":[{"embeddable":true,"href":"https:\/\/baldumarket.lt\/lt\/wp-json\/wp\/v2\/media\/192650"}],"wp:attachment":[{"href":"https:\/\/baldumarket.lt\/lt\/wp-json\/wp\/v2\/media?parent=192649"}],"wp:term":[{"taxonomy":"product_brand","embeddable":true,"href":"https:\/\/baldumarket.lt\/lt\/wp-json\/wp\/v2\/product_brand?post=192649"},{"taxonomy":"product_cat","embeddable":true,"href":"https:\/\/baldumarket.lt\/lt\/wp-json\/wp\/v2\/product_cat?post=192649"},{"taxonomy":"product_tag","embeddable":true,"href":"https:\/\/baldumarket.lt\/lt\/wp-json\/wp\/v2\/product_tag?post=192649"}],"curies":[{"name":"wp","href":"https:\/\/api.w.org\/{rel}","templated":true}]}}