{"id":192647,"date":"2025-12-23T14:08:34","date_gmt":"2025-12-23T11:08:34","guid":{"rendered":"https:\/\/baldumarket.lt\/product\/stol-viva-160256x89-czarny-polysk-rozkladany\/"},"modified":"2026-02-14T12:33:10","modified_gmt":"2026-02-14T09:33:10","slug":"stol-viva-160256x89-czarny-polysk-rozkladany","status":"publish","type":"product","link":"https:\/\/baldumarket.lt\/lt\/product\/stol-viva-160256x89-czarny-polysk-rozkladany\/","title":{"rendered":"VIVA stalas 160(256)x89 juodas blizgus i\u0161traukiamas"},"content":{"rendered":"<p>Modernus VIVA valgomojo stalas<br \/>\nVIVA stalas \u2013 puikus pasirinkimas tiems, kurie vertina funkcionalum\u0105 ir unikal\u0173 dizain\u0105. Stalas yra i\u0161traukiamas, o sinchronini\u0173 rutulini\u0173 guoli\u0173 b\u0117geli\u0173 d\u0117ka stalvir\u0161io i\u0161traukimas yra labai paprastas ir patogus. Tiesiog \u0161velniai patraukite stalvir\u0161\u012f i\u0161 vienos pus\u0117s, ir kita stalvir\u0161io pus\u0117 i\u0161siskleis tuo pa\u010diu metu. Prailginimo \u012fd\u0117klai yra laikomi po stalvir\u0161iu, tod\u0117l juos lengva pasiekti. Stal\u0105 galima prailginti naudojant vien\u0105 arba du prailginimus. Tai leid\u017eia reguliuoti stalo dyd\u012f pagal savo poreikius ir sve\u010di\u0173 skai\u010di\u0173. \u0160is Lenkijoje pagamintas valgomojo stalas pagamintas tik i\u0161 MDF plok\u0161t\u0117s, padengtos akriliniu kilim\u0117liu, suteikian\u010diu jam blizgi\u0105, \u012f veidrod\u012f pana\u0161i\u0105 apdail\u0105. Lenta pasi\u017eymi padidintu atsparumu \u012fbr\u0117\u017eimams ir UV spinduliams. Dizainerio sukurtas VIVA stalas yra puikus modernios svetain\u0117s papildymas. O madinga ir nesenstanti juoda spalva u\u017etikrina, kad \u0161is i\u0161traukiamas stalas visada atrodys puikiai, nepaisant dabartini\u0173 tendencij\u0173. Produkto savyb\u0117s<br \/>\nLenki\u0161kas produktas,<br \/>\nstalas pagamintas i\u0161 MDF plok\u0161t\u0117s, padengtos blizgiu akriliniu kilim\u0117liu,<br \/>\ni\u0161traukiamas stalvir\u0161is su dviem \u012fd\u0117klais, pasl\u0117ptais po stalvir\u0161iu,<br \/>\napr\u016bpintas sinchroniniais rutuliniais guoliais,<br \/>\nsavaranki\u0161kam surinkimui,<br \/>\nSi\u016blome plat\u0173 bald\u0173 pasirinkim\u0105, leid\u017eiant\u012f pilnai \u012frengti namus.<\/p>","protected":false},"excerpt":{"rendered":"<p>MATMENYS<br \/>\nIlgis \u2013 [cm] 160<br \/>\nIlgis i\u0161skleidus \u2013 [cm] 256<br \/>\nPlotis \u2013 [cm] 89<br \/>\n\u016agis \u2013 [cm] 75<br \/>\nSTATYBA<br \/>\nStalo tipas \u2013 i\u0161skleid\u017eiamas<br \/>\nPrat\u0119simo b\u016bdas \u2013 prailginamas<br \/>\nVir\u0161utin\u0117 forma \u2013 sta\u010diakamp\u0117<br \/>\nVir\u0161utinio tipo \u2013 laminuotas MDF<br \/>\nVir\u0161utin\u0117 spalva \u2013 blizgi juoda<br \/>\nKojeli\u0173 tipas \u2013 laminuotas MDF<br \/>\nKoj\u0173 spalva \u2013 blizgi juoda<br \/>\nSvoris \u2013 [kg] 98<\/p>","protected":false},"featured_media":192648,"comment_status":"open","ping_status":"open","template":"","meta":[],"product_brand":[],"product_cat":[9623,4774,1934],"product_tag":[],"class_list":{"0":"post-192647","1":"product","2":"type-product","3":"status-publish","4":"has-post-thumbnail","6":"product_cat-table-viva-hubertus","7":"product_cat-hubertus-design","8":"product_cat-tables","10":"first","11":"instock","12":"purchasable","13":"product-type-simple"},"_links":{"self":[{"href":"https:\/\/baldumarket.lt\/lt\/wp-json\/wp\/v2\/product\/192647","targetHints":{"allow":["GET"]}}],"collection":[{"href":"https:\/\/baldumarket.lt\/lt\/wp-json\/wp\/v2\/product"}],"about":[{"href":"https:\/\/baldumarket.lt\/lt\/wp-json\/wp\/v2\/types\/product"}],"replies":[{"embeddable":true,"href":"https:\/\/baldumarket.lt\/lt\/wp-json\/wp\/v2\/comments?post=192647"}],"wp:featuredmedia":[{"embeddable":true,"href":"https:\/\/baldumarket.lt\/lt\/wp-json\/wp\/v2\/media\/192648"}],"wp:attachment":[{"href":"https:\/\/baldumarket.lt\/lt\/wp-json\/wp\/v2\/media?parent=192647"}],"wp:term":[{"taxonomy":"product_brand","embeddable":true,"href":"https:\/\/baldumarket.lt\/lt\/wp-json\/wp\/v2\/product_brand?post=192647"},{"taxonomy":"product_cat","embeddable":true,"href":"https:\/\/baldumarket.lt\/lt\/wp-json\/wp\/v2\/product_cat?post=192647"},{"taxonomy":"product_tag","embeddable":true,"href":"https:\/\/baldumarket.lt\/lt\/wp-json\/wp\/v2\/product_tag?post=192647"}],"curies":[{"name":"wp","href":"https:\/\/api.w.org\/{rel}","templated":true}]}}