{"id":192637,"date":"2025-12-23T14:07:51","date_gmt":"2025-12-23T11:07:51","guid":{"rendered":"https:\/\/baldumarket.lt\/product\/stol-rozkladany-viva-160256x89-bialy-marmur-bialy-polysk\/"},"modified":"2026-02-14T12:33:10","modified_gmt":"2026-02-14T09:33:10","slug":"stol-rozkladany-viva-160256x89-bialy-marmur-bialy-polysk","status":"publish","type":"product","link":"https:\/\/baldumarket.lt\/lt\/product\/stol-rozkladany-viva-160256x89-bialy-marmur-bialy-polysk\/","title":{"rendered":"VIVA i\u0161skleid\u017eiamas stalas 160(256)x89 baltas marmuras\/balta blizgi spalva"},"content":{"rendered":"<p>Eleganti\u0161kas VIVA i\u0161skleid\u017eiamas valgomojo stalas<br \/>\nVIVA i\u0161skleid\u017eiamas valgomojo stalas \u2013 puikus pasirinkimas tiems, kurie vertina funkcionalum\u0105 ir unikal\u0173 dizain\u0105. \u0160is lenki\u0161kas gaminys buvo sukurtas galvojant apie avangardin\u012f ir eleganti\u0161k\u0105 interjer\u0105, pasi\u017eymint\u012f \u017eavingu stiliumi. Stalas i\u0161skleid\u017eiamas, o d\u0117l sinchronini\u0173 rutulini\u0173 guoli\u0173 b\u0117geli\u0173 stalvir\u0161io i\u0161skleidimas yra labai paprastas ir nesud\u0117tingas. Tiesiog \u0161velniai patraukite stalvir\u0161\u012f i\u0161 vienos pus\u0117s, ir kita pus\u0117 i\u0161siskleis tuo pa\u010diu metu. Prailginimo \u012fd\u0117klai yra laikomi po stalvir\u0161iu, kad b\u016bt\u0173 lengva juos pasiekti. Stal\u0105 galima prailginti vienu arba dviem prailginimais, tod\u0117l galite pritaikyti stalo dyd\u012f pagal savo poreikius ir sve\u010di\u0173 skai\u010di\u0173.<br \/>\nVIVA stalvir\u0161iui sukurti gamintojas naudojo savo gamybos MDF plok\u0161t\u0119 su balt\u0105 marmur\u0105 imituojan\u010diu pavir\u0161iaus ra\u0161tu. Ant plok\u0161t\u0117s esantis spaudas, pagamintas naudojant inovatyvi\u0105 skyst\u0173 polimerini\u0173 da\u017e\u0173 spausdinimo technologij\u0105, yra ap\u0161vitinamas UV LED lempomis, kurios polimerizuoja da\u017eus. Tai sukietina spaud\u0105 ir padidina atsparum\u0105 \u012fbr\u0117\u017eimams bei UV spinduliams. I\u0161skirtinis stalo pagrindas su \u012fdomiu pynimu pagamintas i\u0161 baltos MDF plok\u0161t\u0117s, padengtos blizgiu akriliniu kilim\u0117liu.<br \/>\nProdukto savyb\u0117s<br \/>\nLenki\u0161kas produktas,<br \/>\nStalas pagamintas i\u0161 blizgios MDF plok\u0161t\u0117s,<br \/>\nStalvir\u0161is padengtas balt\u0105 marmur\u0105 imituojan\u010diu ra\u0161tu,<br \/>\nStalo kojos blizgios baltos spalvos,<br \/>\nI\u0161traukiamas stalvir\u0161is su dviem \u012fd\u0117klais, pasl\u0117ptais po stalvir\u0161iu,<br \/>\n\u012erengti sinchroniniais rutuliniais guoliais varomomis slydimo sistemomis,<br \/>\nReikalingas savaranki\u0161kas surinkimas.<br \/>\nSi\u016blome plat\u0173 bald\u0173 pasirinkim\u0105, leid\u017eiant\u012f pilnai \u012frengti namus.<\/p>","protected":false},"excerpt":{"rendered":"<p>MATMENYS<br \/>\nIlgis \u2013 [cm] 160<br \/>\nIlgis i\u0161skleidus \u2013 [cm] 256<br \/>\nPlotis \u2013 [cm] 89<br \/>\n\u016agis \u2013 [cm] 75<br \/>\nSTATYBA<br \/>\nStalo tipas \u2013 i\u0161skleid\u017eiamas<br \/>\nPrat\u0119simo b\u016bdas \u2013 prailginamas<br \/>\nVir\u0161utin\u0117 forma \u2013 sta\u010diakamp\u0117<br \/>\nVir\u0161utinio tipo \u2013 laminuotas MDF<br \/>\nVir\u0161utin\u0117 spalva \u2013 baltas marmuras<br \/>\nKojeli\u0173 tipas \u2013 laminuotas MDF<br \/>\nKoj\u0173 spalva \u2013 blizgi balta<br \/>\nSvoris \u2013 [kg] 98<\/p>","protected":false},"featured_media":192638,"comment_status":"open","ping_status":"open","template":"","meta":[],"product_brand":[],"product_cat":[9623,4774,1934],"product_tag":[],"class_list":{"0":"post-192637","1":"product","2":"type-product","3":"status-publish","4":"has-post-thumbnail","6":"product_cat-table-viva-hubertus","7":"product_cat-hubertus-design","8":"product_cat-tables","10":"first","11":"instock","12":"purchasable","13":"product-type-simple"},"_links":{"self":[{"href":"https:\/\/baldumarket.lt\/lt\/wp-json\/wp\/v2\/product\/192637","targetHints":{"allow":["GET"]}}],"collection":[{"href":"https:\/\/baldumarket.lt\/lt\/wp-json\/wp\/v2\/product"}],"about":[{"href":"https:\/\/baldumarket.lt\/lt\/wp-json\/wp\/v2\/types\/product"}],"replies":[{"embeddable":true,"href":"https:\/\/baldumarket.lt\/lt\/wp-json\/wp\/v2\/comments?post=192637"}],"wp:featuredmedia":[{"embeddable":true,"href":"https:\/\/baldumarket.lt\/lt\/wp-json\/wp\/v2\/media\/192638"}],"wp:attachment":[{"href":"https:\/\/baldumarket.lt\/lt\/wp-json\/wp\/v2\/media?parent=192637"}],"wp:term":[{"taxonomy":"product_brand","embeddable":true,"href":"https:\/\/baldumarket.lt\/lt\/wp-json\/wp\/v2\/product_brand?post=192637"},{"taxonomy":"product_cat","embeddable":true,"href":"https:\/\/baldumarket.lt\/lt\/wp-json\/wp\/v2\/product_cat?post=192637"},{"taxonomy":"product_tag","embeddable":true,"href":"https:\/\/baldumarket.lt\/lt\/wp-json\/wp\/v2\/product_tag?post=192637"}],"curies":[{"name":"wp","href":"https:\/\/api.w.org\/{rel}","templated":true}]}}