{"id":192628,"date":"2025-12-23T14:07:23","date_gmt":"2025-12-23T11:07:23","guid":{"rendered":"https:\/\/baldumarket.lt\/product\/stol-rozkladany-grande-160412x100-bialy-polysk\/"},"modified":"2026-02-14T11:01:50","modified_gmt":"2026-02-14T08:01:50","slug":"stol-rozkladany-grande-160412x100-bialy-polysk","status":"publish","type":"product","link":"https:\/\/baldumarket.lt\/lt\/product\/stol-rozkladany-grande-160412x100-bialy-polysk\/","title":{"rendered":"GRANDE i\u0161skleid\u017eiamas stalas 160(412)x100 baltas blizgus"},"content":{"rendered":"<p>Didelis GRANDE i\u0161traukiamas stalas 22 \u017emon\u0117ms<br \/>\nGRANDE i\u0161traukiamas stalas yra absoliutus bald\u0173 rinkos hitas d\u0117l savo modernaus dizaino ir funkcionalumo. Stalvir\u0161is remiasi \u012f dekoruot\u0105 kojel\u0119, kurioje pasl\u0117ptas skyrius stalvir\u0161io prailginimui. \u0160is dizainerio sukurtas stalas turi keturis i\u0161traukiamus stalvir\u0161io \u012fd\u0117klus, kuri\u0173 kiekvien\u0105 galima naudoti atskirai, tod\u0117l galite reguliuoti stalvir\u0161io dyd\u012f pagal savo poreikius ir pasiekti 160, 223, 286, 349 ir 412 cm ilg\u012f. Stalo i\u0161traukimas yra labai paprastas ir lengvas d\u0117l plienini\u0173 rutulini\u0173 guoli\u0173 b\u0117geli\u0173. Be to, stalas turi keturias \u0161onines kojeles, kurios i\u0161skleist\u0105 stalvir\u0161\u012f stabilizuoja. Did\u017eiausias \u0161io stalo privalumas \u2013 prie jo gali sus\u0117sti iki 22 \u017emoni\u0173.<br \/>\nModernus i\u0161traukiamas GRANDE stalas pagamintas Lenkijos gamintojo i\u0161 auk\u0161tos kokyb\u0117s MDF plok\u0161t\u0117s, padengtos blizgiu akriliniu kilim\u0117liu. \u0160i med\u017eiaga pasi\u017eymi padidintu atsparumu \u012fbr\u0117\u017eimams ir UV spinduliams, tod\u0117l ji nei\u0161bluks net veikiama saul\u0117s spinduli\u0173. D\u0117l didelio stalvir\u0161io atsparumo kar\u0161\u010diui (iki 100 \u00b0C) ant jo galima d\u0117ti kar\u0161tus patiekalus. \u0160is baltas valgomojo ir svetain\u0117s stalas puikiai atrodys tiek moderniame, tiek prabangiame interjere.<br \/>\nProdukto savyb\u0117s<br \/>\nLenki\u0161kas produktas,<br \/>\nStalas blizgan\u010dios baltos spalvos,<br \/>\nStalas pagamintas i\u0161 blizgios MDF plok\u0161t\u0117s,<br \/>\nI\u0161traukiamas stalvir\u0161is su keturiais \u012fd\u0117klais, pasl\u0117ptais kojoje,<br \/>\nKeturios papildomos \u0161onin\u0117s kojel\u0117s stabilizuoja stal\u0105, kai jis i\u0161tiestas,<br \/>\n\u012erengti rutuliniais guoliais varomomis b\u0117gel\u0117mis,<br \/>\nPrie stalo telpa iki 22 \u017emoni\u0173,<br \/>\nPlastikiniai slydikliai yra po pagrindu,<br \/>\nReikalingas savaranki\u0161kas surinkimas.<br \/>\nSi\u016blome plat\u0173 bald\u0173 pasirinkim\u0105, skirt\u0105 pilnam nam\u0173 apstatymo sprendimui.<\/p>","protected":false},"excerpt":{"rendered":"<p>MATMENYS<br \/>\nIlgis \u2013 [cm] 160<br \/>\nIlgis i\u0161skleidus \u2013 [cm] 412<br \/>\nPlotis \u2013 [cm] 100<br \/>\n\u016agis \u2013 [cm] 75<br \/>\nSTATYBA<br \/>\nStalo tipas \u2013 i\u0161skleid\u017eiamas<br \/>\nPrat\u0119simo b\u016bdas \u2013 prailginamas<br \/>\nVir\u0161utin\u0117 forma \u2013 sta\u010diakamp\u0117<br \/>\nVir\u0161utinio tipo \u2013 laminuotas MDF<br \/>\nVir\u0161utin\u0117 spalva \u2013 blizgi balta<br \/>\nKojeli\u0173 tipas \u2013 laminuotas MDF<br \/>\nKoj\u0173 spalva \u2013 blizgi balta<br \/>\nSvoris \u2013 [kg] 140<\/p>","protected":false},"featured_media":192629,"comment_status":"open","ping_status":"open","template":"","meta":[],"product_brand":[],"product_cat":[9608,4774,1934],"product_tag":[],"class_list":{"0":"post-192628","1":"product","2":"type-product","3":"status-publish","4":"has-post-thumbnail","6":"product_cat-table-grande-hubertus","7":"product_cat-hubertus-design","8":"product_cat-tables","10":"first","11":"instock","12":"purchasable","13":"product-type-simple"},"_links":{"self":[{"href":"https:\/\/baldumarket.lt\/lt\/wp-json\/wp\/v2\/product\/192628","targetHints":{"allow":["GET"]}}],"collection":[{"href":"https:\/\/baldumarket.lt\/lt\/wp-json\/wp\/v2\/product"}],"about":[{"href":"https:\/\/baldumarket.lt\/lt\/wp-json\/wp\/v2\/types\/product"}],"replies":[{"embeddable":true,"href":"https:\/\/baldumarket.lt\/lt\/wp-json\/wp\/v2\/comments?post=192628"}],"wp:featuredmedia":[{"embeddable":true,"href":"https:\/\/baldumarket.lt\/lt\/wp-json\/wp\/v2\/media\/192629"}],"wp:attachment":[{"href":"https:\/\/baldumarket.lt\/lt\/wp-json\/wp\/v2\/media?parent=192628"}],"wp:term":[{"taxonomy":"product_brand","embeddable":true,"href":"https:\/\/baldumarket.lt\/lt\/wp-json\/wp\/v2\/product_brand?post=192628"},{"taxonomy":"product_cat","embeddable":true,"href":"https:\/\/baldumarket.lt\/lt\/wp-json\/wp\/v2\/product_cat?post=192628"},{"taxonomy":"product_tag","embeddable":true,"href":"https:\/\/baldumarket.lt\/lt\/wp-json\/wp\/v2\/product_tag?post=192628"}],"curies":[{"name":"wp","href":"https:\/\/api.w.org\/{rel}","templated":true}]}}