{"id":192580,"date":"2025-12-23T14:04:27","date_gmt":"2025-12-23T11:04:27","guid":{"rendered":"https:\/\/baldumarket.lt\/product\/stol-rozkladany-vegas-160256x89-czarny-polysk\/"},"modified":"2026-02-14T12:26:07","modified_gmt":"2026-02-14T09:26:07","slug":"stol-rozkladany-vegas-160256x89-czarny-polysk","status":"publish","type":"product","link":"https:\/\/baldumarket.lt\/lt\/product\/stol-rozkladany-vegas-160256x89-czarny-polysk\/","title":{"rendered":"VEGAS i\u0161skleid\u017eiamas stalas 160(256)x89 juodas blizgus"},"content":{"rendered":"<p>Avangardinis VEGAS blizgus i\u0161skleid\u017eiamas stalas<br \/>\nVEGAS prailginamas stalas \u017eavi moderniu dizainu ir auk\u0161tos kokyb\u0117s meistri\u0161kumu, tod\u0117l tai baldas, kuris tarnaus ilgus metus. Stalo pagrindas yra raid\u0117s V formos \u2013 tai nuoroda \u012f pergal\u0117s simbol\u012f. \u0160is dizainerio sukurtas stalas turi du prailginamus stalo prailginimus, kurie pasl\u0117pti po stalvir\u0161iu. Pagrindinis privalumas \u2013 galimyb\u0117 stal\u0105 prailginti iki 160\u2013208\u2013256 cm ilgio. Be to, stalas turi rutulinius guolius, tod\u0117l j\u012f galima greitai ir lengvai prailginti.<br \/>\n\u0160is Lenkijoje pagamintas vienos kojos stalas yra pagamintas i\u0161 auk\u0161tos kokyb\u0117s MDF plok\u0161t\u0117s, padengtos blizgiu akriliniu kilim\u0117liu. \u0160i med\u017eiaga pasi\u017eymi padidintu atsparumu \u012fbr\u0117\u017eimams ir UV spinduliams, tod\u0117l ji nei\u0161bluks veikiama tiesiogini\u0173 saul\u0117s spinduli\u0173. D\u0117l didelio stalvir\u0161io atsparumo kar\u0161\u010diui (iki 100 \u00b0C) ant jo galima d\u0117ti kar\u0161tus patiekalus. VEGAS i\u0161skleid\u017eiamas stalas puikiai atrodys tiek moderniame, tiek prabangiame interjere. Produkto savyb\u0117s<br \/>\nLenki\u0161kas produktas,<br \/>\nblizgus juodas stalas,<br \/>\nblizgus MDF stalas,<br \/>\ni\u0161traukiamas stalvir\u0161is su dviem \u012fd\u0117klais, pasl\u0117ptais po stalvir\u0161iu,<br \/>\napr\u016bpintas rutuliniais guoliais,<br \/>\nreikalingas savaranki\u0161kas surinkimas,<br \/>\nSi\u016blome plat\u0173 bald\u0173 pasirinkim\u0105, leid\u017eiant\u012f pilnai \u012frengti savo namus.<\/p>","protected":false},"excerpt":{"rendered":"<p>MATMENYS<br \/>\nIlgis \u2013 [cm] 160<br \/>\nIlgis i\u0161skleidus \u2013 [cm] 256<br \/>\nPlotis \u2013 [cm] 89<br \/>\n\u016agis \u2013 [cm] 75<br \/>\nSTATYBA<br \/>\nStalo tipas \u2013 i\u0161skleid\u017eiamas<br \/>\nPrat\u0119simo b\u016bdas \u2013 prailginamas<br \/>\nVir\u0161utin\u0117 forma \u2013 sta\u010diakamp\u0117<br \/>\nVir\u0161utinio tipo \u2013 laminuotas MDF<br \/>\nVir\u0161utin\u0117 spalva \u2013 blizgi juoda<br \/>\nKojeli\u0173 tipas \u2013 laminuotas MDF<br \/>\nKoj\u0173 spalva \u2013 blizgi juoda<br \/>\nSvoris \u2013 [kg] 90<\/p>","protected":false},"featured_media":192581,"comment_status":"open","ping_status":"open","template":"","meta":[],"product_brand":[],"product_cat":[9621,4774,1934],"product_tag":[],"class_list":{"0":"post-192580","1":"product","2":"type-product","3":"status-publish","4":"has-post-thumbnail","6":"product_cat-table-vegas-hubertus","7":"product_cat-hubertus-design","8":"product_cat-tables","10":"first","11":"instock","12":"purchasable","13":"product-type-simple"},"_links":{"self":[{"href":"https:\/\/baldumarket.lt\/lt\/wp-json\/wp\/v2\/product\/192580","targetHints":{"allow":["GET"]}}],"collection":[{"href":"https:\/\/baldumarket.lt\/lt\/wp-json\/wp\/v2\/product"}],"about":[{"href":"https:\/\/baldumarket.lt\/lt\/wp-json\/wp\/v2\/types\/product"}],"replies":[{"embeddable":true,"href":"https:\/\/baldumarket.lt\/lt\/wp-json\/wp\/v2\/comments?post=192580"}],"wp:featuredmedia":[{"embeddable":true,"href":"https:\/\/baldumarket.lt\/lt\/wp-json\/wp\/v2\/media\/192581"}],"wp:attachment":[{"href":"https:\/\/baldumarket.lt\/lt\/wp-json\/wp\/v2\/media?parent=192580"}],"wp:term":[{"taxonomy":"product_brand","embeddable":true,"href":"https:\/\/baldumarket.lt\/lt\/wp-json\/wp\/v2\/product_brand?post=192580"},{"taxonomy":"product_cat","embeddable":true,"href":"https:\/\/baldumarket.lt\/lt\/wp-json\/wp\/v2\/product_cat?post=192580"},{"taxonomy":"product_tag","embeddable":true,"href":"https:\/\/baldumarket.lt\/lt\/wp-json\/wp\/v2\/product_tag?post=192580"}],"curies":[{"name":"wp","href":"https:\/\/api.w.org\/{rel}","templated":true}]}}