{"id":192568,"date":"2025-12-23T14:03:51","date_gmt":"2025-12-23T11:03:51","guid":{"rendered":"https:\/\/baldumarket.lt\/product\/stol-rozkladany-largo-160400x89-czarny-polysk\/"},"modified":"2026-02-14T11:08:23","modified_gmt":"2026-02-14T08:08:23","slug":"stol-rozkladany-largo-160400x89-czarny-polysk","status":"publish","type":"product","link":"https:\/\/baldumarket.lt\/lt\/product\/stol-rozkladany-largo-160400x89-czarny-polysk\/","title":{"rendered":"LARGO i\u0161skleid\u017eiamas stalas 160(400)x89 juodas blizgus"},"content":{"rendered":"<p>Tvirtas LARGO i\u0161traukiamas stalas svetainei<br \/>\nI\u0161skleid\u017eiamas stalas LARGO yra puikus lenk\u0173 inovacij\u0173 pavyzdys, sukurtas garsios \u201eHubertus\u201c kompanijos. \u0160is i\u0161skirtinis stalas buvo sukurtas taip, kad patenkint\u0173 net ir reikliausius l\u016bkes\u010dius. \u0160io gaminio unikalumas slypi tobulame funkcionalumo ir estetikos derinyje. Stalas pagamintas i\u0161 auk\u0161tos kokyb\u0117s MDF plok\u0161t\u0117s, padengtos specialiu akriliniu kilim\u0117liu su veidrodiniu pavir\u0161iumi. Tai suteikia jam ne tik eleganti\u0161k\u0105 i\u0161vaizd\u0105, bet ir u\u017etikrina patvarum\u0105 bei atsparum\u0105 \u012fvairiems veiksniams. Blizgus pavir\u0161ius ne tik gra\u017eiai atspindi \u0161vies\u0105, bet ir yra atsparus \u012fbr\u0117\u017eimams, UV spinduliams ir auk\u0161tai temperat\u016brai, tod\u0117l stalas daugel\u012f met\u0173 i\u0161liks puikios b\u016bkl\u0117s. Vienas i\u0161 negin\u010dijam\u0173 LARGO i\u0161skleid\u017eiamo stalo privalum\u0173 yra \u012fsp\u016bdingas dydis. Jis pasiekia maksimal\u0173 4 metr\u0173 ilg\u012f, tod\u0117l tai yra vienas did\u017eiausi\u0173 rinkoje esan\u010di\u0173 modeli\u0173. Visi\u0161kai i\u0161skleistas, prie jo patogiai telpa iki 20 \u017emoni\u0173, tod\u0117l tai puiki erdv\u0117 \u0161eimos susib\u016brimams ar vakar\u0117liams. Sulankstytas, prie jo vis tiek patogiai telpa 8 \u017emon\u0117s, tod\u0117l tai ne\u012ftik\u0117tinai universalus baldas. Nor\u0117dami pritaikyti stal\u0105 pagal savo individualius poreikius, komplekte yra penki prailginimai, kurie patogiai laikomi specialiai tam skirtoje kolonoje, esan\u010dioje stalo pagrinde. \u0160is novatori\u0161kas sprendimas stalvir\u0161io prailginim\u0105 paver\u010dia ne\u012ftik\u0117tinai paprastu ir intuityviu. D\u0117l pa\u017eangi\u0173 sinchronini\u0173 rutulini\u0173 guoli\u0173 kreipian\u010di\u0173j\u0173 stalo prailginimas tampa ne\u012ftik\u0117tinai sklandus ir ergonomi\u0161kas. Tiesiog \u0161velniai patraukite stalvir\u0161\u012f i\u0161 vienos pus\u0117s, ir jis tuo pa\u010diu metu be vargo i\u0161sipl\u0117s i\u0161 kitos pus\u0117s. Pabr\u0117\u017eiant \u0161io sprendimo modernum\u0105, stal\u0105 galima laisvai i\u0161pl\u0117sti papildomais prailginimais, tod\u0117l galite pritaikyti jo dyd\u012f prie savo esam\u0173 poreiki\u0173. Tai puikus b\u016bdas optimizuoti erdv\u0117s panaudojim\u0105, nepriklausomai nuo aplinkybi\u0173. Be jokios abejon\u0117s, \u0161is modernus stalas ne tik papildys bet kok\u012f interjer\u0105, bet ir taps unikaliu, funkcionaliu jo akcentu. Produkto savyb\u0117s<br \/>\nLenki\u0161kas produktas,<br \/>\nMDF konstrukcija, padengta blizgiu akriliniu kilim\u0117liu,<br \/>\njuodas stalas,<br \/>\n5 stalvir\u0161io prailginimo \u012fd\u0117klai, laikomi stalo pagrinde,<br \/>\nsinchroniniai rutulini\u0173 guoli\u0173 b\u0117gikai,<br \/>\npadidinto atsparumo \u012fbr\u0117\u017eimams, UV spinduliams ir iki 100 laipsni\u0173 temperat\u016brai plok\u0161t\u0117,<br \/>\nreikalingas savaranki\u0161kas surinkimas,<br \/>\nSi\u016blome plat\u0173 bald\u0173 pasirinkim\u0105, kad gal\u0117tum\u0117te m\u0117gautis visaver\u010diu nam\u0173 apstatymu.<\/p>","protected":false},"excerpt":{"rendered":"<p>MATMENYS<br \/>\nIlgis \u2013 [cm] 160<br \/>\nIlgis i\u0161skleidus \u2013 [cm] 400<br \/>\nPlotis \u2013 [cm] 89<br \/>\n\u016agis \u2013 [cm] 75<br \/>\nSTATYBA<br \/>\nStalo tipas \u2013 i\u0161skleid\u017eiamas<br \/>\nPrat\u0119simo b\u016bdas \u2013 prailginamas<br \/>\nVir\u0161utin\u0117 forma \u2013 sta\u010diakamp\u0117<br \/>\nVir\u0161utinio tipo \u2013 laminuotas MDF<br \/>\nVir\u0161utin\u0117 spalva \u2013 blizgi juoda<br \/>\nKojeli\u0173 tipas \u2013 laminuotas MDF<br \/>\nKoj\u0173 spalva \u2013 blizgi juoda<br \/>\nSvoris \u2013 [kg] 150<\/p>","protected":false},"featured_media":192569,"comment_status":"open","ping_status":"open","template":"","meta":[],"product_brand":[],"product_cat":[9610,4774,1934],"product_tag":[],"class_list":{"0":"post-192568","1":"product","2":"type-product","3":"status-publish","4":"has-post-thumbnail","6":"product_cat-table-largo-hubertus","7":"product_cat-hubertus-design","8":"product_cat-tables","10":"first","11":"instock","12":"purchasable","13":"product-type-simple"},"_links":{"self":[{"href":"https:\/\/baldumarket.lt\/lt\/wp-json\/wp\/v2\/product\/192568","targetHints":{"allow":["GET"]}}],"collection":[{"href":"https:\/\/baldumarket.lt\/lt\/wp-json\/wp\/v2\/product"}],"about":[{"href":"https:\/\/baldumarket.lt\/lt\/wp-json\/wp\/v2\/types\/product"}],"replies":[{"embeddable":true,"href":"https:\/\/baldumarket.lt\/lt\/wp-json\/wp\/v2\/comments?post=192568"}],"wp:featuredmedia":[{"embeddable":true,"href":"https:\/\/baldumarket.lt\/lt\/wp-json\/wp\/v2\/media\/192569"}],"wp:attachment":[{"href":"https:\/\/baldumarket.lt\/lt\/wp-json\/wp\/v2\/media?parent=192568"}],"wp:term":[{"taxonomy":"product_brand","embeddable":true,"href":"https:\/\/baldumarket.lt\/lt\/wp-json\/wp\/v2\/product_brand?post=192568"},{"taxonomy":"product_cat","embeddable":true,"href":"https:\/\/baldumarket.lt\/lt\/wp-json\/wp\/v2\/product_cat?post=192568"},{"taxonomy":"product_tag","embeddable":true,"href":"https:\/\/baldumarket.lt\/lt\/wp-json\/wp\/v2\/product_tag?post=192568"}],"curies":[{"name":"wp","href":"https:\/\/api.w.org\/{rel}","templated":true}]}}