{"id":192544,"date":"2025-12-23T14:02:44","date_gmt":"2025-12-23T11:02:44","guid":{"rendered":"https:\/\/baldumarket.lt\/product\/lawa-capri-100x100-czarny-polysk\/"},"modified":"2026-02-14T10:36:26","modified_gmt":"2026-02-14T07:36:26","slug":"lawa-capri-100x100-czarny-polysk","status":"publish","type":"product","link":"https:\/\/baldumarket.lt\/lt\/product\/lawa-capri-100x100-czarny-polysk\/","title":{"rendered":"CAPRI kavos staliukas 100&#215;100 juodas blizgus"},"content":{"rendered":"<p>Modernus CAPRI kavos staliukas svetainei<br \/>\nCAPRI kavos staliukas yra i\u0161skirtinai eleganti\u0161kas baldas, puikiai papildantis modern\u0173 svetain\u0117s interjer\u0105. Minimalistinis dizainas paver\u010dia j\u012f stilingu bet kokio interjero, ypa\u010d svetaini\u0173 ir poilsio zon\u0173, akcentu. Apvalus stalvir\u0161is, harmoningai derantis su unikalios formos pagrindu, sukuria i\u0161ties \u012fdomi\u0105 kompozicij\u0105. Svetain\u0117je jis atlieka ne tik praktin\u0119, bet ir estetin\u0119 funkcij\u0105. Tai puiki vieta \u012fvairiems daiktams pasid\u0117ti, kai norite juos tur\u0117ti po ranka, ilsintis ant sofos ar kampin\u0117je sofoje. Pagamintas i\u0161 auk\u0161\u010diausios kokyb\u0117s MDF plok\u0161t\u0117s, padengtos akriliniu kilim\u0117liu, kavos staliukas primena veidrodin\u012f pavir\u0161i\u0173 su ne\u012ftik\u0117tinai giliu blizgesiu. Jo estetinis patrauklumas yra ne tik patrauklus, bet ir prakti\u0161kas. Blizgi akrilo danga garantuoja ne tik unikali\u0105 i\u0161vaizd\u0105, bet ir didesn\u012f atsparum\u0105 \u012fvairi\u0173 tip\u0173 pa\u017eeidimams. Pavir\u0161ius yra ma\u017eiau jautrus brai\u017eymuisi, atlaiko auk\u0161t\u0105 temperat\u016br\u0105 ir yra apsaugotas nuo UV spinduli\u0173. Tai rei\u0161kia, kad apvalus kavos staliukas daugel\u012f met\u0173 i\u0161laikys savo gra\u017ei\u0105 i\u0161vaizd\u0105, nepasiduodamas neigiamam kasdienio naudojimo poveikiui. CAPRI kavos staliuko valymas yra ne\u012ftik\u0117tinai paprastas; tiesiog \u0161velniai nuvalykite j\u012f dr\u0117gnu mikropluo\u0161to \u0161luoste. Tai rei\u0161kia, kad norint i\u0161laikyti nepriekai\u0161ting\u0105 b\u016bkl\u0119, nereikia naudoti specializuot\u0173 plovikli\u0173 ar sud\u0117ting\u0173 prie\u017ei\u016bros proced\u016br\u0173. Be to, verta pabr\u0117\u017eti, kad \u0161is modernus kavos staliukas yra lenki\u0161kas produktas. Kiekvienas jo gamybos etapas atliekamas su did\u017eiausiu kruop\u0161tumu, sutelkiant d\u0117mes\u012f \u012f smulkiausias detales. D\u0117l to \u0161is baldas yra ne tik stulbinan\u010dios i\u0161vaizdos, bet ir tvirtas bei patvarus, paruo\u0161tas tarnauti nam\u0173 aplinkoje daugel\u012f met\u0173. Tai idealus pasirinkimas tiems, kurie vertina ne tik funkcionalum\u0105, bet ir i\u0161skirtin\u012f dizain\u0105 bei kokybi\u0161k\u0105 meistri\u0161kum\u0105.<br \/>\nProdukto savyb\u0117s<br \/>\nModernus kavos staliukas svetainei<br \/>\nKonstrukcija pagaminta i\u0161 MDF plok\u0161t\u0117s, padengtos blizgiu akriliniu kilim\u0117liu<br \/>\nSud\u0117tinga baz\u0117<br \/>\nKavos staliukas yra juodas<br \/>\nReikalingas savaranki\u0161kas surinkimas<br \/>\nSi\u016blome plat\u0173 bald\u0173 pasirinkim\u0105, skirt\u0105 pilnam nam\u0173 apstatymo sprendimui.<\/p>","protected":false},"excerpt":{"rendered":"<p>MATMENYS<br \/>\n\u016agis \u2013 [cm] 45<br \/>\nIlgis \u2013 [cm] 100<br \/>\nPlotis \u2013 [cm] 100<br \/>\nSTATYBA<br \/>\nKavos staliuko tipas \u2013 nei\u0161traukiamas<br \/>\nVir\u0161utin\u0117 forma \u2013 apvali<br \/>\nVir\u0161utinio pavir\u0161iaus tipas \u2013 laminuotas MDF<br \/>\nVir\u0161utin\u0117 vir\u0161utin\u0117 spalva \u2013 blizgi juoda<br \/>\nKojeli\u0173 tipas \u2013 laminuotas MDF<br \/>\nKoj\u0173 spalva \u2013 blizgi juoda<br \/>\nSvoris \u2013 [kg] 25<\/p>","protected":false},"featured_media":192545,"comment_status":"open","ping_status":"open","template":"","meta":[],"product_brand":[],"product_cat":[9602,866,4774],"product_tag":[],"class_list":{"0":"post-192544","1":"product","2":"type-product","3":"status-publish","4":"has-post-thumbnail","6":"product_cat-coffee-table-capri-hubertus","7":"product_cat-coffee-tables","8":"product_cat-hubertus-design","10":"first","11":"instock","12":"purchasable","13":"product-type-simple"},"_links":{"self":[{"href":"https:\/\/baldumarket.lt\/lt\/wp-json\/wp\/v2\/product\/192544","targetHints":{"allow":["GET"]}}],"collection":[{"href":"https:\/\/baldumarket.lt\/lt\/wp-json\/wp\/v2\/product"}],"about":[{"href":"https:\/\/baldumarket.lt\/lt\/wp-json\/wp\/v2\/types\/product"}],"replies":[{"embeddable":true,"href":"https:\/\/baldumarket.lt\/lt\/wp-json\/wp\/v2\/comments?post=192544"}],"wp:featuredmedia":[{"embeddable":true,"href":"https:\/\/baldumarket.lt\/lt\/wp-json\/wp\/v2\/media\/192545"}],"wp:attachment":[{"href":"https:\/\/baldumarket.lt\/lt\/wp-json\/wp\/v2\/media?parent=192544"}],"wp:term":[{"taxonomy":"product_brand","embeddable":true,"href":"https:\/\/baldumarket.lt\/lt\/wp-json\/wp\/v2\/product_brand?post=192544"},{"taxonomy":"product_cat","embeddable":true,"href":"https:\/\/baldumarket.lt\/lt\/wp-json\/wp\/v2\/product_cat?post=192544"},{"taxonomy":"product_tag","embeddable":true,"href":"https:\/\/baldumarket.lt\/lt\/wp-json\/wp\/v2\/product_tag?post=192544"}],"curies":[{"name":"wp","href":"https:\/\/api.w.org\/{rel}","templated":true}]}}