{"id":192537,"date":"2025-12-23T14:02:18","date_gmt":"2025-12-23T11:02:18","guid":{"rendered":"https:\/\/baldumarket.lt\/product\/lawa-capri-100x100-bialy-marmur-bialy-polysk\/"},"modified":"2026-02-14T10:36:26","modified_gmt":"2026-02-14T07:36:26","slug":"lawa-capri-100x100-bialy-marmur-bialy-polysk","status":"publish","type":"product","link":"https:\/\/baldumarket.lt\/lt\/product\/lawa-capri-100x100-bialy-marmur-bialy-polysk\/","title":{"rendered":"CAPRI kavos staliukas 100&#215;100 baltas marmuras\/balta blizgi"},"content":{"rendered":"<p>Modernus CAPRI kavos staliukas su apvaliu stalvir\u0161iu<br \/>\nCAPRI kavos staliukas yra i\u0161skirtinai eleganti\u0161kas baldas, puikiai papildantis modern\u0173 svetain\u0117s interjer\u0105. Minimalistinis dizainas paver\u010dia j\u012f stilingu bet kokio interjero, ypa\u010d svetain\u0117s ar poilsio zonos, akcentu. Apvalus stalvir\u0161is, harmoningai derantis su unikalios formos pagrindu, sukuria i\u0161ties \u012fdomi\u0105 kompozicij\u0105. Svetain\u0117je jis atlieka ne tik praktin\u0119, bet ir estetin\u0119 funkcij\u0105. Tai puiki vieta \u012fvairiems daiktams susid\u0117ti, kai norite juos tur\u0117ti po ranka, ilsintis ant sofos ar kampin\u0117je sofoje. Stalvir\u0161is pagamintas tik i\u0161 auk\u0161\u010diausios kokyb\u0117s MDF plok\u0161t\u0117s, padengtas akriliniu kilim\u0117liu, suteikian\u010diu jam veidrodin\u0119 i\u0161vaizd\u0105 su ne\u012ftik\u0117tinai giliu blizgesiu. Savo ruo\u017etu, stalvir\u0161is gaminamas naudojant auk\u0161tos kokyb\u0117s skyst\u0173 polimerini\u0173 da\u017e\u0173 spausdinimo technologij\u0105. Rezultatas \u2013 sukiet\u0117j\u0119s atspaudas ir gra\u017eus, patvarus ra\u0161tas, primenantis blizgant\u012f balt\u0105 marmur\u0105. Jo estetinis patrauklumas yra ne tik patrauklus, bet ir prakti\u0161kas. Blizgi akrilin\u0117 danga ne tik garantuoja unikali\u0105 i\u0161vaizd\u0105, bet ir padidint\u0105 atsparum\u0105 \u012fvairi\u0173 tip\u0173 pa\u017eeidimams. Plok\u0161t\u0117s pavir\u0161ius yra ma\u017eiau jautrus brai\u017eymuisi, atlaiko auk\u0161t\u0105 temperat\u016br\u0105 ir yra apsaugotas nuo UV spinduli\u0173. Tai rei\u0161kia, kad apvalus kavos staliukas daugel\u012f met\u0173 i\u0161laikys savo gra\u017ei\u0105 i\u0161vaizd\u0105, nepasiduodamas neigiamam kasdienio naudojimo poveikiui. CAPRI kavos staliuko valymas yra ne\u012ftik\u0117tinai paprastas \u2013 tereikia \u0161velniai nuvalyti dr\u0117gnu mikropluo\u0161to \u0161luoste. Tai rei\u0161kia, kad norint i\u0161laikyti nepriekai\u0161ting\u0105 b\u016bkl\u0119, nereikia naudoti specializuot\u0173 plovikli\u0173 ar sud\u0117ting\u0173 prie\u017ei\u016bros proced\u016br\u0173. Be to, verta pabr\u0117\u017eti, kad \u0161is modernus kavos staliukas yra lenki\u0161kas produktas. Kiekvienas jo gamybos etapas atliekamas itin kruop\u0161\u010diai, sutelkiant d\u0117mes\u012f \u012f smulkiausias detales. D\u0117l to \u0161is baldas yra ne tik stulbinan\u010dios i\u0161vaizdos, bet ir tvirtas bei patvarus, paruo\u0161tas tarnauti nam\u0173 aplinkoje daugel\u012f met\u0173. Tai idealus pasirinkimas tiems, kurie vertina ne tik funkcionalum\u0105, bet ir i\u0161skirtin\u012f dizain\u0105 bei kokybi\u0161k\u0105 meistri\u0161kum\u0105. Produkto savyb\u0117s<br \/>\nModernus kavos staliukas svetainei,<br \/>\nMDF stalvir\u0161is su SUPER PRINT spauda,<br \/>\nMDF pagrindas su blizgiu akriliniu kilim\u0117liu,<br \/>\nSud\u0117tingas pagrindas,<br \/>\nKavos staliukas turi balt\u0105 marmurin\u012f stalvir\u0161\u012f ir balt\u0105 pagrind\u0105,<br \/>\nReikalingas savaranki\u0161kas surinkimas,<br \/>\nSi\u016blome plat\u0173 bald\u0173 pasirinkim\u0105, kad gal\u0117tum\u0117te pilnai \u012frengti savo namus.<\/p>","protected":false},"excerpt":{"rendered":"<p>MATMENYS<br \/>\n\u016agis \u2013 [cm] 45<br \/>\nIlgis \u2013 [cm] 100<br \/>\nPlotis \u2013 [cm] 100<br \/>\nSTATYBA<br \/>\nKavos staliuko tipas \u2013 nei\u0161traukiamas<br \/>\nVir\u0161utin\u0117 forma \u2013 apvali<br \/>\nVir\u0161utinio pavir\u0161iaus tipas \u2013 laminuotas MDF<br \/>\nVir\u0161utin\u0117 spalva \u2013 baltas marmuras<br \/>\nKojeli\u0173 tipas \u2013 laminuota bald\u0173 plok\u0161t\u0117<br \/>\nKoj\u0173 spalva \u2013 blizgi balta<br \/>\nSvoris \u2013 [kg] 25<\/p>","protected":false},"featured_media":192538,"comment_status":"open","ping_status":"open","template":"","meta":[],"product_brand":[],"product_cat":[9602,866,4774],"product_tag":[],"class_list":{"0":"post-192537","1":"product","2":"type-product","3":"status-publish","4":"has-post-thumbnail","6":"product_cat-coffee-table-capri-hubertus","7":"product_cat-coffee-tables","8":"product_cat-hubertus-design","10":"first","11":"instock","12":"purchasable","13":"product-type-simple"},"_links":{"self":[{"href":"https:\/\/baldumarket.lt\/lt\/wp-json\/wp\/v2\/product\/192537","targetHints":{"allow":["GET"]}}],"collection":[{"href":"https:\/\/baldumarket.lt\/lt\/wp-json\/wp\/v2\/product"}],"about":[{"href":"https:\/\/baldumarket.lt\/lt\/wp-json\/wp\/v2\/types\/product"}],"replies":[{"embeddable":true,"href":"https:\/\/baldumarket.lt\/lt\/wp-json\/wp\/v2\/comments?post=192537"}],"wp:featuredmedia":[{"embeddable":true,"href":"https:\/\/baldumarket.lt\/lt\/wp-json\/wp\/v2\/media\/192538"}],"wp:attachment":[{"href":"https:\/\/baldumarket.lt\/lt\/wp-json\/wp\/v2\/media?parent=192537"}],"wp:term":[{"taxonomy":"product_brand","embeddable":true,"href":"https:\/\/baldumarket.lt\/lt\/wp-json\/wp\/v2\/product_brand?post=192537"},{"taxonomy":"product_cat","embeddable":true,"href":"https:\/\/baldumarket.lt\/lt\/wp-json\/wp\/v2\/product_cat?post=192537"},{"taxonomy":"product_tag","embeddable":true,"href":"https:\/\/baldumarket.lt\/lt\/wp-json\/wp\/v2\/product_tag?post=192537"}],"curies":[{"name":"wp","href":"https:\/\/api.w.org\/{rel}","templated":true}]}}