{"id":192526,"date":"2025-12-23T14:01:50","date_gmt":"2025-12-23T11:01:50","guid":{"rendered":"https:\/\/baldumarket.lt\/product\/stol-rozkladany-largo-160400x89-bialy-polysk\/"},"modified":"2026-02-14T11:08:23","modified_gmt":"2026-02-14T08:08:23","slug":"stol-rozkladany-largo-160400x89-bialy-polysk","status":"publish","type":"product","link":"https:\/\/baldumarket.lt\/lt\/product\/stol-rozkladany-largo-160400x89-bialy-polysk\/","title":{"rendered":"LARGO i\u0161skleid\u017eiamas stalas 160(400)x89 baltas blizgus"},"content":{"rendered":"<p>Didelis LARGO i\u0161traukiamas stalas, blizgus<br \/>\nI\u0161traukiamas stalas LARGO yra lenki\u0161kas \u201eHubertus\u201c sukurtas ir pagamintas produktas. Stalas pagamintas i\u0161 auk\u0161\u010diausios kokyb\u0117s MDF plok\u0161t\u0117s, padengtos specialiu akriliniu kilim\u0117liu su veidrodiniu pavir\u0161iumi. Papildomas \u0161ios plok\u0161t\u0117s privalumas \u2013 padid\u0117j\u0119s atsparumas \u012fbr\u0117\u017eimams, UV spinduliams ir auk\u0161tai temperat\u016brai (iki 100 \u00b0C). I\u0161traukiamo stalo ilgis siekia iki 4 metr\u0173, tod\u0117l tai did\u017eiausias rinkoje esantis modelis. Pilnai i\u0161skleistas stalas gali sus\u0117sti iki 20 \u017emoni\u0173, o sulankstytas \u2013 8. Stalas tiekiamas su penkiais \u012fd\u0117klais, kurie yra stalo stulpelyje (pagrinde). Pagrindinis \u0161io valgomojo stalo privalumas yra lengvas i\u0161skleidimas d\u0117l sinchronini\u0173 rutulini\u0173 guoli\u0173 b\u0117geli\u0173. \u0160ie b\u0117geliai leid\u017eia tiesiog patraukti stalvir\u0161\u012f i\u0161 vienos pus\u0117s, o jis tuo pa\u010diu metu i\u0161skleis kit\u0105. Stal\u0105 galima prailginti bet kokiu \u012fd\u0117kl\u0173 skai\u010diumi, tod\u0117l galite pritaikyti jo dyd\u012f pagal savo poreikius. Modernus i\u0161traukiamas stalas LARGO bus puikus modernaus interjero papildymas.<br \/>\nProdukto savyb\u0117s<br \/>\nLenki\u0161kas produktas,<br \/>\nMDF konstrukcija, padengta blizgiu akriliniu kilim\u0117liu,<br \/>\nbaltas stalas,<br \/>\n5 stalvir\u0161io prailginimo \u012fd\u0117klai, laikomi stalo pagrinde,<br \/>\nsinchroniniai rutulini\u0173 guoli\u0173 b\u0117gikai,<br \/>\npadidinto atsparumo \u012fbr\u0117\u017eimams, UV spinduliams ir iki 100 \u00b0C temperat\u016brai plok\u0161t\u0117,<br \/>\nreikalingas savaranki\u0161kas surinkimas,<br \/>\nSi\u016blome plat\u0173 bald\u0173 pasirinkim\u0105, kad gal\u0117tum\u0117te m\u0117gautis visaver\u010diu nam\u0173 apstatymu.<\/p>","protected":false},"excerpt":{"rendered":"<p>MATMENYS<br \/>\nIlgis \u2013 [cm] 160<br \/>\nIlgis i\u0161skleidus \u2013 [cm] 400<br \/>\nPlotis \u2013 [cm] 89<br \/>\n\u016agis \u2013 [cm] 75<br \/>\nSTATYBA<br \/>\nStalo tipas \u2013 i\u0161skleid\u017eiamas<br \/>\nPrat\u0119simo b\u016bdas \u2013 prailginamas<br \/>\nVir\u0161utin\u0117 forma \u2013 sta\u010diakamp\u0117<br \/>\nVir\u0161utinio tipo \u2013 laminuotas MDF<br \/>\nVir\u0161utin\u0117 spalva \u2013 blizgi balta<br \/>\nKojeli\u0173 tipas \u2013 laminuotas MDF<br \/>\nKoj\u0173 spalva \u2013 blizgi balta<br \/>\nSvoris \u2013 [kg] 150<\/p>","protected":false},"featured_media":192527,"comment_status":"open","ping_status":"open","template":"","meta":[],"product_brand":[],"product_cat":[9610,4774,1934],"product_tag":[],"class_list":{"0":"post-192526","1":"product","2":"type-product","3":"status-publish","4":"has-post-thumbnail","6":"product_cat-table-largo-hubertus","7":"product_cat-hubertus-design","8":"product_cat-tables","10":"first","11":"instock","12":"purchasable","13":"product-type-simple"},"_links":{"self":[{"href":"https:\/\/baldumarket.lt\/lt\/wp-json\/wp\/v2\/product\/192526","targetHints":{"allow":["GET"]}}],"collection":[{"href":"https:\/\/baldumarket.lt\/lt\/wp-json\/wp\/v2\/product"}],"about":[{"href":"https:\/\/baldumarket.lt\/lt\/wp-json\/wp\/v2\/types\/product"}],"replies":[{"embeddable":true,"href":"https:\/\/baldumarket.lt\/lt\/wp-json\/wp\/v2\/comments?post=192526"}],"wp:featuredmedia":[{"embeddable":true,"href":"https:\/\/baldumarket.lt\/lt\/wp-json\/wp\/v2\/media\/192527"}],"wp:attachment":[{"href":"https:\/\/baldumarket.lt\/lt\/wp-json\/wp\/v2\/media?parent=192526"}],"wp:term":[{"taxonomy":"product_brand","embeddable":true,"href":"https:\/\/baldumarket.lt\/lt\/wp-json\/wp\/v2\/product_brand?post=192526"},{"taxonomy":"product_cat","embeddable":true,"href":"https:\/\/baldumarket.lt\/lt\/wp-json\/wp\/v2\/product_cat?post=192526"},{"taxonomy":"product_tag","embeddable":true,"href":"https:\/\/baldumarket.lt\/lt\/wp-json\/wp\/v2\/product_tag?post=192526"}],"curies":[{"name":"wp","href":"https:\/\/api.w.org\/{rel}","templated":true}]}}