{"id":192523,"date":"2025-12-23T14:01:44","date_gmt":"2025-12-23T11:01:44","guid":{"rendered":"https:\/\/baldumarket.lt\/product\/stol-rozkladany-vegas-160256x89-dab-bialy\/"},"modified":"2026-02-14T12:26:07","modified_gmt":"2026-02-14T09:26:07","slug":"stol-rozkladany-vegas-160256x89-dab-bialy","status":"publish","type":"product","link":"https:\/\/baldumarket.lt\/lt\/product\/stol-rozkladany-vegas-160256x89-dab-bialy\/","title":{"rendered":"VEGAS i\u0161skleid\u017eiamas stalas 160(256)x89 \u0105\u017euolo\/baltos spalvos"},"content":{"rendered":"<p>VEGAS 10 viet\u0173 i\u0161skleid\u017eiamas valgomojo stalas<br \/>\nI\u0161traukiamas valgomojo stalas VEGAS \u017eavi moderniu dizainu ir auk\u0161tos kokyb\u0117s meistri\u0161kumu, tod\u0117l tai baldas, kuris tarnaus ilgus metus. Stalo pagrindas yra raid\u0117s V formos \u2013 tai nuoroda \u012f pergal\u0117s simbol\u012f. \u0160is dizainerio sukurtas stalas turi du prailginimus, kurie pasl\u0117pti po stalvir\u0161iu. Pagrindinis privalumas \u2013 galimyb\u0117 stal\u0105 prailginti iki 160\u2013208\u2013256 cm ilgio, prie kurio lengvai telpa iki 10 \u017emoni\u0173. Be to, stalas turi sinchroninius rutulinius guolius, tod\u0117l j\u012f galima greitai ir lengvai prailginti. Sinchroniniai slankikliai leid\u017eia stalvir\u0161iui i\u0161siskleisti bet kuria kryptimi vienu \u0161velniu judesiu.<br \/>\n\u0160is Lenkijoje pagamintas vienos kojos stalas pagamintas i\u0161 auk\u0161tos kokyb\u0117s melaminu dengtos plok\u0161t\u0117s, o stalvir\u0161is ir apatinis pagrindas yra tekst\u016bros, pana\u0161ios \u012f nat\u016brali\u0105 medien\u0105, saul\u0117to \u0105\u017euolo spalvos. Lik\u0119 elementai yra nuda\u017eyti nesenstan\u010dia balta spalva. Melaminu dengta plok\u0161t\u0117 pasi\u017eymi padidintu atsparumu \u012fbr\u0117\u017eimams ir UV spinduliams, tod\u0117l nei\u0161bluks veikiama tiesiogini\u0173 saul\u0117s spinduli\u0173. D\u0117l didelio stalvir\u0161io atsparumo kar\u0161\u010diui (iki 100 \u00b0C) ant jo galite lengvai pad\u0117ti kar\u0161tus patiekalus. I\u0161traukiamas VEGAS stalas puikiai atrodys tiek moderniame, tiek skandinavi\u0161kame interjere, o \u0105\u017euolo spalva suteiks \u0161ilumos ir jaukumo kambariui.<br \/>\nProdukto savyb\u0117s<br \/>\nPagaminta Lenkijoje,<br \/>\nStalo konstrukcija pagaminta i\u0161 melaminu dengtos plok\u0161t\u0117s,<br \/>\nVir\u0161us ir pagrindas saul\u0117s nubu\u010diuoto \u0105\u017euolo spalvos su nat\u016braliu medienos ra\u0161tu,<br \/>\nKiti stalo elementai baltos spalvos,<br \/>\nI\u0161traukiamas stalvir\u0161is su dviem \u012fd\u0117klais, pasl\u0117ptais po stalvir\u0161iu,<br \/>\n\u012erengti sinchroniniais rutuliniais guoliais,<br \/>\nMelaminu dengta plok\u0161t\u0117, atspari \u012fbr\u0117\u017eimams, UV spinduliams ir auk\u0161tai temperat\u016brai iki 100 \u00b0C,<br \/>\nReikalingas savaranki\u0161kas surinkimas,<br \/>\nSi\u016blome plat\u0173 bald\u0173 pasirinkim\u0105, skirt\u0105 pilnam nam\u0173 apstatymo sprendimui.<\/p>","protected":false},"excerpt":{"rendered":"<p>MATMENYS<br \/>\nIlgis \u2013 [cm] 160<br \/>\nIlgis i\u0161skleidus \u2013 [cm] 256<br \/>\nPlotis \u2013 [cm] 89<br \/>\n\u016agis \u2013 [cm] 75<br \/>\nSTATYBA<br \/>\nStalo tipas \u2013 i\u0161skleid\u017eiamas<br \/>\nPrat\u0119simo b\u016bdas \u2013 prailginamas<br \/>\nVir\u0161utin\u0117 forma \u2013 sta\u010diakamp\u0117<br \/>\nVir\u0161utinis tipas \u2013 melaminu dengta plok\u0161t\u0117<br \/>\nVir\u0161utin\u0117 spalva \u2013 saul\u0117s \u0105\u017euolas \/ balta<br \/>\nKojeli\u0173 tipas \u2013 melaminu dengta plok\u0161t\u0117<br \/>\nKoj\u0173 spalva \u2013 saul\u0117s \u0105\u017euolas \/ balta<br \/>\nSvoris \u2013 [kg] 110<\/p>","protected":false},"featured_media":192524,"comment_status":"open","ping_status":"open","template":"","meta":[],"product_brand":[],"product_cat":[9621,4774,1934],"product_tag":[],"class_list":{"0":"post-192523","1":"product","2":"type-product","3":"status-publish","4":"has-post-thumbnail","6":"product_cat-table-vegas-hubertus","7":"product_cat-hubertus-design","8":"product_cat-tables","10":"first","11":"instock","12":"purchasable","13":"product-type-simple"},"_links":{"self":[{"href":"https:\/\/baldumarket.lt\/lt\/wp-json\/wp\/v2\/product\/192523","targetHints":{"allow":["GET"]}}],"collection":[{"href":"https:\/\/baldumarket.lt\/lt\/wp-json\/wp\/v2\/product"}],"about":[{"href":"https:\/\/baldumarket.lt\/lt\/wp-json\/wp\/v2\/types\/product"}],"replies":[{"embeddable":true,"href":"https:\/\/baldumarket.lt\/lt\/wp-json\/wp\/v2\/comments?post=192523"}],"wp:featuredmedia":[{"embeddable":true,"href":"https:\/\/baldumarket.lt\/lt\/wp-json\/wp\/v2\/media\/192524"}],"wp:attachment":[{"href":"https:\/\/baldumarket.lt\/lt\/wp-json\/wp\/v2\/media?parent=192523"}],"wp:term":[{"taxonomy":"product_brand","embeddable":true,"href":"https:\/\/baldumarket.lt\/lt\/wp-json\/wp\/v2\/product_brand?post=192523"},{"taxonomy":"product_cat","embeddable":true,"href":"https:\/\/baldumarket.lt\/lt\/wp-json\/wp\/v2\/product_cat?post=192523"},{"taxonomy":"product_tag","embeddable":true,"href":"https:\/\/baldumarket.lt\/lt\/wp-json\/wp\/v2\/product_tag?post=192523"}],"curies":[{"name":"wp","href":"https:\/\/api.w.org\/{rel}","templated":true}]}}