{"id":192515,"date":"2025-12-23T14:01:27","date_gmt":"2025-12-23T11:01:27","guid":{"rendered":"https:\/\/baldumarket.lt\/product\/stol-rozkladany-vegas-160256x89-bialy-marmur-czarny-polysk\/"},"modified":"2026-02-14T12:26:07","modified_gmt":"2026-02-14T09:26:07","slug":"stol-rozkladany-vegas-160256x89-bialy-marmur-czarny-polysk","status":"publish","type":"product","link":"https:\/\/baldumarket.lt\/lt\/product\/stol-rozkladany-vegas-160256x89-bialy-marmur-czarny-polysk\/","title":{"rendered":"VEGAS i\u0161skleid\u017eiamas stalas 160(256)x89 baltas marmuras\/juoda blizgi spalva"},"content":{"rendered":"<p>Lenkijoje pagamintas VEGAS i\u0161skleid\u017eiamas stalas, pasi\u017eymintis prabangiu stiliumi<br \/>\nI\u0161traukiamas stalas VEGAS \u017eavi moderniu dizainu ir auk\u0161tos kokyb\u0117s meistri\u0161kumu, tod\u0117l tai baldas, kuris tarnaus ilgus metus. Stalo pagrindas yra raid\u0117s V formos \u2013 tai nuoroda \u012f pergal\u0117s simbol\u012f. \u0160is dizainerio sukurtas stalas turi du prailginimus, kurie pasl\u0117pti po stalvir\u0161iu. Pagrindinis privalumas \u2013 galimyb\u0117 stal\u0105 prailginti iki 160\u2013208\u2013256 cm ilgio, tod\u0117l prie jo lengvai telpa iki 10 \u017emoni\u0173. Be to, stalas turi sinchroninius rutulinius guolius, tod\u0117l j\u012f galima greitai ir lengvai prailginti. D\u0117l sinchronini\u0173 slydim\u0173 stalvir\u0161\u012f galima prailginti bet kuria kryptimi vienu \u0161velniu judesiu.<br \/>\n\u0160is Lenkijoje pagamintas vienos kojos stalas pagamintas i\u0161 savo gamybos MDF plok\u0161t\u0117s su pavir\u0161iaus spauda, imituojan\u010dia balt\u0105 Venatino marmur\u0105. Ant plok\u0161t\u0117s esantis spaudinys, pagamintas naudojant inovatyvi\u0105 skyst\u0173 polimerini\u0173 da\u017e\u0173 spausdinimo technologij\u0105, yra ap\u0161viestas UV LED lempomis, kurios polimerizuoja da\u017eus. Tai sukietina spaud\u0105, tod\u0117l jis yra atsparesnis \u012fbr\u0117\u017eimams ir UV spinduliams. Stalo koja ir apatin\u0117 stalvir\u0161io dalis pagamintos i\u0161 juodos MDF plok\u0161t\u0117s, padengtos blizgiu akriliniu kilim\u0117liu. I\u0161traukiamas VEGAS stalas puikiai atrodys tiek moderniame, tiek prabangiame interjere.<br \/>\nProdukto savyb\u0117s<br \/>\nLenki\u0161kas produktas,<br \/>\nstalo konstrukcija pagaminta i\u0161 MDF plok\u0161t\u0117s,<br \/>\nstalvir\u0161is su balt\u0105 Venatino marmur\u0105 imituojan\u010diu ra\u0161tu,<br \/>\nkiti stalo elementai blizgios juodos spalvos,<br \/>\ni\u0161traukiamas stalvir\u0161is su dviem \u012fd\u0117klais, pasl\u0117ptais po stalvir\u0161iu,<br \/>\napr\u016bpintas sinchroniniais rutuliniais guoliais,<br \/>\nMDF plok\u0161t\u0117, atspari \u012fbr\u0117\u017eimams, UV spinduliams ir auk\u0161tai temperat\u016brai iki 100 \u00b0C,<br \/>\nreikalingas savaranki\u0161kas surinkimas,<br \/>\nSi\u016blome plat\u0173 bald\u0173 pasirinkim\u0105, skirt\u0105 pilnam nam\u0173 apstatymo sprendimui.<\/p>","protected":false},"excerpt":{"rendered":"<p>MATMENYS<br \/>\nIlgis \u2013 [cm] 160<br \/>\nIlgis i\u0161skleidus \u2013 [cm] 256<br \/>\nPlotis \u2013 [cm] 89<br \/>\n\u016agis \u2013 [cm] 75<br \/>\nSTATYBA<br \/>\nStalo tipas \u2013 i\u0161skleid\u017eiamas<br \/>\nPrat\u0119simo b\u016bdas \u2013 prailginamas<br \/>\nVir\u0161utin\u0117 forma \u2013 sta\u010diakamp\u0117<br \/>\nVir\u0161utinio pavir\u0161iaus tipas \u2013 MDF<br \/>\nVir\u0161utin\u0117 spalva \u2013 baltas marmuras<br \/>\nKojeli\u0173 tipas \u2013 MDF<br \/>\nKoj\u0173 spalva \u2013 blizgi juoda<br \/>\nSvoris \u2013 [kg] 110<\/p>","protected":false},"featured_media":192516,"comment_status":"open","ping_status":"open","template":"","meta":[],"product_brand":[],"product_cat":[9621,4774,1934],"product_tag":[],"class_list":{"0":"post-192515","1":"product","2":"type-product","3":"status-publish","4":"has-post-thumbnail","6":"product_cat-table-vegas-hubertus","7":"product_cat-hubertus-design","8":"product_cat-tables","10":"first","11":"instock","12":"purchasable","13":"product-type-simple"},"_links":{"self":[{"href":"https:\/\/baldumarket.lt\/lt\/wp-json\/wp\/v2\/product\/192515","targetHints":{"allow":["GET"]}}],"collection":[{"href":"https:\/\/baldumarket.lt\/lt\/wp-json\/wp\/v2\/product"}],"about":[{"href":"https:\/\/baldumarket.lt\/lt\/wp-json\/wp\/v2\/types\/product"}],"replies":[{"embeddable":true,"href":"https:\/\/baldumarket.lt\/lt\/wp-json\/wp\/v2\/comments?post=192515"}],"wp:featuredmedia":[{"embeddable":true,"href":"https:\/\/baldumarket.lt\/lt\/wp-json\/wp\/v2\/media\/192516"}],"wp:attachment":[{"href":"https:\/\/baldumarket.lt\/lt\/wp-json\/wp\/v2\/media?parent=192515"}],"wp:term":[{"taxonomy":"product_brand","embeddable":true,"href":"https:\/\/baldumarket.lt\/lt\/wp-json\/wp\/v2\/product_brand?post=192515"},{"taxonomy":"product_cat","embeddable":true,"href":"https:\/\/baldumarket.lt\/lt\/wp-json\/wp\/v2\/product_cat?post=192515"},{"taxonomy":"product_tag","embeddable":true,"href":"https:\/\/baldumarket.lt\/lt\/wp-json\/wp\/v2\/product_tag?post=192515"}],"curies":[{"name":"wp","href":"https:\/\/api.w.org\/{rel}","templated":true}]}}