{"id":192511,"date":"2025-12-23T14:01:20","date_gmt":"2025-12-23T11:01:20","guid":{"rendered":"https:\/\/baldumarket.lt\/product\/stol-rozkladany-grande-160412x100-bialy-marmur-czarny-polysk\/"},"modified":"2026-02-14T11:01:50","modified_gmt":"2026-02-14T08:01:50","slug":"stol-rozkladany-grande-160412x100-bialy-marmur-czarny-polysk","status":"publish","type":"product","link":"https:\/\/baldumarket.lt\/lt\/product\/stol-rozkladany-grande-160412x100-bialy-marmur-czarny-polysk\/","title":{"rendered":"GRANDE i\u0161skleid\u017eiamas stalas 160(412)x100 baltas marmuras\/juoda blizgi"},"content":{"rendered":"<p>Didelis Lenkijoje pagamintas GRANDE i\u0161traukiamas stalas<br \/>\nGRANDE i\u0161traukiamas stalas yra bald\u0173 rinkos hitas d\u0117l savo modernaus dizaino ir funkcionalumo. Stalvir\u0161is remiasi \u012f dekoruot\u0105 kojel\u0119, kurioje pasl\u0117ptas skyrius stalvir\u0161io prailginimui. \u0160is dizainerio sukurtas stalas turi keturis i\u0161traukiamus stalvir\u0161io \u012fd\u0117klus, kuri\u0173 kiekvien\u0105 galima naudoti atskirai, tod\u0117l galite reguliuoti stalvir\u0161io dyd\u012f pagal savo poreikius ir pasiekti 160, 223, 286, 349 arba 412 cm ilg\u012f. Stalo i\u0161traukimas yra labai paprastas ir lengvas d\u0117ka plienini\u0173 rutulini\u0173 guoli\u0173 b\u0117geli\u0173, kurie veikia sinchroni\u0161kai. Tiesiog patraukite stalvir\u0161\u012f i\u0161 vienos pus\u0117s, ir kita taip pat i\u0161trauks. Be to, stalas turi keturias \u0161onines kojeles, kurios i\u0161skleistas stabilizuoja stalvir\u0161\u012f. Did\u017eiausias \u0161io stalo privalumas yra tas, kad prie jo gali sus\u0117sti iki 22 \u017emoni\u0173.<br \/>\nModernus i\u0161traukiamas GRANDE stalas gamintojo pagamintas i\u0161 MDF plok\u0161t\u0117s, kurios pavir\u0161ius imituoja balt\u0105 marmur\u0105. Ant plok\u0161t\u0117s esantis spaudinys, naudojant inovatyvi\u0105 skyst\u0173 polimerini\u0173 da\u017e\u0173 spausdinimo technologij\u0105, yra veikiamas UV LED lempomis, kurios polimerizuoja da\u017eus. Tai sukietina spaud\u0105 ir padidina jo atsparum\u0105 \u012fbr\u0117\u017eimams bei UV spinduli\u0173 poveikiui. Stalo koja pagaminta i\u0161 juodos MDF plok\u0161t\u0117s, padengtos blizgiu akriliniu kilim\u0117liu. \u0160is marmuro efekto juodas valgomojo ir svetain\u0117s stalas puikiai atrodys tiek moderniame, tiek prabangiame interjere.<br \/>\nProdukto savyb\u0117s<br \/>\nLenki\u0161kas produktas,<br \/>\nvir\u0161us su baltu marmuro pavidalo pavir\u0161iumi,<br \/>\nkoja blizgios juodos spalvos,<br \/>\nstalas pagamintas i\u0161 blizgios MDF plok\u0161t\u0117s,<br \/>\ni\u0161traukiamas stalvir\u0161is su keturiais \u012fd\u0117klais, pasl\u0117ptais kojoje,<br \/>\nketurios papildomos \u0161onin\u0117s kojel\u0117s stabilizuoja stal\u0105, kai jos i\u0161tiestos,<br \/>\napr\u016bpinti sinchroniniais rutuliniais guoliais,<br \/>\nprie stalo telpa iki 22 \u017emoni\u0173,<br \/>\nplastikiniai slydikliai yra po pagrindu,<br \/>\nreikalingas savaranki\u0161kas surinkimas,<br \/>\nSi\u016blome plat\u0173 bald\u0173 pasirinkim\u0105, skirt\u0105 pilnam nam\u0173 apstatymo sprendimui.<\/p>","protected":false},"excerpt":{"rendered":"<p>MATMENYS<br \/>\nIlgis \u2013 [cm] 160<br \/>\nIlgis i\u0161skleidus \u2013 [cm] 412<br \/>\nPlotis \u2013 [cm] 100<br \/>\n\u016agis \u2013 [cm] 75<br \/>\nSTATYBA<br \/>\nStalo tipas \u2013 i\u0161skleid\u017eiamas<br \/>\nPrat\u0119simo b\u016bdas \u2013 prailginamas<br \/>\nVir\u0161utin\u0117 forma \u2013 sta\u010diakamp\u0117<br \/>\nVir\u0161utinio pavir\u0161iaus tipas \u2013 MDF<br \/>\nVir\u0161utin\u0117 spalva \u2013 baltas marmuras<br \/>\nKojeli\u0173 tipas \u2013 MDF<br \/>\nKoj\u0173 spalva \u2013 blizgi juoda<br \/>\nSvoris \u2013 [kg] 170<\/p>","protected":false},"featured_media":192512,"comment_status":"open","ping_status":"open","template":"","meta":[],"product_brand":[],"product_cat":[9608,4774,1934],"product_tag":[],"class_list":{"0":"post-192511","1":"product","2":"type-product","3":"status-publish","4":"has-post-thumbnail","6":"product_cat-table-grande-hubertus","7":"product_cat-hubertus-design","8":"product_cat-tables","10":"first","11":"instock","12":"purchasable","13":"product-type-simple"},"_links":{"self":[{"href":"https:\/\/baldumarket.lt\/lt\/wp-json\/wp\/v2\/product\/192511","targetHints":{"allow":["GET"]}}],"collection":[{"href":"https:\/\/baldumarket.lt\/lt\/wp-json\/wp\/v2\/product"}],"about":[{"href":"https:\/\/baldumarket.lt\/lt\/wp-json\/wp\/v2\/types\/product"}],"replies":[{"embeddable":true,"href":"https:\/\/baldumarket.lt\/lt\/wp-json\/wp\/v2\/comments?post=192511"}],"wp:featuredmedia":[{"embeddable":true,"href":"https:\/\/baldumarket.lt\/lt\/wp-json\/wp\/v2\/media\/192512"}],"wp:attachment":[{"href":"https:\/\/baldumarket.lt\/lt\/wp-json\/wp\/v2\/media?parent=192511"}],"wp:term":[{"taxonomy":"product_brand","embeddable":true,"href":"https:\/\/baldumarket.lt\/lt\/wp-json\/wp\/v2\/product_brand?post=192511"},{"taxonomy":"product_cat","embeddable":true,"href":"https:\/\/baldumarket.lt\/lt\/wp-json\/wp\/v2\/product_cat?post=192511"},{"taxonomy":"product_tag","embeddable":true,"href":"https:\/\/baldumarket.lt\/lt\/wp-json\/wp\/v2\/product_tag?post=192511"}],"curies":[{"name":"wp","href":"https:\/\/api.w.org\/{rel}","templated":true}]}}