{"id":192507,"date":"2025-12-23T14:01:13","date_gmt":"2025-12-23T11:01:13","guid":{"rendered":"https:\/\/baldumarket.lt\/product\/stol-rozkladany-xenon-lux-160256x89-bialy-marmur-czarny-polysk\/"},"modified":"2026-02-14T12:38:54","modified_gmt":"2026-02-14T09:38:54","slug":"stol-rozkladany-xenon-lux-160256x89-bialy-marmur-czarny-polysk","status":"publish","type":"product","link":"https:\/\/baldumarket.lt\/lt\/product\/stol-rozkladany-xenon-lux-160256x89-bialy-marmur-czarny-polysk\/","title":{"rendered":"XENON LUX i\u0161skleid\u017eiamas stalas 160(256)x89 baltas marmuras\/juoda blizgi spalva"},"content":{"rendered":"<p>Eleganti\u0161kas XENON LUX i\u0161skleid\u017eiamas stalas 8 asmenims<br \/>\n\u201eXENON LUX\u201c i\u0161skleid\u017eiamas stalas \u2013 tai lenki\u0161kas gaminys, sukurtas moderniam ir eleganti\u0161kam interjerui su \u017eavingu stiliumi. Stalvir\u0161is pagamintas i\u0161 MDF plok\u0161t\u0117s, kurios pavir\u0161ius imituoja balt\u0105 marmur\u0105. Naudojant inovatyvi\u0105 skyst\u0173 polimerini\u0173 da\u017e\u0173 spausdinimo technologij\u0105, atspaudas ant lentos yra ap\u0161vitinamas UV LED lempomis, kurios polimerizuoja da\u017eus. Tai sukietina atspaud\u0105 ir padidina atsparum\u0105 \u012fbr\u0117\u017eimams bei UV spinduliams. I\u0161skirtinis X formos stalo pagrindas pagamintas i\u0161 juodos MDF plok\u0161t\u0117s, padengtos blizgiu akrilo kilim\u0117liu.<br \/>\n\u201eXENON LUX\u201c i\u0161traukiamas stalas turi sinchroninius rutulinius guolius, tod\u0117l j\u012f labai lengva i\u0161traukti. Traukiant vien\u0105 stalvir\u0161io pus\u0119, vienu metu i\u0161traukiama kita pus\u0117. Stalas turi du i\u0161traukiamus stalo prailginimus, tod\u0117l stal\u0105 galite pritaikyti pagal savo poreikius ir prie jo s\u0117din\u010di\u0173 \u017emoni\u0173 skai\u010di\u0173. Produkto savyb\u0117s<br \/>\nLenki\u0161kas produktas,<br \/>\nstalas pagamintas i\u0161 blizgios MDF plok\u0161t\u0117s,<br \/>\nvir\u0161us padengtas balt\u0105 marmur\u0105 imituojan\u010diu ra\u0161tu,<br \/>\nstalo kojos blizgios juodos spalvos,<br \/>\ni\u0161traukiamas stalvir\u0161is su dviem \u012fd\u0117klais, pasl\u0117ptais po stalvir\u0161iu,<br \/>\napr\u016bpintas sinchroniniais rutuliniais guoliais,<br \/>\nsavaranki\u0161kam surinkimui,<br \/>\nSi\u016blome plat\u0173 bald\u0173 pasirinkim\u0105, leid\u017eiant\u012f pilnai \u012frengti savo namus.<\/p>","protected":false},"excerpt":{"rendered":"<p>MATMENYS<br \/>\nIlgis \u2013 [cm] 160<br \/>\nIlgis i\u0161skleidus \u2013 [cm] 256<br \/>\nPlotis \u2013 [cm] 89<br \/>\n\u016agis \u2013 [cm] 75<br \/>\nSTATYBA<br \/>\nStalo tipas \u2013 i\u0161skleid\u017eiamas<br \/>\nPrat\u0119simo b\u016bdas \u2013 prailginamas<br \/>\nVir\u0161utin\u0117 forma \u2013 sta\u010diakamp\u0117<br \/>\nVir\u0161utinio pavir\u0161iaus tipas \u2013 MDF<br \/>\nVir\u0161utin\u0117 spalva \u2013 baltas marmuras<br \/>\nKojeli\u0173 tipas \u2013 MDF<br \/>\nKoj\u0173 spalva \u2013 blizgi juoda<br \/>\nSvoris \u2013 [kg] 98<\/p>","protected":false},"featured_media":192508,"comment_status":"open","ping_status":"open","template":"","meta":[],"product_brand":[],"product_cat":[9625,4774,1934],"product_tag":[],"class_list":{"0":"post-192507","1":"product","2":"type-product","3":"status-publish","4":"has-post-thumbnail","6":"product_cat-table-xenon-lux-hubertus","7":"product_cat-hubertus-design","8":"product_cat-tables","10":"first","11":"instock","12":"purchasable","13":"product-type-simple"},"_links":{"self":[{"href":"https:\/\/baldumarket.lt\/lt\/wp-json\/wp\/v2\/product\/192507","targetHints":{"allow":["GET"]}}],"collection":[{"href":"https:\/\/baldumarket.lt\/lt\/wp-json\/wp\/v2\/product"}],"about":[{"href":"https:\/\/baldumarket.lt\/lt\/wp-json\/wp\/v2\/types\/product"}],"replies":[{"embeddable":true,"href":"https:\/\/baldumarket.lt\/lt\/wp-json\/wp\/v2\/comments?post=192507"}],"wp:featuredmedia":[{"embeddable":true,"href":"https:\/\/baldumarket.lt\/lt\/wp-json\/wp\/v2\/media\/192508"}],"wp:attachment":[{"href":"https:\/\/baldumarket.lt\/lt\/wp-json\/wp\/v2\/media?parent=192507"}],"wp:term":[{"taxonomy":"product_brand","embeddable":true,"href":"https:\/\/baldumarket.lt\/lt\/wp-json\/wp\/v2\/product_brand?post=192507"},{"taxonomy":"product_cat","embeddable":true,"href":"https:\/\/baldumarket.lt\/lt\/wp-json\/wp\/v2\/product_cat?post=192507"},{"taxonomy":"product_tag","embeddable":true,"href":"https:\/\/baldumarket.lt\/lt\/wp-json\/wp\/v2\/product_tag?post=192507"}],"curies":[{"name":"wp","href":"https:\/\/api.w.org\/{rel}","templated":true}]}}