{"id":192500,"date":"2025-12-23T14:00:55","date_gmt":"2025-12-23T11:00:55","guid":{"rendered":"https:\/\/baldumarket.lt\/product\/stol-rozkladany-lorena-160260x89-bialy-polysk\/"},"modified":"2026-02-14T11:51:02","modified_gmt":"2026-02-14T08:51:02","slug":"stol-rozkladany-lorena-160260x89-bialy-polysk","status":"publish","type":"product","link":"https:\/\/baldumarket.lt\/lt\/product\/stol-rozkladany-lorena-160260x89-bialy-polysk\/","title":{"rendered":"LORENA i\u0161skleid\u017eiamas stalas 160(260)x89 baltas blizgus"},"content":{"rendered":"<p>Didelis, modernus LORENA i\u0161traukiamas stalas<br \/>\nI\u0161traukiamas stalas LORENA puikiai tinka ie\u0161kantiems \u012fdomaus dizaino ir auk\u0161tos kokyb\u0117s gamybos stalo, kuris tarnaus j\u0173 valgomajame ar svetain\u0117je ilgus metus. Stalas yra lenki\u0161kas produktas, pagamintas i\u0161 auk\u0161tos kokyb\u0117s MDF plok\u0161t\u0117s, padengtos PET pl\u0117vele, suteikian\u010dios jam blizgan\u010di\u0105, pana\u0161i\u0105 \u012f veidrod\u012f, apdail\u0105. Madinga ir nesenstanti balta spalva daro \u0161\u012f valgomojo stal\u0105 puikiai tinkan\u010diu bet kokiam interjerui. \u0160is modernus stalas turi koj\u0105, sudaryt\u0105 i\u0161 dviej\u0173 pla\u010di\u0173 kolon\u0173, tarp kuri\u0173 yra chromuoti vamzd\u017eiai, suteikiantys patraukl\u0173 akcent\u0105. \u0160io tipo pagrindas garantuoja auk\u0161t\u0105 konstrukcijos stabilum\u0105, o plastikiniai b\u0117geliai po pagrindu leid\u017eia lengvai jud\u0117ti. I\u0161traukiamas stalas LORENA turi sinchroninius rutulinius guolius, kurie pasi\u017eymi tyliu ir skland\u017eiu veikimu. Pagrindinis LORENA stalo privalumas yra du prailginimo \u012fd\u0117klai, laikomi po stalvir\u0161iu. Stalo i\u0161pl\u0117timas yra ne\u012ftik\u0117tinai paprastas: tiesiog patraukite stalvir\u0161\u012f i\u0161 vienos pus\u0117s, ir kita pus\u0117 i\u0161skleisis vienu metu. Produkto savyb\u0117s<br \/>\nLenki\u0161kas produktas,<br \/>\nstalas pagamintas i\u0161 MDF plok\u0161t\u0117s, padengtos auk\u0161tos kokyb\u0117s PET pl\u0117vele,<br \/>\nstalas, blizgios baltos spalvos,<br \/>\ndu i\u0161traukiami \u012fd\u0117klai, pasl\u0117pti po stalvir\u0161iu,<br \/>\nstalas turi sinchroninius rutulinius guolius,<br \/>\nreikalingas savaranki\u0161kas surinkimas,<br \/>\nSi\u016blome plat\u0173 bald\u0173 pasirinkim\u0105, kad gal\u0117tum\u0117te visapusi\u0161kai \u012fsirengti savo namus.<\/p>","protected":false},"excerpt":{"rendered":"<p>MATMENYS<br \/>\nIlgis \u2013 [cm] 160<br \/>\nIlgis i\u0161skleidus \u2013 [cm] 260<br \/>\nPlotis \u2013 [cm] 78<br \/>\n\u016agis \u2013 [cm] 75<br \/>\nSTATYBA<br \/>\nStalo tipas \u2013 i\u0161skleid\u017eiamas<br \/>\nPrat\u0119simo b\u016bdas \u2013 prailginamas<br \/>\nVir\u0161utin\u0117 forma \u2013 sta\u010diakamp\u0117<br \/>\nVir\u0161utinio pavir\u0161iaus tipas \u2013 MDF<br \/>\nVir\u0161utin\u0117 spalva \u2013 blizgi balta<br \/>\nKojeli\u0173 tipas \u2013 MDF<br \/>\nKoj\u0173 spalva \u2013 blizgi balta<br \/>\nSvoris \u2013 [kg] 90<\/p>","protected":false},"featured_media":192501,"comment_status":"open","ping_status":"open","template":"","meta":[],"product_brand":[],"product_cat":[9612,4774,1934],"product_tag":[],"class_list":{"0":"post-192500","1":"product","2":"type-product","3":"status-publish","4":"has-post-thumbnail","6":"product_cat-table-lorena-hubertus","7":"product_cat-hubertus-design","8":"product_cat-tables","10":"first","11":"instock","12":"purchasable","13":"product-type-simple"},"_links":{"self":[{"href":"https:\/\/baldumarket.lt\/lt\/wp-json\/wp\/v2\/product\/192500","targetHints":{"allow":["GET"]}}],"collection":[{"href":"https:\/\/baldumarket.lt\/lt\/wp-json\/wp\/v2\/product"}],"about":[{"href":"https:\/\/baldumarket.lt\/lt\/wp-json\/wp\/v2\/types\/product"}],"replies":[{"embeddable":true,"href":"https:\/\/baldumarket.lt\/lt\/wp-json\/wp\/v2\/comments?post=192500"}],"wp:featuredmedia":[{"embeddable":true,"href":"https:\/\/baldumarket.lt\/lt\/wp-json\/wp\/v2\/media\/192501"}],"wp:attachment":[{"href":"https:\/\/baldumarket.lt\/lt\/wp-json\/wp\/v2\/media?parent=192500"}],"wp:term":[{"taxonomy":"product_brand","embeddable":true,"href":"https:\/\/baldumarket.lt\/lt\/wp-json\/wp\/v2\/product_brand?post=192500"},{"taxonomy":"product_cat","embeddable":true,"href":"https:\/\/baldumarket.lt\/lt\/wp-json\/wp\/v2\/product_cat?post=192500"},{"taxonomy":"product_tag","embeddable":true,"href":"https:\/\/baldumarket.lt\/lt\/wp-json\/wp\/v2\/product_tag?post=192500"}],"curies":[{"name":"wp","href":"https:\/\/api.w.org\/{rel}","templated":true}]}}