{"id":192474,"date":"2025-12-23T13:59:21","date_gmt":"2025-12-23T10:59:21","guid":{"rendered":"https:\/\/baldumarket.lt\/product\/stol-rozkladany-bella-160256x89-bialy-polysk-czarny-polysk\/"},"modified":"2026-02-13T12:11:51","modified_gmt":"2026-02-13T09:11:51","slug":"stol-rozkladany-bella-160256x89-bialy-polysk-czarny-polysk","status":"publish","type":"product","link":"https:\/\/baldumarket.lt\/lt\/product\/stol-rozkladany-bella-160256x89-bialy-polysk-czarny-polysk\/","title":{"rendered":"BELLA i\u0161skleid\u017eiamas stalas 160(256)x89 blizgi balta\/blizgi juoda"},"content":{"rendered":"<p>Lenkijoje pagamintas BELLA i\u0161skleid\u017eiamas valgomojo stalas<br \/>\nBELLA i\u0161skleid\u017eiamas valgomojo stalas yra modernus valgomojo stalas, pasi\u017eymintis patraukliu dizainu ir madingomis, nesenstan\u010diomis spalvomis. Unikaliai suprojektuotas pagrindas, kuriame kojos susipina ir sukuria rafinuot\u0105 kompozicij\u0105, i\u0161skiria j\u012f i\u0161 kit\u0173 modeli\u0173. \u0160is dizainerio stalas pagamintas i\u0161 auk\u0161tos kokyb\u0117s MDF plok\u0161t\u0117s, padengtos akriliniu kilim\u0117liu, suteikian\u010diu jai blizgan\u010di\u0105, veidrodin\u0119 apdail\u0105. Plok\u0161t\u0117s privalumai: padid\u0117j\u0119s atsparumas \u012fbr\u0117\u017eimams, UV spinduliams ir atsparumas auk\u0161tai temperat\u016brai iki 100 \u00b0C. Gamintojas rekomenduoja stal\u0105 valyti lengvai sudr\u0117kinta mikropluo\u0161to \u0161luoste be plovikli\u0173. Stalas i\u0161ple\u010diamas iki 256 cm ilgio, naudojant du pridedamus prailginimus, kurie laikomi po stalvir\u0161iu. Pagrindinis stalo privalumas yra tai, kad j\u012f galima prailginti vienu arba dviem prailginimais, tod\u0117l galite j\u012f pritaikyti savo poreikiams. Visi\u0161kai i\u0161skleistame stale gali s\u0117sti apie 10 \u017emoni\u0173. BELLA i\u0161skleid\u017eiamas stalas turi sinchroninius b\u0117gelius, tod\u0117l stalo i\u0161skleidimas yra labai paprastas ir nesud\u0117tingas. Traukiant vien\u0105 stalvir\u0161io pus\u0119, vienu metu i\u0161ple\u010diama kita.<br \/>\nProdukto savyb\u0117s<br \/>\nLenki\u0161kas produktas,<br \/>\nStalas pagamintas i\u0161 MDF plok\u0161t\u0117s su blizgiu akriliniu kilim\u0117liu,<br \/>\nI\u0161traukiamas stalvir\u0161is su dviem \u012fd\u0117klais, pasl\u0117ptais po stalvir\u0161iu,<br \/>\n\u012erengti sinchroniniais rutuliniais guoliais,<br \/>\nReikalingas savaranki\u0161kas surinkimas,<br \/>\nSi\u016blome plat\u0173 bald\u0173 pasirinkim\u0105, skirt\u0105 pilnam nam\u0173 apstatymo sprendimui.<\/p>","protected":false},"excerpt":{"rendered":"<p>MATMENYS<br \/>\nIlgis \u2013 [cm] 160<br \/>\nPlotis \u2013 [cm] 89<br \/>\n\u016agis \u2013 [cm] 75<br \/>\nSTATYBA<br \/>\nStalo tipas \u2013 i\u0161skleid\u017eiamas<br \/>\nVir\u0161utin\u0117 forma \u2013 sta\u010diakamp\u0117<br \/>\nVir\u0161utinio pavir\u0161iaus tipas \u2013 MDF<br \/>\nVir\u0161utin\u0117 spalva \u2013 blizgi balta<br \/>\nKojeli\u0173 tipas \u2013 MDF<br \/>\nKoj\u0173 spalva \u2013 blizgi juoda<br \/>\nSvoris \u2013 [kg] 90<\/p>","protected":false},"featured_media":192475,"comment_status":"open","ping_status":"open","template":"","meta":[],"product_brand":[],"product_cat":[9599,4774,1934],"product_tag":[],"class_list":{"0":"post-192474","1":"product","2":"type-product","3":"status-publish","4":"has-post-thumbnail","6":"product_cat-table-bella-hubertus","7":"product_cat-hubertus-design","8":"product_cat-tables","10":"first","11":"instock","12":"purchasable","13":"product-type-simple"},"_links":{"self":[{"href":"https:\/\/baldumarket.lt\/lt\/wp-json\/wp\/v2\/product\/192474","targetHints":{"allow":["GET"]}}],"collection":[{"href":"https:\/\/baldumarket.lt\/lt\/wp-json\/wp\/v2\/product"}],"about":[{"href":"https:\/\/baldumarket.lt\/lt\/wp-json\/wp\/v2\/types\/product"}],"replies":[{"embeddable":true,"href":"https:\/\/baldumarket.lt\/lt\/wp-json\/wp\/v2\/comments?post=192474"}],"wp:featuredmedia":[{"embeddable":true,"href":"https:\/\/baldumarket.lt\/lt\/wp-json\/wp\/v2\/media\/192475"}],"wp:attachment":[{"href":"https:\/\/baldumarket.lt\/lt\/wp-json\/wp\/v2\/media?parent=192474"}],"wp:term":[{"taxonomy":"product_brand","embeddable":true,"href":"https:\/\/baldumarket.lt\/lt\/wp-json\/wp\/v2\/product_brand?post=192474"},{"taxonomy":"product_cat","embeddable":true,"href":"https:\/\/baldumarket.lt\/lt\/wp-json\/wp\/v2\/product_cat?post=192474"},{"taxonomy":"product_tag","embeddable":true,"href":"https:\/\/baldumarket.lt\/lt\/wp-json\/wp\/v2\/product_tag?post=192474"}],"curies":[{"name":"wp","href":"https:\/\/api.w.org\/{rel}","templated":true}]}}