{"id":192470,"date":"2025-12-23T13:59:10","date_gmt":"2025-12-23T10:59:10","guid":{"rendered":"https:\/\/baldumarket.lt\/product\/kontenerek-milano-bialy-polysk\/"},"modified":"2026-02-14T11:58:54","modified_gmt":"2026-02-14T08:58:54","slug":"kontenerek-milano-bialy-polysk","status":"publish","type":"product","link":"https:\/\/baldumarket.lt\/lt\/product\/kontenerek-milano-bialy-polysk\/","title":{"rendered":"MILANO indas, baltas blizgus"},"content":{"rendered":"<p>Trij\u0173 stal\u010di\u0173 MILANO biuro spintel\u0117<br \/>\nMILANO stovas puikiai tinka ne tik biuro patalpai, bet ir paauglio kambariui. Jame yra trys stal\u010diai, kurie puikiai tinka laikyti dokumentus ir darbo priemones, kurias visada norite tur\u0117ti po ranka. Svarbiausias stovo bruo\u017eas \u2013 ratukai, kurie leid\u017eia j\u012f lengvai perkelti. Stov\u0105 galite lengvai pastatyti po stalu, \u0161alia jo arba visi\u0161kai kitoje kambario vietoje. MILANO stovo korpusas pagamintas i\u0161 laminuotos MDF plok\u0161t\u0117s, o stal\u010di\u0173 fasadai \u2013 i\u0161 MDF plok\u0161t\u0117s, padengtos blizgiu akriliniu kilim\u0117liu. D\u0117l akrilinio kilim\u0117lio plok\u0161t\u0117 yra atsparesn\u0117 \u012fbr\u0117\u017eimams ir UV spinduliams. Gamintojas rekomenduoja valyti stov\u0105 dr\u0117gnu mikropluo\u0161to \u0161luoste be plovikli\u0173. Produkto savyb\u0117s<br \/>\nLenki\u0161kas produktas,<br \/>\nMetalinis konteineris, pagamintas i\u0161 MDF plok\u0161t\u0117s,<br \/>\nStal\u010di\u0173 fasadai padengti blizgiu akriliniu kilim\u0117liu,<br \/>\nMetalinis konteinerio korpusas pagamintas i\u0161 neblizgan\u010dios laminuotos MDF plok\u0161t\u0117s,<br \/>\nTrys prakti\u0161ki stal\u010diai dokumentams,<br \/>\nMetalinis konteineris ant ratuk\u0173,<br \/>\nSi\u016blome plat\u0173 bald\u0173 pasirinkim\u0105, skirt\u0105 pilnam nam\u0173 apstatymo sprendimui.<\/p>","protected":false},"excerpt":{"rendered":"<p>MATMENYS<br \/>\n\u016agis \u2013 [cm] 56,6<br \/>\nPlotis \u2013 [cm] 42<br \/>\nGylis \u2013 [cm] 48,8<br \/>\nSTATYBA<br \/>\nMed\u017eiagos tipas \u2013 MDF plok\u0161t\u0117<br \/>\nSpalva \u2013 blizgi balta<\/p>","protected":false},"featured_media":192471,"comment_status":"open","ping_status":"open","template":"","meta":[],"product_brand":[],"product_cat":[9614,9120,4774],"product_tag":[],"class_list":{"0":"post-192470","1":"product","2":"type-product","3":"status-publish","4":"has-post-thumbnail","6":"product_cat-furniture-system-milano-hubertus","7":"product_cat-cabinets","8":"product_cat-hubertus-design","10":"first","11":"instock","12":"purchasable","13":"product-type-simple"},"_links":{"self":[{"href":"https:\/\/baldumarket.lt\/lt\/wp-json\/wp\/v2\/product\/192470","targetHints":{"allow":["GET"]}}],"collection":[{"href":"https:\/\/baldumarket.lt\/lt\/wp-json\/wp\/v2\/product"}],"about":[{"href":"https:\/\/baldumarket.lt\/lt\/wp-json\/wp\/v2\/types\/product"}],"replies":[{"embeddable":true,"href":"https:\/\/baldumarket.lt\/lt\/wp-json\/wp\/v2\/comments?post=192470"}],"wp:featuredmedia":[{"embeddable":true,"href":"https:\/\/baldumarket.lt\/lt\/wp-json\/wp\/v2\/media\/192471"}],"wp:attachment":[{"href":"https:\/\/baldumarket.lt\/lt\/wp-json\/wp\/v2\/media?parent=192470"}],"wp:term":[{"taxonomy":"product_brand","embeddable":true,"href":"https:\/\/baldumarket.lt\/lt\/wp-json\/wp\/v2\/product_brand?post=192470"},{"taxonomy":"product_cat","embeddable":true,"href":"https:\/\/baldumarket.lt\/lt\/wp-json\/wp\/v2\/product_cat?post=192470"},{"taxonomy":"product_tag","embeddable":true,"href":"https:\/\/baldumarket.lt\/lt\/wp-json\/wp\/v2\/product_tag?post=192470"}],"curies":[{"name":"wp","href":"https:\/\/api.w.org\/{rel}","templated":true}]}}