{"id":192467,"date":"2025-12-23T13:58:59","date_gmt":"2025-12-23T10:58:59","guid":{"rendered":"https:\/\/baldumarket.lt\/product\/lawa-xenon-mini-mat-120x60-biala\/"},"modified":"2026-02-14T12:46:09","modified_gmt":"2026-02-14T09:46:09","slug":"lawa-xenon-mini-mat-120x60-biala","status":"publish","type":"product","link":"https:\/\/baldumarket.lt\/lt\/product\/lawa-xenon-mini-mat-120x60-biala\/","title":{"rendered":"XENON MINI MAT kavos staliukas 120&#215;60 baltas"},"content":{"rendered":"<p>XENON MINI MAT kavos staliukas su matiniu stalvir\u0161iu<br \/>\n\u201eXENON MINI MAT\u201c kavos staliukas \u2013 tai modernus Lenkijos \u012fmon\u0117s \u201eHUBERTUS\u201c svetain\u0117s kavos staliukas. Jis \u017eavi unikaliu pagrindo dizainu ir specialios folijos, suteikian\u010dios stalvir\u0161iui ir pagrindui matin\u012f atspalv\u012f, panaudojimu. Visa kavos staliuko konstrukcija pagaminta i\u0161 auk\u0161tos kokyb\u0117s MDF plok\u0161t\u0117s, kuri v\u0117liau padengta folija \u2013 matine vir\u0161umi ir pagrindu, o kojel\u0117mis \u2013 blizgiu akrilu. Folija apsaugo staliuk\u0105 nuo \u012fbr\u0117\u017eim\u0173 ir UV spinduli\u0173. Tai u\u017etikrina, kad kavos staliukas atrodyt\u0173 gra\u017eiai ir i\u0161laikyt\u0173 originali\u0105 spalv\u0105 net ir esant intensyviam saul\u0117s spinduli\u0173 poveikiui. Folija taip pat palengvina valym\u0105.<br \/>\nKavos staliukas \u2013 b\u016btinas baldas bet kurioje svetain\u0117je. Jis prakti\u0161kas \u2013 ant jo galima pad\u0117ti puodel\u012f, knyg\u0105, nuotolinio valdymo pult\u0105 ar ne\u0161iojam\u0105j\u012f kompiuter\u012f ir u\u017ekand\u017eius, kai ilsit\u0117s ant sofos. Jis taip pat suteikia dekoratyvumo ir papildo svetain\u0117s interjer\u0105, tod\u0117l yra b\u016btinas baldas. Modernus XENON MINI MAT kavos staliukas yra keli\u0173 spalv\u0173: visi\u0161kai baltas, taip pat versijos su pilku, juodu arba \u0161viesiai pilku stalvir\u0161iu ir pagrindu bei balta koja. \u0160ie spalv\u0173 deriniai ne tik puikiai atrodo avangardiniuose butuose, biuruose ar darbo kambariuose, bet ir yra nesenstantys bei visada madingi.<br \/>\nProdukto savyb\u0117s<br \/>\nGra\u017eus, modernus kavos staliukas svetainei,<br \/>\nMDF konstrukcija,<br \/>\nVir\u0161us ir pagrindas padengti matine folija,<br \/>\nKavos staliuko koja, padengta blizgia akrilo folija,<br \/>\nDidelis stalvir\u0161is, kurio matmenys \u2013 120 \u00d7 60 cm,<br \/>\nNe\u012fprastas pagrindas,<br \/>\nGalimi keli skirtingi spalv\u0173 deriniai,<br \/>\nReikalingas savaranki\u0161kas surinkimas.<br \/>\nSi\u016blome plat\u0173 bald\u0173 pasirinkim\u0105, skirt\u0105 pilnam nam\u0173 apstatymo sprendimui.<\/p>","protected":false},"excerpt":{"rendered":"<p>MATMENYS<br \/>\n\u016agis \u2013 [cm] 49<br \/>\nIlgis \u2013 [cm] 120<br \/>\nPlotis \u2013 [cm] 60<br \/>\nSTATYBA<br \/>\nKavos staliuko tipas \u2013 nei\u0161traukiamas<br \/>\nVir\u0161utin\u0117 forma \u2013 sta\u010diakamp\u0117<br \/>\nVir\u0161utinio dang\u010dio tipas \u2013 MDF<br \/>\nVir\u0161utin\u0117 vir\u0161utin\u0117 spalva \u2013 balta<br \/>\nKojeli\u0173 tipas \u2013 MDF<br \/>\nKoj\u0173 spalva \u2013 balta<\/p>","protected":false},"featured_media":192468,"comment_status":"open","ping_status":"open","template":"","meta":[],"product_brand":[],"product_cat":[9627,866,4774],"product_tag":[],"class_list":{"0":"post-192467","1":"product","2":"type-product","3":"status-publish","4":"has-post-thumbnail","6":"product_cat-table-xenon-mat-hubertus","7":"product_cat-coffee-tables","8":"product_cat-hubertus-design","10":"first","11":"instock","12":"purchasable","13":"product-type-simple"},"_links":{"self":[{"href":"https:\/\/baldumarket.lt\/lt\/wp-json\/wp\/v2\/product\/192467","targetHints":{"allow":["GET"]}}],"collection":[{"href":"https:\/\/baldumarket.lt\/lt\/wp-json\/wp\/v2\/product"}],"about":[{"href":"https:\/\/baldumarket.lt\/lt\/wp-json\/wp\/v2\/types\/product"}],"replies":[{"embeddable":true,"href":"https:\/\/baldumarket.lt\/lt\/wp-json\/wp\/v2\/comments?post=192467"}],"wp:featuredmedia":[{"embeddable":true,"href":"https:\/\/baldumarket.lt\/lt\/wp-json\/wp\/v2\/media\/192468"}],"wp:attachment":[{"href":"https:\/\/baldumarket.lt\/lt\/wp-json\/wp\/v2\/media?parent=192467"}],"wp:term":[{"taxonomy":"product_brand","embeddable":true,"href":"https:\/\/baldumarket.lt\/lt\/wp-json\/wp\/v2\/product_brand?post=192467"},{"taxonomy":"product_cat","embeddable":true,"href":"https:\/\/baldumarket.lt\/lt\/wp-json\/wp\/v2\/product_cat?post=192467"},{"taxonomy":"product_tag","embeddable":true,"href":"https:\/\/baldumarket.lt\/lt\/wp-json\/wp\/v2\/product_tag?post=192467"}],"curies":[{"name":"wp","href":"https:\/\/api.w.org\/{rel}","templated":true}]}}