{"id":192458,"date":"2025-12-23T13:58:42","date_gmt":"2025-12-23T10:58:42","guid":{"rendered":"https:\/\/baldumarket.lt\/product\/lawa-xenon-mini-mat-120x60-szara-biala\/"},"modified":"2026-02-14T12:46:37","modified_gmt":"2026-02-14T09:46:37","slug":"lawa-xenon-mini-mat-120x60-szara-biala","status":"publish","type":"product","link":"https:\/\/baldumarket.lt\/lt\/product\/lawa-xenon-mini-mat-120x60-szara-biala\/","title":{"rendered":"XENON MINI MAT kavos staliukas 120\u00d760 pilkas\/baltas"},"content":{"rendered":"<p>Avangardinis XENON MINI MAT kavos staliukas su matiniu stalvir\u0161iu<br \/>\n\u201eXENON MINI MAT\u201c kavos staliukas \u2013 tai sensacingas Lenkijos \u012fmon\u0117s \u201eHUBERTUS\u201c sukurtas kavos staliukas. Unikalus jo pagrindo dizainas, primenantis raid\u0119 X, pagamintas i\u0161 auk\u0161tos kokyb\u0117s, patvarios MDF plok\u0161t\u0117s, padengtos folija. Staliuko vir\u0161us ir pagrindas padengti matine folija, o eleganti\u0161ka koja \u2013 blizgia akrilo folija. Folija puikiai apsaugo staliuk\u0105 nuo \u012fbr\u0117\u017eim\u0173 ir UV spinduli\u0173, tod\u0117l jis i\u0161laiko savo spalv\u0105 net ir po ilgalaikio saul\u0117s spinduli\u0173 poveikio. Folija taip pat leid\u017eia staliuk\u0105 nepaprastai lengvai pri\u017ei\u016br\u0117ti. Modernus \u201eXENON MINI MAT\u201c kavos staliukas yra \u012fvairi\u0173 spalv\u0173: visi\u0161kai baltas, taip pat su pilku, juodu arba \u0161viesiai pilku stalvir\u0161iu ir pagrindu bei baltomis kojel\u0117mis. Produkto savyb\u0117s<br \/>\nGra\u017eus, modernus kavos staliukas svetainei,<br \/>\nMDF konstrukcija,<br \/>\nVir\u0161us ir pagrindas padengti matine folija,<br \/>\nKavos staliuko koja, padengta blizgia akrilo folija,<br \/>\nDidelis stalvir\u0161is, kurio matmenys \u2013 120 \u00d7 60 cm,<br \/>\nNe\u012fprastas pagrindas,<br \/>\nGalimyb\u0117 rinktis i\u0161 keli\u0173 skirting\u0173 spalv\u0173 derini\u0173,<br \/>\nReikalingas savaranki\u0161kas surinkimas.<br \/>\nSi\u016blome plat\u0173 bald\u0173 pasirinkim\u0105, leid\u017eiant\u012f pilnai \u012frengti savo namus.<\/p>","protected":false},"excerpt":{"rendered":"<p>MATMENYS<br \/>\n\u016agis \u2013 [cm] 49<br \/>\nIlgis \u2013 [cm] 120<br \/>\nPlotis \u2013 [cm] 60<br \/>\nSTATYBA<br \/>\nKavos staliuko tipas \u2013 nei\u0161traukiamas<br \/>\nVir\u0161utin\u0117 forma \u2013 sta\u010diakamp\u0117<br \/>\nVir\u0161utinio dang\u010dio tipas \u2013 MDF<br \/>\nVir\u0161utin\u0117 vir\u0161utin\u0117 spalva \u2013 pilka<br \/>\nKojeli\u0173 tipas \u2013 MDF<br \/>\nKoj\u0173 spalva \u2013 balta<\/p>","protected":false},"featured_media":192459,"comment_status":"open","ping_status":"open","template":"","meta":[],"product_brand":[],"product_cat":[9626,866,4774],"product_tag":[],"class_list":{"0":"post-192458","1":"product","2":"type-product","3":"status-publish","4":"has-post-thumbnail","6":"product_cat-table-xenon-mini","7":"product_cat-coffee-tables","8":"product_cat-hubertus-design","10":"first","11":"instock","12":"purchasable","13":"product-type-simple"},"_links":{"self":[{"href":"https:\/\/baldumarket.lt\/lt\/wp-json\/wp\/v2\/product\/192458","targetHints":{"allow":["GET"]}}],"collection":[{"href":"https:\/\/baldumarket.lt\/lt\/wp-json\/wp\/v2\/product"}],"about":[{"href":"https:\/\/baldumarket.lt\/lt\/wp-json\/wp\/v2\/types\/product"}],"replies":[{"embeddable":true,"href":"https:\/\/baldumarket.lt\/lt\/wp-json\/wp\/v2\/comments?post=192458"}],"wp:featuredmedia":[{"embeddable":true,"href":"https:\/\/baldumarket.lt\/lt\/wp-json\/wp\/v2\/media\/192459"}],"wp:attachment":[{"href":"https:\/\/baldumarket.lt\/lt\/wp-json\/wp\/v2\/media?parent=192458"}],"wp:term":[{"taxonomy":"product_brand","embeddable":true,"href":"https:\/\/baldumarket.lt\/lt\/wp-json\/wp\/v2\/product_brand?post=192458"},{"taxonomy":"product_cat","embeddable":true,"href":"https:\/\/baldumarket.lt\/lt\/wp-json\/wp\/v2\/product_cat?post=192458"},{"taxonomy":"product_tag","embeddable":true,"href":"https:\/\/baldumarket.lt\/lt\/wp-json\/wp\/v2\/product_tag?post=192458"}],"curies":[{"name":"wp","href":"https:\/\/api.w.org\/{rel}","templated":true}]}}