{"id":192455,"date":"2025-12-23T13:58:30","date_gmt":"2025-12-23T10:58:30","guid":{"rendered":"https:\/\/baldumarket.lt\/product\/lawa-xenon-mini-mat-120x60-czarna-biala\/"},"modified":"2026-02-14T12:46:37","modified_gmt":"2026-02-14T09:46:37","slug":"lawa-xenon-mini-mat-120x60-czarna-biala","status":"publish","type":"product","link":"https:\/\/baldumarket.lt\/lt\/product\/lawa-xenon-mini-mat-120x60-czarna-biala\/","title":{"rendered":"XENON MINI MAT kavos staliukas 120&#215;60 juodas\/baltas"},"content":{"rendered":"<p>Nuostabus XENON MINI MAT kavos staliukas su matiniu stalvir\u0161iu<br \/>\n\u201eXENON MINI MAT\u201c kavos staliukas \u2013 tai kavos staliuko modelis, kuris d\u017eiugins auk\u0161tos kokyb\u0117s med\u017eiag\u0173 ir dizainerio i\u0161vaizdos deriniu. J\u012f suk\u016br\u0117 lenk\u0173 prek\u0117s \u017eenklas \u201eHubertus\u201c, kuris u\u017etikrina, kad jo gaminiai yra pagaminti su did\u017eiausiu kruop\u0161tumu ir d\u0117mesiu detal\u0117ms. Visas baldas pagamintas i\u0161 auk\u0161tos kokyb\u0117s MDF plok\u0161t\u0117s. Be to, kavos staliukas yra apsaugotas dviej\u0173 tip\u0173 folija: vir\u0161us yra matin\u0117s pl\u0117vel\u0117s, o kry\u017eiaus formos pagrindas \u2013 akrilin\u0117s pl\u0117vel\u0117s. Matin\u0117s ir blizgios spalvos derinys sukuria labai modern\u0173 dizain\u0105, kuris \u017eavi elegancija ir klase. Be to, folija apsaugo nuo \u012fbr\u0117\u017eim\u0173, mechanini\u0173 pa\u017eeidim\u0173, dr\u0117gm\u0117s ir saul\u0117s spinduli\u0173, tod\u0117l j\u012f galima naudoti saul\u0117toje vietoje, nebijant spalvos i\u0161blukimo. Folija taip pat palengvina bald\u0173 valym\u0105. Modernus \u201eXENON MINI MAT\u201c kavos staliukas yra keli\u0173 spalv\u0173: visi\u0161kai baltas, taip pat versijos su pilku, juodu ir \u0161viesiai pilku vir\u0161umi bei pagrindu ir baltomis kojel\u0117mis. Produkto savyb\u0117s<br \/>\nGra\u017eus, modernus kavos staliukas svetainei.<br \/>\nKonstrukcija pagaminta i\u0161 MDF plok\u0161t\u0117s.<br \/>\nVir\u0161us ir pagrindas padengti matine folija.<br \/>\nKavos staliuko koja, padengta blizgia akrilo folija.<br \/>\nDidelis stalvir\u0161is, 120 \u00d7 60 cm.<br \/>\nNe\u012fprastas pagrindas.<br \/>\nKeli\u0173 skirting\u0173 spalv\u0173 derini\u0173 pasirinkimas.<br \/>\nReikalingas savaranki\u0161kas surinkimas.<br \/>\nSi\u016blome plat\u0173 bald\u0173 pasirinkim\u0105, kad gal\u0117tum\u0117te pilnai \u012frengti savo namus.<\/p>","protected":false},"excerpt":{"rendered":"<p>MATMENYS<br \/>\n\u016agis \u2013 [cm] 49<br \/>\nIlgis \u2013 [cm] 120<br \/>\nPlotis \u2013 [cm] 60<br \/>\nSTATYBA<br \/>\nKavos staliuko tipas \u2013 nei\u0161traukiamas<br \/>\nVir\u0161utin\u0117 forma \u2013 sta\u010diakamp\u0117<br \/>\nVir\u0161utinio dang\u010dio tipas \u2013 MDF<br \/>\nVir\u0161utin\u0117s dalies spalva \u2013 juoda<br \/>\nKojeli\u0173 tipas \u2013 MDF<br \/>\nKoj\u0173 spalva \u2013 balta<\/p>","protected":false},"featured_media":192456,"comment_status":"open","ping_status":"open","template":"","meta":[],"product_brand":[],"product_cat":[9626,866,4774],"product_tag":[],"class_list":{"0":"post-192455","1":"product","2":"type-product","3":"status-publish","4":"has-post-thumbnail","6":"product_cat-table-xenon-mini","7":"product_cat-coffee-tables","8":"product_cat-hubertus-design","10":"first","11":"instock","12":"purchasable","13":"product-type-simple"},"_links":{"self":[{"href":"https:\/\/baldumarket.lt\/lt\/wp-json\/wp\/v2\/product\/192455","targetHints":{"allow":["GET"]}}],"collection":[{"href":"https:\/\/baldumarket.lt\/lt\/wp-json\/wp\/v2\/product"}],"about":[{"href":"https:\/\/baldumarket.lt\/lt\/wp-json\/wp\/v2\/types\/product"}],"replies":[{"embeddable":true,"href":"https:\/\/baldumarket.lt\/lt\/wp-json\/wp\/v2\/comments?post=192455"}],"wp:featuredmedia":[{"embeddable":true,"href":"https:\/\/baldumarket.lt\/lt\/wp-json\/wp\/v2\/media\/192456"}],"wp:attachment":[{"href":"https:\/\/baldumarket.lt\/lt\/wp-json\/wp\/v2\/media?parent=192455"}],"wp:term":[{"taxonomy":"product_brand","embeddable":true,"href":"https:\/\/baldumarket.lt\/lt\/wp-json\/wp\/v2\/product_brand?post=192455"},{"taxonomy":"product_cat","embeddable":true,"href":"https:\/\/baldumarket.lt\/lt\/wp-json\/wp\/v2\/product_cat?post=192455"},{"taxonomy":"product_tag","embeddable":true,"href":"https:\/\/baldumarket.lt\/lt\/wp-json\/wp\/v2\/product_tag?post=192455"}],"curies":[{"name":"wp","href":"https:\/\/api.w.org\/{rel}","templated":true}]}}