{"id":192452,"date":"2025-12-23T13:58:19","date_gmt":"2025-12-23T10:58:19","guid":{"rendered":"https:\/\/baldumarket.lt\/product\/lawa-xenon-mini-mat-120x60-jasno-szara-biala\/"},"modified":"2026-02-14T12:46:37","modified_gmt":"2026-02-14T09:46:37","slug":"lawa-xenon-mini-mat-120x60-jasno-szara-biala","status":"publish","type":"product","link":"https:\/\/baldumarket.lt\/lt\/product\/lawa-xenon-mini-mat-120x60-jasno-szara-biala\/","title":{"rendered":"XENON MINI MAT kavos staliukas 120&#215;60 \u0161viesiai pilkas\/baltas"},"content":{"rendered":"<p>Modernus XENON MINI MAT kavos staliukas su avangardiniu pagrindu<br \/>\n\u201eXENON MINI MAT\u201c kavos staliukas \u2013 tai modernus svetain\u0117s kavos staliukas, sukurtas Lenkijos \u012fmon\u0117s \u201eHUBERTUS\u201c. \u0160is i\u0161skirtinai stilingas interjero dizaino elementas \u017eavi originaliu, \u0161iek tiek avangardiniu X formos pagrindu. Visa kavos staliuko konstrukcija pagaminta i\u0161 auk\u0161tos kokyb\u0117s MDF plok\u0161t\u0117s, kuri v\u0117liau padengta apsaugine pl\u0117vele, garantuojan\u010dia apsaug\u0105 nuo \u012fbr\u0117\u017eim\u0173, pa\u017eeidim\u0173 ir UV spinduli\u0173, tod\u0117l j\u012f galima pastatyti saul\u0117toje svetain\u0117je nebijant spalvos i\u0161blukimo. Matinio stalvir\u0161io ir blizgaus pagrindo derinys sukuria i\u0161skirtinai modern\u0173 dizain\u0105, kuris puikiai dera prie \u0161iuolaikinio interjero dizaino. Pl\u0117vel\u0117 taip pat leid\u017eia j\u012f lengvai valyti. Modernus \u201eXENON MINI MAT\u201c kavos staliukas yra keli\u0173 spalv\u0173: visi\u0161kai baltas, taip pat versijos su pilku, juodu arba \u0161viesiai pilku stalvir\u0161iu ir pagrindu bei balta koja. Produkto savyb\u0117s<br \/>\nGra\u017eus, modernus kavos staliukas svetainei,<br \/>\nMDF konstrukcija,<br \/>\nVir\u0161us ir pagrindas padengti matine folija,<br \/>\nKavos staliuko koja, padengta blizgia akrilo folija,<br \/>\nDidelis stalvir\u0161is, kurio matmenys \u2013 120 \u00d7 60 cm,<br \/>\nNe\u012fprastas pagrindas,<br \/>\nGalimyb\u0117 rinktis i\u0161 keli\u0173 skirting\u0173 spalv\u0173 derini\u0173,<br \/>\nReikalingas savaranki\u0161kas surinkimas.<br \/>\nSi\u016blome plat\u0173 bald\u0173 pasirinkim\u0105, leid\u017eiant\u012f pilnai \u012frengti savo namus.<\/p>","protected":false},"excerpt":{"rendered":"<p>MATMENYS<br \/>\n\u016agis \u2013 [cm] 49<br \/>\nIlgis \u2013 [cm] 120<br \/>\nPlotis \u2013 [cm] 60<br \/>\nSTATYBA<br \/>\nKavos staliuko tipas \u2013 nei\u0161traukiamas<br \/>\nVir\u0161utin\u0117 forma \u2013 sta\u010diakamp\u0117<br \/>\nVir\u0161utinio dang\u010dio tipas \u2013 MDF<br \/>\nVir\u0161utin\u0117s dalies spalva \u2013 \u0161viesiai pilka<br \/>\nKojeli\u0173 tipas \u2013 MDF<br \/>\nKoj\u0173 spalva \u2013 balta<\/p>","protected":false},"featured_media":192453,"comment_status":"open","ping_status":"open","template":"","meta":[],"product_brand":[],"product_cat":[9626,866,4774],"product_tag":[],"class_list":{"0":"post-192452","1":"product","2":"type-product","3":"status-publish","4":"has-post-thumbnail","6":"product_cat-table-xenon-mini","7":"product_cat-coffee-tables","8":"product_cat-hubertus-design","10":"first","11":"instock","12":"purchasable","13":"product-type-simple"},"_links":{"self":[{"href":"https:\/\/baldumarket.lt\/lt\/wp-json\/wp\/v2\/product\/192452","targetHints":{"allow":["GET"]}}],"collection":[{"href":"https:\/\/baldumarket.lt\/lt\/wp-json\/wp\/v2\/product"}],"about":[{"href":"https:\/\/baldumarket.lt\/lt\/wp-json\/wp\/v2\/types\/product"}],"replies":[{"embeddable":true,"href":"https:\/\/baldumarket.lt\/lt\/wp-json\/wp\/v2\/comments?post=192452"}],"wp:featuredmedia":[{"embeddable":true,"href":"https:\/\/baldumarket.lt\/lt\/wp-json\/wp\/v2\/media\/192453"}],"wp:attachment":[{"href":"https:\/\/baldumarket.lt\/lt\/wp-json\/wp\/v2\/media?parent=192452"}],"wp:term":[{"taxonomy":"product_brand","embeddable":true,"href":"https:\/\/baldumarket.lt\/lt\/wp-json\/wp\/v2\/product_brand?post=192452"},{"taxonomy":"product_cat","embeddable":true,"href":"https:\/\/baldumarket.lt\/lt\/wp-json\/wp\/v2\/product_cat?post=192452"},{"taxonomy":"product_tag","embeddable":true,"href":"https:\/\/baldumarket.lt\/lt\/wp-json\/wp\/v2\/product_tag?post=192452"}],"curies":[{"name":"wp","href":"https:\/\/api.w.org\/{rel}","templated":true}]}}